{"id":6141,"date":"2023-06-09T19:41:40","date_gmt":"2023-06-09T17:41:40","guid":{"rendered":"https:\/\/tg-schierstein.de\/?page_id=6141"},"modified":"2023-06-20T08:49:04","modified_gmt":"2023-06-20T06:49:04","slug":"sportabzeichen","status":"publish","type":"page","link":"https:\/\/tg-schierstein.de\/?page_id=6141","title":{"rendered":"Sportabzeichen"},"content":{"rendered":"<div  class='flex_column av-2vursd-9ca985537cae2ddbc36d441234e44607 av_one_full  avia-builder-el-0  el_before_av_two_third  avia-builder-el-first  first flex_column_div  '     ><style type=\"text\/css\" data-created_by=\"avia_inline_auto\" id=\"style-css-av-liow7o11-112eaa6fa14d67c06ce438cee73ac3bf\">\n#top .av-special-heading.av-liow7o11-112eaa6fa14d67c06ce438cee73ac3bf{\npadding-bottom:10px;\n}\nbody .av-special-heading.av-liow7o11-112eaa6fa14d67c06ce438cee73ac3bf .av-special-heading-tag .heading-char{\nfont-size:25px;\n}\n.av-special-heading.av-liow7o11-112eaa6fa14d67c06ce438cee73ac3bf .av-subheading{\nfont-size:15px;\n}\n<\/style>\n<div  class='av-special-heading av-liow7o11-112eaa6fa14d67c06ce438cee73ac3bf av-special-heading-h3  avia-builder-el-1  avia-builder-el-no-sibling '><h3 class='av-special-heading-tag '  itemprop=\"headline\"  >Jetzt auch bei uns !<\/h3><div class=\"special-heading-border\"><div class=\"special-heading-inner-border\"><\/div><\/div><\/div><\/div>\n\n<style type=\"text\/css\" data-created_by=\"avia_inline_auto\" id=\"style-css-av-ldrkw7-0b9b44cd63fddc7978cf361c560afe9f\">\n.flex_column.av-ldrkw7-0b9b44cd63fddc7978cf361c560afe9f{\nborder-radius:0px 0px 0px 0px;\npadding:0px 0px 0px 0px;\n}\n<\/style>\n<div  class='flex_column av-ldrkw7-0b9b44cd63fddc7978cf361c560afe9f av_two_third  avia-builder-el-2  el_after_av_one_full  el_before_av_one_third  first flex_column_div av-zero-column-padding  column-top-margin'     ><p>\n<style type=\"text\/css\" data-created_by=\"avia_inline_auto\" id=\"style-css-av-liov2yzz-59c9a030a59c3783241892cce4cc0a4a\">\n@keyframes av_boxShadowEffect_av-liov2yzz-59c9a030a59c3783241892cce4cc0a4a {\n0%   { box-shadow:  0 0 0 0 ; opacity: 1; }\n100% { box-shadow:  0 0 10px 0 ; opacity: 1; }\n}\n.avia-image-container.av-liov2yzz-59c9a030a59c3783241892cce4cc0a4a img.avia_image{\nbox-shadow: 0 0 10px 0 ;\n}\n.avia-image-container.av-liov2yzz-59c9a030a59c3783241892cce4cc0a4a .av-image-caption-overlay-center{\ncolor:#ffffff;\n}\n<\/style>\n<div  class='avia-image-container av-liov2yzz-59c9a030a59c3783241892cce4cc0a4a av-styling- avia-align-center  avia-builder-el-3  el_before_av_hr  avia-builder-el-first  av-img-box-shadow av-box-shadow-not-animated'   itemprop=\"image\" itemscope=\"itemscope\" itemtype=\"https:\/\/schema.org\/ImageObject\" ><div class=\"avia-image-container-inner\"><div class=\"avia-image-overlay-wrap\"><img decoding=\"async\" fetchpriority=\"high\" class='wp-image-6146 avia-img-lazy-loading-not-6146 avia_image shadow-not-animated' src=\"https:\/\/tg-schierstein.de\/wp-content\/uploads\/2023\/06\/Symbolbild-Sportabzeichen-Weitsprung-705x501.jpg\" alt='' title='Symbolbild-Sportabzeichen-Weitsprung'  height=\"501\" width=\"705\"  itemprop=\"thumbnailUrl\" srcset=\"https:\/\/tg-schierstein.de\/wp-content\/uploads\/2023\/06\/Symbolbild-Sportabzeichen-Weitsprung-705x501.jpg 705w, https:\/\/tg-schierstein.de\/wp-content\/uploads\/2023\/06\/Symbolbild-Sportabzeichen-Weitsprung-300x213.jpg 300w, https:\/\/tg-schierstein.de\/wp-content\/uploads\/2023\/06\/Symbolbild-Sportabzeichen-Weitsprung-1024x728.jpg 1024w, https:\/\/tg-schierstein.de\/wp-content\/uploads\/2023\/06\/Symbolbild-Sportabzeichen-Weitsprung-768x546.jpg 768w, https:\/\/tg-schierstein.de\/wp-content\/uploads\/2023\/06\/Symbolbild-Sportabzeichen-Weitsprung-260x185.jpg 260w, https:\/\/tg-schierstein.de\/wp-content\/uploads\/2023\/06\/Symbolbild-Sportabzeichen-Weitsprung.jpg 1500w\" sizes=\"(max-width: 705px) 100vw, 705px\" \/><\/div><\/div><\/div><br \/>\n\n<style type=\"text\/css\" data-created_by=\"avia_inline_auto\" id=\"style-css-av-liov4d30-68d2bdc2782d264455e8d282b2c47977\">\n#top .hr.hr-invisible.av-liov4d30-68d2bdc2782d264455e8d282b2c47977{\nheight:50px;\n}\n<\/style>\n<div  class='hr av-liov4d30-68d2bdc2782d264455e8d282b2c47977 hr-invisible  avia-builder-el-4  el_after_av_image  el_before_av_image '><span class='hr-inner '><span class=\"hr-inner-style\"><\/span><\/span><\/div><br \/>\n<br \/>\n<section  class='av_textblock_section av-l0xtryms-c5f692dfffdfa50b1a4c977ed873c27b '   itemscope=\"itemscope\" itemtype=\"https:\/\/schema.org\/CreativeWork\" ><div class='avia_textblock'  itemprop=\"text\" ><div class=\"et_pb_with_border et_pb_module et_pb_blurb et_pb_blurb_1 et_pb_text_align_left et_pb_blurb_position_left et_pb_bg_layout_light\">\n<div class=\"et_pb_blurb_content\">\n<div class=\"et_pb_blurb_container\">\n<h3>Hinweis<\/h3>\n<ul>\n<li>Es kann jede Person teilnehmen, mit und ohne Vereinsmitgliedschaft<\/li>\n<li>Wir bitten um Voranmeldung<\/li>\n<\/ul>\n<\/div>\n<hr \/>\n<div class=\"et_pb_blurb_container\">\n<h3><strong>Anmeldung<\/strong>:<\/h3>\n<ul>\n<li>Name<\/li>\n<li>Vorname<\/li>\n<li>Geb.Datum<\/li>\n<li>Verein<\/li>\n<li>Anschrift<\/li>\n<li>Anzahl bisheriger Sportabzeichen<\/li>\n<\/ul>\n<hr \/>\n<h3 class=\"et_pb_module_header\">Allgemein<\/h3>\n<div class=\"et_pb_blurb_description\">\n<p>Das Deutsche Sportabzeichen ist das sportliche Ehrenzeichen des Deutschen Olympischen Sportbundes (DOSB); es ist staatlich anerkannt. Das Sportabzeichen ist eine Auszeichnung f\u00fcr gute und vielseitige k\u00f6rperliche Leistungsf\u00e4higkeit, die jeder in der Bundesrepublik Deutschland und im Ausland erwerben kann, der sich erfolgreich an den Pr\u00fcfungen beteiligt.<\/p>\n<hr \/>\n<\/div>\n<\/div>\n<\/div>\n<\/div>\n<div class=\"et_pb_with_border et_pb_module et_pb_blurb et_pb_blurb_2 et_pb_text_align_left et_pb_blurb_position_left et_pb_bg_layout_light\">\n<div class=\"et_pb_blurb_content\">\n<div class=\"et_pb_blurb_container\">\n<h3 class=\"et_pb_module_header\">Alle Informationen<\/h3>\n<div class=\"et_pb_blurb_description\">\n<p>Auf der Seiten des DOSB findet man alle Informationen.<\/p>\n<p>Einfach mal reinschauen:\u00a0<a href=\"https:\/\/www.deutsches-sportabzeichen.de\" target=\"_blank\" rel=\"noopener\">https:\/\/www.deutsches-sportabzeichen.de<\/a><\/p>\n<hr \/>\n<\/div>\n<\/div>\n<\/div>\n<\/div>\n<div class=\"et_pb_with_border et_pb_module et_pb_blurb et_pb_blurb_3 et_pb_text_align_left et_pb_blurb_position_left et_pb_bg_layout_light\">\n<div class=\"et_pb_blurb_content\">\n<div class=\"et_pb_blurb_container\">\n<h3 class=\"et_pb_module_header\">Neuausrichtung<\/h3>\n<div class=\"et_pb_blurb_description\">\n<p>Der Deutsche Olympische Sportbund (DOSB) hat gemeinsam mit seinen Mitgliedsorganisationen, insbesondere den Landessportb\u00fcnden und -verb\u00e4nden und den Spitzenverb\u00e4nden Deutscher Leichtathletik-Verband (DLV), Deutscher Turner-Bund (DTB), Deutscher Schwimm-Verband (DSV) und Bund Deutscher Radfahrer (BDR), eine umfassende Reform des Deutschen Sportabzeichens initiiert.<\/p>\n<p>Die augenf\u00e4lligsten Ver\u00e4nderungen des reformierten Deutschen Sportabzeichens sind die Ausrichtung des Fitnessordens an drei Leistungsstufen und die Reduzierung auf vier Disziplingruppen, orientiert an den motorischen Grundf\u00e4higkeiten Kraft, Ausdauer, Schnelligkeit und Koordination. Das Deutsche Sportabzeichen setzt durch die drei Dreistufigkeit Bronze, Silber und Gold auf den Anreiz zur Vorbereitung und Leistungssteigerung durch regelm\u00e4\u00dfiges Training sowie durch den kumulativen Charakter (Abzeichen mit Zahl) auf Sporttreiben \u00fcber alle Altersstufen hinweg. Der Nachweis der Schwimmfertigkeit bleibt, wie auch bisher, obligatorische Voraussetzung f\u00fcr den Erwerb des Deutschen Sportabzeichens.<\/p>\n<p>F\u00fcr das Pr\u00fcfen der motorischen Grundf\u00e4higkeiten stehen die vier Sportarten Leichtathletik, Ger\u00e4tturnen, Schwimmen und Radfahren zur Verf\u00fcgung. Die Einzeldisziplinen wurden nach dem \u00dcberwiegenheitsprinzip (Frage: Welche Disziplin pr\u00fcft \u00fcberwiegend welche motorische Grundf\u00e4higkeit?) den vier Disziplingruppen zugeordnet.<\/p>\n<p>Au\u00dferdem sind neue Altersgruppen hinzugekommen. so wurde im Erwachsenenbereich (die Altersklasse \u201eab 80\u201c wurde ersetzt durch: 80-84, 85-89, ab 90 Jahre). Im Kinder- und Jugendbereich kam die Altersklasse \u201e6\/7 Jahre\u201c hinzu.<\/p>\n<\/div>\n<\/div>\n<\/div>\n<\/div>\n<\/div><\/section><\/p><\/div>\n<style type=\"text\/css\" data-created_by=\"avia_inline_auto\" id=\"style-css-av-bvan8-2013b98c5cdbadffc7065dde1e6f3d44\">\n.flex_column.av-bvan8-2013b98c5cdbadffc7065dde1e6f3d44{\nborder-radius:0px 0px 0px 0px;\npadding:0px 0px 0px 0px;\n}\n<\/style>\n<div  class='flex_column av-bvan8-2013b98c5cdbadffc7065dde1e6f3d44 av_one_third  avia-builder-el-7  el_after_av_two_third  avia-builder-el-last  flex_column_div av-zero-column-padding  column-top-margin'     ><p>\n<style type=\"text\/css\" data-created_by=\"avia_inline_auto\" id=\"style-css-av-kpdssarn-55cae377db482e7e91bec9cfb2cc51fd\">\n#top .av-special-heading.av-kpdssarn-55cae377db482e7e91bec9cfb2cc51fd{\npadding-bottom:10px;\n}\nbody .av-special-heading.av-kpdssarn-55cae377db482e7e91bec9cfb2cc51fd .av-special-heading-tag .heading-char{\nfont-size:25px;\n}\n.av-special-heading.av-kpdssarn-55cae377db482e7e91bec9cfb2cc51fd .av-subheading{\nfont-size:15px;\n}\n<\/style>\n<div  class='av-special-heading av-kpdssarn-55cae377db482e7e91bec9cfb2cc51fd av-special-heading-h4  avia-builder-el-8  el_before_av_textblock  avia-builder-el-first '><h4 class='av-special-heading-tag '  itemprop=\"headline\"  >Kontakt<\/h4><div class=\"special-heading-border\"><div class=\"special-heading-inner-border\"><\/div><\/div><\/div><br \/>\n<section  class='av_textblock_section av-kok3ivv2-e61af85da821fd87ce547e5d287aa6bd '   itemscope=\"itemscope\" itemtype=\"https:\/\/schema.org\/CreativeWork\" ><div class='avia_textblock'  itemprop=\"text\" ><p><img loading=\"lazy\" decoding=\"async\" class=\"alignnone wp-image-1080\" src=\"https:\/\/tg-schierstein.de\/wp-content\/uploads\/2021\/05\/icon_sportabzeichen_weiss_auf_rot_250px.png\" alt=\"\" width=\"80\" height=\"80\" srcset=\"https:\/\/tg-schierstein.de\/wp-content\/uploads\/2021\/05\/icon_sportabzeichen_weiss_auf_rot_250px.png 250w, https:\/\/tg-schierstein.de\/wp-content\/uploads\/2021\/05\/icon_sportabzeichen_weiss_auf_rot_250px-80x80.png 80w, https:\/\/tg-schierstein.de\/wp-content\/uploads\/2021\/05\/icon_sportabzeichen_weiss_auf_rot_250px-36x36.png 36w, https:\/\/tg-schierstein.de\/wp-content\/uploads\/2021\/05\/icon_sportabzeichen_weiss_auf_rot_250px-180x180.png 180w\" sizes=\"auto, (max-width: 80px) 100vw, 80px\" \/><\/p>\n<p><strong>Mirja Kunz<br \/>\n<\/strong><\/p>\n<p><span style=\"text-decoration: underline;\"><strong>Email<br \/>\n<\/strong><\/span><a href=\"mailto:sportabzeichen@tg-schierstein.de\" target=\"_blank\" rel=\"noopener\">sportabzeichen@tg-schierstein.de<\/a><\/p>\n<\/div><\/section><br \/>\n\n<style type=\"text\/css\" data-created_by=\"avia_inline_auto\" id=\"style-css-av-lh6d62hm-8952eee54d54a620918e78eafea88fe6\">\n#top .av-special-heading.av-lh6d62hm-8952eee54d54a620918e78eafea88fe6{\npadding-bottom:10px;\n}\nbody .av-special-heading.av-lh6d62hm-8952eee54d54a620918e78eafea88fe6 .av-special-heading-tag .heading-char{\nfont-size:25px;\n}\n.av-special-heading.av-lh6d62hm-8952eee54d54a620918e78eafea88fe6 .av-subheading{\nfont-size:15px;\n}\n<\/style>\n<div  class='av-special-heading av-lh6d62hm-8952eee54d54a620918e78eafea88fe6 av-special-heading-h4  avia-builder-el-10  el_after_av_textblock  el_before_av_contact '><h4 class='av-special-heading-tag '  itemprop=\"headline\"  >Kontaktformular<\/h4><div class=\"special-heading-border\"><div class=\"special-heading-inner-border\"><\/div><\/div><\/div><br \/>\n<form action=\"https:\/\/tg-schierstein.de\/?page_id=6141\" method=\"post\" data-fields-with-error=\"Fehler wurden in folgenden Feld(ern) gefunden:\" class=\"avia_ajax_form av-form-labels-visible   avia-builder-el-11  el_after_av_heading  avia-builder-el-last   \" data-avia-form-id=\"1\" data-avia-redirect='' ><fieldset><p class='  first_form  form_element form_fullwidth' id='element_avia_1_1'><label for=\"avia_1_1\">Name <abbr class=\"required\" title=\"ben\u00f6tigt\">*<\/abbr><\/label> <input name=\"avia_1_1\" class=\"text_input is_empty\" type=\"text\" id=\"avia_1_1\" value=\"\" \/><\/p><p class='  first_form  form_element form_fullwidth' id='element_avia_2_1'><label for=\"avia_2_1\">E-Mail <abbr class=\"required\" title=\"ben\u00f6tigt\">*<\/abbr><\/label> <input name=\"avia_2_1\" class=\"text_input is_email\" type=\"text\" id=\"avia_2_1\" value=\"\" \/><\/p><p class='  first_form  form_element form_fullwidth' id='element_avia_3_1'><label for=\"avia_3_1\">Telefon<\/label> <input name=\"avia_3_1\" class=\"text_input \" type=\"text\" id=\"avia_3_1\" value=\"\" \/><\/p><p class='  first_form  form_element form_fullwidth' id='element_avia_4_1'><label for=\"avia_4_1\">Betreff <abbr class=\"required\" title=\"ben\u00f6tigt\">*<\/abbr><\/label> <input name=\"avia_4_1\" class=\"text_input is_empty\" type=\"text\" id=\"avia_4_1\" value=\"\" \/><\/p><p class='  first_form  form_element form_fullwidth' id='element_avia_5_1'><label for=\"avia_5_1\" class=\"textare_label hidden textare_label_avia_5_1\">Nachricht <abbr class=\"required\" title=\"ben\u00f6tigt\">*<\/abbr><\/label><textarea  name=\"avia_5_1\" class=\"text_area is_empty\" cols=\"40\" rows=\"7\" id=\"avia_5_1\" ><\/textarea><\/p><p class=\"hidden\"><input type=\"text\" name=\"avia_6_1\" class=\"hidden \" id=\"avia_6_1\" value=\"\" \/><\/p><p class='   form_element form_fullwidth' id='element_avia_7_1'><span class='value_verifier_label'>2 + 2 = ?<\/span><input name=\"avia_7_1_verifier\" type=\"hidden\" id=\"avia_7_1_verifier\" value=\"842284125\"\/><label for=\"avia_7_1\">Bitte l\u00f6se die Gleichung. Diese Ma\u00dfnahme dient der Abwehr von Spam <abbr class=\"required\" title=\"ben\u00f6tigt\">*<\/abbr><\/label><input name=\"avia_7_1\" class=\"text_input captcha\" type=\"text\" id=\"avia_7_1\" value=\"\"\/><\/p><p class=\"form_element \"><input type=\"hidden\" value=\"1\" name=\"avia_generated_form1\" \/><input type=\"submit\" value=\"Senden\" class=\"button\"  data-sending-label=\"Sende\"\/><\/p><\/fieldset><\/form><div id=\"ajaxresponse_1\" class=\"ajaxresponse ajaxresponse_1 hidden\"><\/div><\/p><\/div><\/p>\n","protected":false},"excerpt":{"rendered":"","protected":false},"author":1,"featured_media":0,"parent":978,"menu_order":1,"comment_status":"closed","ping_status":"closed","template":"","meta":{"_acf_changed":false,"footnotes":""},"class_list":["post-6141","page","type-page","status-publish","hentry"],"acf":[],"publishpress_future_action":{"enabled":false,"date":"2026-05-09 12:52:13","action":"change-status","newStatus":"draft","terms":[],"taxonomy":"","extraData":[]},"publishpress_future_workflow_manual_trigger":{"enabledWorkflows":[]},"_links":{"self":[{"href":"https:\/\/tg-schierstein.de\/index.php?rest_route=\/wp\/v2\/pages\/6141","targetHints":{"allow":["GET"]}}],"collection":[{"href":"https:\/\/tg-schierstein.de\/index.php?rest_route=\/wp\/v2\/pages"}],"about":[{"href":"https:\/\/tg-schierstein.de\/index.php?rest_route=\/wp\/v2\/types\/page"}],"author":[{"embeddable":true,"href":"https:\/\/tg-schierstein.de\/index.php?rest_route=\/wp\/v2\/users\/1"}],"replies":[{"embeddable":true,"href":"https:\/\/tg-schierstein.de\/index.php?rest_route=%2Fwp%2Fv2%2Fcomments&post=6141"}],"version-history":[{"count":0,"href":"https:\/\/tg-schierstein.de\/index.php?rest_route=\/wp\/v2\/pages\/6141\/revisions"}],"up":[{"embeddable":true,"href":"https:\/\/tg-schierstein.de\/index.php?rest_route=\/wp\/v2\/pages\/978"}],"wp:attachment":[{"href":"https:\/\/tg-schierstein.de\/index.php?rest_route=%2Fwp%2Fv2%2Fmedia&parent=6141"}],"curies":[{"name":"wp","href":"https:\/\/api.w.org\/{rel}","templated":true}]}}