{"id":3742,"date":"2023-01-03T12:04:16","date_gmt":"2023-01-03T11:04:16","guid":{"rendered":"https:\/\/test.tg-schierstein.de\/?page_id=3742"},"modified":"2025-09-05T12:13:10","modified_gmt":"2025-09-05T10:13:10","slug":"kindeswohl","status":"publish","type":"page","link":"https:\/\/tg-schierstein.de\/?page_id=3742","title":{"rendered":"Kindeswohl"},"content":{"rendered":"<div  class='flex_column av-22r9lq-68a8445367d115c9ed312bd9455430b7 av_three_fifth  avia-builder-el-0  el_before_av_two_fifth  avia-builder-el-first  first flex_column_div  '     ><p>\n<style type=\"text\/css\" data-created_by=\"avia_inline_auto\" id=\"style-css-av-kp7xvnwg-d82fed8f91f8e33a6b5d23159075fb2c\">\n#top .av-special-heading.av-kp7xvnwg-d82fed8f91f8e33a6b5d23159075fb2c{\npadding-bottom:10px;\n}\nbody .av-special-heading.av-kp7xvnwg-d82fed8f91f8e33a6b5d23159075fb2c .av-special-heading-tag .heading-char{\nfont-size:25px;\n}\n.av-special-heading.av-kp7xvnwg-d82fed8f91f8e33a6b5d23159075fb2c .av-subheading{\nfont-size:15px;\n}\n<\/style>\n<div  class='av-special-heading av-kp7xvnwg-d82fed8f91f8e33a6b5d23159075fb2c av-special-heading-h4  avia-builder-el-1  el_before_av_image  avia-builder-el-first '><h4 class='av-special-heading-tag '  itemprop=\"headline\"  >Kindeswohl bei der TG Schierstein<\/h4><div class=\"special-heading-border\"><div class=\"special-heading-inner-border\"><\/div><\/div><\/div><br \/>\n\n<style type=\"text\/css\" data-created_by=\"avia_inline_auto\" id=\"style-css-av-lchs9t1k-86bf5e4f842ff5d46b071f113937f7a8\">\n.avia_transform .avia-image-container.av-lchs9t1k-86bf5e4f842ff5d46b071f113937f7a8{\nanimation-duration:2s;\n}\n.avia-image-container.av-lchs9t1k-86bf5e4f842ff5d46b071f113937f7a8 img.avia_image{\nbox-shadow:none;\n}\n.avia-image-container.av-lchs9t1k-86bf5e4f842ff5d46b071f113937f7a8 .av-image-caption-overlay-center{\ncolor:#ffffff;\n}\n<\/style>\n<div  class='avia-image-container av-lchs9t1k-86bf5e4f842ff5d46b071f113937f7a8 av-styling- avia_animated_image av-animated-when-visible-95 pop-up avia-align-center  avia-builder-el-2  el_after_av_heading  el_before_av_hr '   itemprop=\"image\" itemscope=\"itemscope\" itemtype=\"https:\/\/schema.org\/ImageObject\" ><div class=\"avia-image-container-inner\"><div class=\"avia-image-overlay-wrap\"><img decoding=\"async\" fetchpriority=\"high\" class='wp-image-11589 avia-img-lazy-loading-not-11589 avia_image ' src=\"https:\/\/tg-schierstein.de\/wp-content\/uploads\/2025\/05\/Kindeswohl-2025.png\" alt='' title='Kindeswohl-2025'  height=\"1409\" width=\"2000\"  itemprop=\"thumbnailUrl\" srcset=\"https:\/\/tg-schierstein.de\/wp-content\/uploads\/2025\/05\/Kindeswohl-2025.png 2000w, https:\/\/tg-schierstein.de\/wp-content\/uploads\/2025\/05\/Kindeswohl-2025-300x211.png 300w, https:\/\/tg-schierstein.de\/wp-content\/uploads\/2025\/05\/Kindeswohl-2025-1024x721.png 1024w, https:\/\/tg-schierstein.de\/wp-content\/uploads\/2025\/05\/Kindeswohl-2025-768x541.png 768w, https:\/\/tg-schierstein.de\/wp-content\/uploads\/2025\/05\/Kindeswohl-2025-1536x1082.png 1536w, https:\/\/tg-schierstein.de\/wp-content\/uploads\/2025\/05\/Kindeswohl-2025-1500x1057.png 1500w, https:\/\/tg-schierstein.de\/wp-content\/uploads\/2025\/05\/Kindeswohl-2025-705x497.png 705w\" sizes=\"(max-width: 2000px) 100vw, 2000px\" \/><\/div><\/div><\/div><br \/>\n<div  class='hr av-2idoim-801eb7de8c15a8f0221df09517476275 hr-default  avia-builder-el-3  el_after_av_image  el_before_av_textblock '><span class='hr-inner '><span class=\"hr-inner-style\"><\/span><\/span><\/div><br \/>\n<section  class='av_textblock_section av-kp5a34c5-35d1a09f455fd1a6717d381e26e4dafe '   itemscope=\"itemscope\" itemtype=\"https:\/\/schema.org\/CreativeWork\" ><div class='avia_textblock'  itemprop=\"text\" ><p>Hallo liebe TG\u00b4lerinnen &amp; TG\u00b4ler,<\/p>\n<p>wir sind Niuscha, Betti, Anna, Sebastian und Josef und bilden das \u201eTeam Kindeswohl\u201c. Der Schutz seiner j\u00fcngsten Vereinsmitglieder war der Turngemeinde Schierstein schon immer ein wichtiges Anliegen. Dies m\u00f6chte der Vorstand durch unsere Ernennung untermauern und dieses wichtige Thema auf professionellere Beine stellen.<\/p>\n<p>W\u00e4hrend Betti und Niuscha an einer Fortbildung beim Landessportbund teilgenommen haben, verf\u00fcgen Sebastian und Josef durch ihre T\u00e4tigkeit in der Kita \u00fcber umf\u00e4ngliches Fachwissen in diesem Bereich. Unser Ziel ist es, Kindern, Jugendlichen, Eltern, \u00dcbungsleitern &amp; Trainern als vertrauliche Ansprechpartner zur Verf\u00fcgung zu stehen und unsere Mitglieder f\u00fcr das Thema zu sensibilisieren.<\/p>\n<p>Bei Anliegen und Fragen stehen wir euch als Ansprechpartner zur Verf\u00fcgung. Ihr erreicht uns \u00fcber <a href=\"mailto:kindeswohl@tg-schierstein.de\" target=\"_blank\" rel=\"noopener\"><strong>kindeswohl@tg-schierstein.de<\/strong><\/a> . Zudem findet ihr unsere Kontaktadresse auch als \u201eDaueranzeige\u201c in jeder TGS-informiert &#8211; Ausgabe sowie als Aushang im Infobereich der Georg-Lang-Halle.<\/p>\n<div>Euer Team Kindeswohl,<\/div>\n<div>Niuscha, Betti, Anna, Sebastian &amp; Josef<\/div>\n<\/div><\/section><\/p><\/div><div  class='flex_column av-2rgr7i-fd904368cbff4c9ec6473b615e587ad4 av_two_fifth  avia-builder-el-5  el_after_av_three_fifth  avia-builder-el-last  flex_column_div  '     ><p>\n<style type=\"text\/css\" data-created_by=\"avia_inline_auto\" id=\"style-css-av-lchs872w-9087dbd61c4149ec3e23d2d95e532912\">\n#top .av-special-heading.av-lchs872w-9087dbd61c4149ec3e23d2d95e532912{\npadding-bottom:10px;\n}\nbody .av-special-heading.av-lchs872w-9087dbd61c4149ec3e23d2d95e532912 .av-special-heading-tag .heading-char{\nfont-size:25px;\n}\n.av-special-heading.av-lchs872w-9087dbd61c4149ec3e23d2d95e532912 .av-subheading{\nfont-size:15px;\n}\n<\/style>\n<div  class='av-special-heading av-lchs872w-9087dbd61c4149ec3e23d2d95e532912 av-special-heading-h4  avia-builder-el-6  el_before_av_contact  avia-builder-el-first '><h4 class='av-special-heading-tag '  itemprop=\"headline\"  >Kontaktformular<\/h4><div class=\"special-heading-border\"><div class=\"special-heading-inner-border\"><\/div><\/div><\/div><br \/>\n<form action=\"https:\/\/tg-schierstein.de\/?page_id=3742\" method=\"post\" data-fields-with-error=\"Fehler wurden in folgenden Feld(ern) gefunden:\" class=\"avia_ajax_form av-form-labels-visible   avia-builder-el-7  el_after_av_heading  avia-builder-el-last   \" data-avia-form-id=\"1\" data-avia-redirect='' ><fieldset><p class='  first_form  form_element form_fullwidth' id='element_avia_1_1'><label for=\"avia_1_1\">Name <abbr class=\"required\" title=\"ben\u00f6tigt\">*<\/abbr><\/label> <input name=\"avia_1_1\" class=\"text_input is_empty\" type=\"text\" id=\"avia_1_1\" value=\"\" \/><\/p><p class='  first_form  form_element form_element_half' id='element_avia_2_1'><label for=\"avia_2_1\">E-Mail <abbr class=\"required\" title=\"ben\u00f6tigt\">*<\/abbr><\/label> <input name=\"avia_2_1\" class=\"text_input is_empty\" type=\"text\" id=\"avia_2_1\" value=\"\" \/><\/p><p class='  form_element form_element_half' id='element_avia_3_1'><label for=\"avia_3_1\">Telefon<\/label> <input name=\"avia_3_1\" class=\"text_input \" type=\"text\" id=\"avia_3_1\" value=\"\" \/><\/p><p class='  first_form  form_element form_fullwidth' id='element_avia_4_1'><label for=\"avia_4_1\">Betreff <abbr class=\"required\" title=\"ben\u00f6tigt\">*<\/abbr><\/label> <input name=\"avia_4_1\" class=\"text_input is_empty\" type=\"text\" id=\"avia_4_1\" value=\"\" \/><\/p><p class='  first_form  form_element form_fullwidth' id='element_avia_5_1'><label for=\"avia_5_1\" class=\"textare_label hidden textare_label_avia_5_1\">Nachricht <abbr class=\"required\" title=\"ben\u00f6tigt\">*<\/abbr><\/label><textarea  name=\"avia_5_1\" class=\"text_area is_empty\" cols=\"40\" rows=\"7\" id=\"avia_5_1\" ><\/textarea><\/p><p class=\"hidden\"><input type=\"text\" name=\"avia_6_1\" class=\"hidden \" id=\"avia_6_1\" value=\"\" \/><\/p><p class='   form_element form_fullwidth' id='element_avia_7_1'><span class='value_verifier_label'>2 + 0 = ?<\/span><input name=\"avia_7_1_verifier\" type=\"hidden\" id=\"avia_7_1_verifier\" value=\"717516827\"\/><label for=\"avia_7_1\">Bitte l\u00f6se die Gleichung. Diese Ma\u00dfnahme dient der Abwehr von Spam <abbr class=\"required\" title=\"ben\u00f6tigt\">*<\/abbr><\/label><input name=\"avia_7_1\" class=\"text_input captcha\" type=\"text\" id=\"avia_7_1\" value=\"\"\/><\/p><p class=\"form_element \"><input type=\"hidden\" value=\"1\" name=\"avia_generated_form1\" \/><input type=\"submit\" value=\"Senden\" class=\"button\"  data-sending-label=\"Sende\"\/><\/p><\/fieldset><\/form><div id=\"ajaxresponse_1\" class=\"ajaxresponse ajaxresponse_1 hidden\"><\/div><\/p><\/div><\/p>\n","protected":false},"excerpt":{"rendered":"","protected":false},"author":1,"featured_media":0,"parent":1595,"menu_order":5,"comment_status":"closed","ping_status":"closed","template":"","meta":{"_acf_changed":false,"footnotes":""},"class_list":["post-3742","page","type-page","status-publish","hentry"],"acf":[],"publishpress_future_action":{"enabled":false,"date":"2026-05-10 21:06:54","action":"change-status","newStatus":"draft","terms":[],"taxonomy":"","extraData":[]},"publishpress_future_workflow_manual_trigger":{"enabledWorkflows":[]},"_links":{"self":[{"href":"https:\/\/tg-schierstein.de\/index.php?rest_route=\/wp\/v2\/pages\/3742","targetHints":{"allow":["GET"]}}],"collection":[{"href":"https:\/\/tg-schierstein.de\/index.php?rest_route=\/wp\/v2\/pages"}],"about":[{"href":"https:\/\/tg-schierstein.de\/index.php?rest_route=\/wp\/v2\/types\/page"}],"author":[{"embeddable":true,"href":"https:\/\/tg-schierstein.de\/index.php?rest_route=\/wp\/v2\/users\/1"}],"replies":[{"embeddable":true,"href":"https:\/\/tg-schierstein.de\/index.php?rest_route=%2Fwp%2Fv2%2Fcomments&post=3742"}],"version-history":[{"count":9,"href":"https:\/\/tg-schierstein.de\/index.php?rest_route=\/wp\/v2\/pages\/3742\/revisions"}],"predecessor-version":[{"id":12262,"href":"https:\/\/tg-schierstein.de\/index.php?rest_route=\/wp\/v2\/pages\/3742\/revisions\/12262"}],"up":[{"embeddable":true,"href":"https:\/\/tg-schierstein.de\/index.php?rest_route=\/wp\/v2\/pages\/1595"}],"wp:attachment":[{"href":"https:\/\/tg-schierstein.de\/index.php?rest_route=%2Fwp%2Fv2%2Fmedia&parent=3742"}],"curies":[{"name":"wp","href":"https:\/\/api.w.org\/{rel}","templated":true}]}}