{"id":3705,"date":"2023-01-03T11:00:31","date_gmt":"2023-01-03T10:00:31","guid":{"rendered":"https:\/\/test.tg-schierstein.de\/?page_id=3705"},"modified":"2023-05-05T20:22:07","modified_gmt":"2023-05-05T18:22:07","slug":"online-sportstunde","status":"publish","type":"page","link":"https:\/\/tg-schierstein.de\/?page_id=3705","title":{"rendered":"Online-Portal (Sport \/ Events)"},"content":{"rendered":"\n<style type=\"text\/css\" data-created_by=\"avia_inline_auto\" id=\"style-css-av-363cag-b06941e7d974d36faf1e742982c00149\">\n.flex_column.av-363cag-b06941e7d974d36faf1e742982c00149{\nborder-radius:0px 0px 0px 0px;\npadding:0px 0px 0px 0px;\n}\n<\/style>\n<div  class='flex_column av-363cag-b06941e7d974d36faf1e742982c00149 av_one_full  avia-builder-el-0  avia-builder-el-no-sibling  first flex_column_div av-zero-column-padding  '     ><section  class='av_textblock_section av-lb6dqq1a-b0b3527925ad40f0a5b8b464819a567f '   itemscope=\"itemscope\" itemtype=\"https:\/\/schema.org\/CreativeWork\" ><div class='avia_textblock'  itemprop=\"text\" ><section class=\"av_textblock_section \">\n<div class=\"avia_textblock \">\n<p>Hier finden Siealle Events und einen kleinen Teil unserer Sportstunden, welche mit einem Anmeldesystem arbeiten.<\/p>\n<p><strong><span style=\"text-decoration: underline;\">Nicht alle<\/span> Sportarten sind hier im Onlinesystem eingetragen, <span style=\"text-decoration: underline;\">nur diese mit einem Online-Anmeldeverfahren<\/span>. <\/strong>Hier k\u00f6nnen Sie sich direkt zu diversen Sportangeboten anmelden. Zum Teil gibt es eine beschr\u00e4nkte Teilnehmerzahl.<\/p>\n<p>F\u00fcr eine Teilnahme bei einer Sportart, welche hier nicht aufgef\u00fchrt ist, wenden Sie sich bitte direkt an einen der \u00dcbungsleiter.<\/p>\n<\/div>\n<\/section>\n<\/div><\/section><br \/>\n<section  class='av_textblock_section av-lb6d5yxq-f22b96d2de3072aae5deb78dd1809ee1 '   itemscope=\"itemscope\" itemtype=\"https:\/\/schema.org\/CreativeWork\" ><div class='av-medium-hide av-small-hide av-mini-hide avia_textblock'  itemprop=\"text\" ><p><iframe loading=\"lazy\" id=\"60a0e7606d877f435ed4d986\" class=\"yolawo-widget\" src=\"https:\/\/widgets.yolawo.de\/w\/60b35f4d6a65d33ccbe9bd03\" width=\"100%\" height=\"750\" frameborder=\"0\" scrolling=\"yes\" data-offset-x=\"50\"><span style=\"display: inline-block; width: 0px; overflow: hidden; line-height: 0;\" data-mce-type=\"bookmark\" class=\"mce_SELRES_start\"><\/span><span style=\"display: inline-block; width: 0px; overflow: hidden; line-height: 0;\" data-mce-type=\"bookmark\" class=\"mce_SELRES_start\"><\/span><\/iframe><\/p>\n<\/div><\/section><br \/>\n<section  class='av_textblock_section av-lfwqlowm-82f1b095b36107da46f620572286a47d '   itemscope=\"itemscope\" itemtype=\"https:\/\/schema.org\/CreativeWork\" ><div class='av-desktop-hide avia_textblock'  itemprop=\"text\" ><p><iframe loading=\"lazy\" id=\"60a0e7606d877f435ed4d986\" class=\"yolawo-widget\" src=\"https:\/\/widgets.yolawo.de\/w\/60b35a816a65d33ccbe9bd01\" width=\"100%\" height=\"750\" frameborder=\"0\" scrolling=\"yes\" data-offset-x=\"50\"><span style=\"display: inline-block; width: 0px; overflow: hidden; line-height: 0;\" data-mce-type=\"bookmark\" class=\"mce_SELRES_start\"><\/span><span style=\"display: inline-block; width: 0px; overflow: hidden; line-height: 0;\" data-mce-type=\"bookmark\" class=\"mce_SELRES_start\"><\/span><\/iframe><\/p>\n<\/div><\/section><\/p><\/div>\n","protected":false},"excerpt":{"rendered":"","protected":false},"author":1,"featured_media":0,"parent":3708,"menu_order":2,"comment_status":"closed","ping_status":"closed","template":"","meta":{"_acf_changed":false,"footnotes":""},"class_list":["post-3705","page","type-page","status-publish","hentry"],"acf":[],"publishpress_future_action":{"enabled":false,"date":"2026-05-10 10:50:14","action":"change-status","newStatus":"draft","terms":[],"taxonomy":"","extraData":[]},"publishpress_future_workflow_manual_trigger":{"enabledWorkflows":[]},"_links":{"self":[{"href":"https:\/\/tg-schierstein.de\/index.php?rest_route=\/wp\/v2\/pages\/3705","targetHints":{"allow":["GET"]}}],"collection":[{"href":"https:\/\/tg-schierstein.de\/index.php?rest_route=\/wp\/v2\/pages"}],"about":[{"href":"https:\/\/tg-schierstein.de\/index.php?rest_route=\/wp\/v2\/types\/page"}],"author":[{"embeddable":true,"href":"https:\/\/tg-schierstein.de\/index.php?rest_route=\/wp\/v2\/users\/1"}],"replies":[{"embeddable":true,"href":"https:\/\/tg-schierstein.de\/index.php?rest_route=%2Fwp%2Fv2%2Fcomments&post=3705"}],"version-history":[{"count":0,"href":"https:\/\/tg-schierstein.de\/index.php?rest_route=\/wp\/v2\/pages\/3705\/revisions"}],"up":[{"embeddable":true,"href":"https:\/\/tg-schierstein.de\/index.php?rest_route=\/wp\/v2\/pages\/3708"}],"wp:attachment":[{"href":"https:\/\/tg-schierstein.de\/index.php?rest_route=%2Fwp%2Fv2%2Fmedia&parent=3705"}],"curies":[{"name":"wp","href":"https:\/\/api.w.org\/{rel}","templated":true}]}}