{"id":2914,"date":"2022-12-25T22:02:03","date_gmt":"2022-12-25T21:02:03","guid":{"rendered":"https:\/\/test.tg-schierstein.de\/?page_id=2914"},"modified":"2026-03-16T21:32:44","modified_gmt":"2026-03-16T20:32:44","slug":"gaststaette","status":"publish","type":"page","link":"https:\/\/tg-schierstein.de\/?page_id=2914","title":{"rendered":"Gastst\u00e4tte"},"content":{"rendered":"\n<style type=\"text\/css\" data-created_by=\"avia_inline_auto\" id=\"style-css-av-455kn0-5beade6f06d51089cd3bf378aac13c62\">\n.flex_column.av-455kn0-5beade6f06d51089cd3bf378aac13c62{\nborder-radius:0px 0px 0px 0px;\npadding:0px 0px 0px 0px;\n}\n<\/style>\n<div  class='flex_column av-455kn0-5beade6f06d51089cd3bf378aac13c62 av_three_fourth  avia-builder-el-0  el_before_av_one_fourth  avia-builder-el-first  first flex_column_div av-zero-column-padding  '     ><p>\n<style type=\"text\/css\" data-created_by=\"avia_inline_auto\" id=\"style-css-av-lbxpnzy2-94bccd25f400c2f9e2eeef446887d03b\">\n#top .av-special-heading.av-lbxpnzy2-94bccd25f400c2f9e2eeef446887d03b{\npadding-bottom:10px;\n}\nbody .av-special-heading.av-lbxpnzy2-94bccd25f400c2f9e2eeef446887d03b .av-special-heading-tag .heading-char{\nfont-size:25px;\n}\n.av-special-heading.av-lbxpnzy2-94bccd25f400c2f9e2eeef446887d03b .av-subheading{\nfont-size:15px;\n}\n<\/style>\n<div  class='av-special-heading av-lbxpnzy2-94bccd25f400c2f9e2eeef446887d03b av-special-heading-h4  avia-builder-el-1  el_before_av_image  avia-builder-el-first '><h4 class='av-special-heading-tag '  itemprop=\"headline\"  >Gastst\u00e4tte <span class='special_amp'>\u201c<\/span>Die gut Stubb<span class='special_amp'>\u201d<\/span><\/h4><div class=\"special-heading-border\"><div class=\"special-heading-inner-border\"><\/div><\/div><\/div><br \/>\n\n<style type=\"text\/css\" data-created_by=\"avia_inline_auto\" id=\"style-css-av-27fxhu-293177a14b8ea27a1902491079d4ff08\">\n.avia_transform .avia-image-container.av-27fxhu-293177a14b8ea27a1902491079d4ff08{\nanimation-duration:2s;\n}\n.avia-image-container.av-27fxhu-293177a14b8ea27a1902491079d4ff08 img.avia_image{\nbox-shadow:none;\n}\n.avia-image-container.av-27fxhu-293177a14b8ea27a1902491079d4ff08 .av-image-caption-overlay-center{\ncolor:#ffffff;\n}\n<\/style>\n<div  class='avia-image-container av-27fxhu-293177a14b8ea27a1902491079d4ff08 av-styling- avia_animated_image av-animated-when-visible-95 fade-in avia-align-center  avia-builder-el-2  el_after_av_heading  el_before_av_hr '   itemprop=\"image\" itemscope=\"itemscope\" itemtype=\"https:\/\/schema.org\/ImageObject\" ><div class=\"avia-image-container-inner\"><div class=\"avia-image-overlay-wrap\"><img decoding=\"async\" fetchpriority=\"high\" class='wp-image-2937 avia-img-lazy-loading-not-2937 avia_image ' src=\"https:\/\/tg-schierstein.de\/wp-content\/uploads\/2022\/12\/TG-Halle_bunt-750x423.jpg\" alt='' title='TG-Halle_bunt'  height=\"423\" width=\"750\"  itemprop=\"thumbnailUrl\"  \/><\/div><\/div><\/div><br \/>\n<div  class='hr av-889tu-ccda21a89dbc413ced1b4f432a1121ef hr-default  avia-builder-el-3  el_after_av_image  el_before_av_textblock '><span class='hr-inner '><span class=\"hr-inner-style\"><\/span><\/span><\/div><br \/>\n<section  class='av_textblock_section av-904wy-1c7decb4ef13e5feefeda6930690ba27 '   itemscope=\"itemscope\" itemtype=\"https:\/\/schema.org\/CreativeWork\" ><div class='avia_textblock'  itemprop=\"text\" ><p>Wir verf\u00fcgen \u00fcber eine vereinseigene Gastst\u00e4tte, die wir \u201cDie gut Stubb\u201d nennen.<\/p>\n<p>Neben Pizza und Pasta werden auch deutsche Gerichte angeboten. Die Gastst\u00e4tte bietet Platz f\u00fcr 30 Personen. Das \u201cDr. Schmidt Zimmer\u201d im Zwischengeschoss mit Platz f\u00fcr bis zu 60 Personen ist ein idealer Veranstaltungsort f\u00fcr famili\u00e4re Feiern, Jahrgangstreffen, Jubil\u00e4en, o.\u00e4..<\/p>\n<p>Der Saal der Georg-Lang-Halle mit B\u00fchne bietet Platz f\u00fcr knapp 400 Personen und ist das \u201cB\u00fcrgerhaus\u201d von Schierstein. Hier finden u.a. die Fastnachtssitzungen und die Fastnachtsdisco TG-Night Fever statt. Aber auch sonst, wenn es in Schierstein etwas zum Feiern gibt, ist unser Saal eine geeignete Lokalit\u00e4t.<\/p>\n<\/div><\/section><br \/>\n\n<style type=\"text\/css\" data-created_by=\"avia_inline_auto\" id=\"style-css-av-38hqgy-f4ce8d7379369c8acca5af7d39a29dae\">\n#top .hr.hr-invisible.av-38hqgy-f4ce8d7379369c8acca5af7d39a29dae{\nheight:25px;\n}\n<\/style>\n<div  class='hr av-38hqgy-f4ce8d7379369c8acca5af7d39a29dae hr-invisible  avia-builder-el-5  el_after_av_textblock  avia-builder-el-last '><span class='hr-inner '><span class=\"hr-inner-style\"><\/span><\/span><\/div><\/p><\/div>\n\n<style type=\"text\/css\" data-created_by=\"avia_inline_auto\" id=\"style-css-av-2clbss-167db13a042bd6b7ce1e1f80b95db58b\">\n.flex_column.av-2clbss-167db13a042bd6b7ce1e1f80b95db58b{\nborder-radius:0px 0px 0px 0px;\npadding:0px 0px 0px 0px;\n}\n<\/style>\n<div  class='flex_column av-2clbss-167db13a042bd6b7ce1e1f80b95db58b av_one_fourth  avia-builder-el-6  el_after_av_three_fourth  avia-builder-el-last  flex_column_div av-zero-column-padding  '     ><p>\n<style type=\"text\/css\" data-created_by=\"avia_inline_auto\" id=\"style-css-av-lbv7l9eo-dda952984dc4cc14d64949eec2ee53d4\">\n#top .av-special-heading.av-lbv7l9eo-dda952984dc4cc14d64949eec2ee53d4{\npadding-bottom:10px;\n}\nbody .av-special-heading.av-lbv7l9eo-dda952984dc4cc14d64949eec2ee53d4 .av-special-heading-tag .heading-char{\nfont-size:25px;\n}\n.av-special-heading.av-lbv7l9eo-dda952984dc4cc14d64949eec2ee53d4 .av-subheading{\nfont-size:15px;\n}\n<\/style>\n<div  class='av-special-heading av-lbv7l9eo-dda952984dc4cc14d64949eec2ee53d4 av-special-heading-h4 blockquote elegant-quote elegant-centered  avia-builder-el-7  el_before_av_textblock  avia-builder-el-first '><h4 class='av-special-heading-tag '  itemprop=\"headline\"  ><span class=\"heading-wrap\">Kontakt<\/span><\/h4><div class=\"special-heading-border\"><div class=\"special-heading-inner-border\"><\/div><\/div><\/div><br \/>\n<section  class='av_textblock_section av-lmnfo78z-5738c1e2eb4676cba983b66170e29cde '   itemscope=\"itemscope\" itemtype=\"https:\/\/schema.org\/CreativeWork\" ><div class='avia_textblock'  itemprop=\"text\" ><p><img loading=\"lazy\" decoding=\"async\" class=\"alignnone wp-image-1212 size-thumbnail\" src=\"https:\/\/tg-schierstein.de\/wp-content\/uploads\/2021\/05\/TGS_Wappen_Strich-2_klein-80x80.png\" alt=\"\" width=\"80\" height=\"80\" srcset=\"https:\/\/tg-schierstein.de\/wp-content\/uploads\/2021\/05\/TGS_Wappen_Strich-2_klein-80x80.png 80w, https:\/\/tg-schierstein.de\/wp-content\/uploads\/2021\/05\/TGS_Wappen_Strich-2_klein-36x36.png 36w, https:\/\/tg-schierstein.de\/wp-content\/uploads\/2021\/05\/TGS_Wappen_Strich-2_klein-180x180.png 180w, https:\/\/tg-schierstein.de\/wp-content\/uploads\/2021\/05\/TGS_Wappen_Strich-2_klein.png 250w\" sizes=\"auto, (max-width: 80px) 100vw, 80px\" \/>\u00a0 <img loading=\"lazy\" decoding=\"async\" class=\"alignnone wp-image-4702\" src=\"https:\/\/tg-schierstein.de\/wp-content\/uploads\/2023\/04\/Flaggen_deutsch-italienisch.png\" alt=\"\" width=\"136\" height=\"80\" srcset=\"https:\/\/tg-schierstein.de\/wp-content\/uploads\/2023\/04\/Flaggen_deutsch-italienisch.png 1920w, https:\/\/tg-schierstein.de\/wp-content\/uploads\/2023\/04\/Flaggen_deutsch-italienisch-300x176.png 300w, https:\/\/tg-schierstein.de\/wp-content\/uploads\/2023\/04\/Flaggen_deutsch-italienisch-1024x601.png 1024w, https:\/\/tg-schierstein.de\/wp-content\/uploads\/2023\/04\/Flaggen_deutsch-italienisch-768x450.png 768w, https:\/\/tg-schierstein.de\/wp-content\/uploads\/2023\/04\/Flaggen_deutsch-italienisch-1536x901.png 1536w, https:\/\/tg-schierstein.de\/wp-content\/uploads\/2023\/04\/Flaggen_deutsch-italienisch-1500x880.png 1500w, https:\/\/tg-schierstein.de\/wp-content\/uploads\/2023\/04\/Flaggen_deutsch-italienisch-705x413.png 705w\" sizes=\"auto, (max-width: 136px) 100vw, 136px\" \/><\/p>\n<p><strong>Antonio (Toni) Schiavoni<br \/>\n<\/strong>Vereinswirt<span style=\"text-decoration: underline;\"><br \/>\n<\/span><\/p>\n<p><strong>Telefon<\/strong><br \/>\n(0611) 22 171<\/p>\n<\/div><\/section><br \/>\n\n<style type=\"text\/css\" data-created_by=\"avia_inline_auto\" id=\"style-css-av-3qlb9e-681feb0ad0f09e6804213423c924a003\">\n#top .av-special-heading.av-3qlb9e-681feb0ad0f09e6804213423c924a003{\npadding-bottom:10px;\n}\nbody .av-special-heading.av-3qlb9e-681feb0ad0f09e6804213423c924a003 .av-special-heading-tag .heading-char{\nfont-size:25px;\n}\n.av-special-heading.av-3qlb9e-681feb0ad0f09e6804213423c924a003 .av-subheading{\nfont-size:15px;\n}\n<\/style>\n<div  class='av-special-heading av-3qlb9e-681feb0ad0f09e6804213423c924a003 av-special-heading-h4 blockquote elegant-quote elegant-centered  avia-builder-el-9  el_after_av_textblock  el_before_av_hr '><h4 class='av-special-heading-tag '  itemprop=\"headline\"  ><span class=\"heading-wrap\">Speisekarten<\/span><\/h4><div class=\"special-heading-border\"><div class=\"special-heading-inner-border\"><\/div><\/div><\/div><br \/>\n\n<style type=\"text\/css\" data-created_by=\"avia_inline_auto\" id=\"style-css-av-32294y-2af666a41cbfaa27949b51967b5a03cd\">\n#top .hr.hr-invisible.av-32294y-2af666a41cbfaa27949b51967b5a03cd{\nheight:15px;\n}\n<\/style>\n<div  class='hr av-32294y-2af666a41cbfaa27949b51967b5a03cd hr-invisible  avia-builder-el-10  el_after_av_heading  el_before_av_buttonrow '><span class='hr-inner '><span class=\"hr-inner-style\"><\/span><\/span><\/div><br \/>\n<div  class='avia-buttonrow-wrap av-mmtn36ut-a044af945a3c545b83705265483554ab avia-buttonrow-center  avia-builder-el-11  el_after_av_hr  el_before_av_heading '>\n\n<style type=\"text\/css\" data-created_by=\"avia_inline_auto\" id=\"style-css-av-mmtn2jln-f71eba317c75643e6839e482521f2dbd\">\n#top #wrap_all .avia-button.av-mmtn2jln-f71eba317c75643e6839e482521f2dbd{\nfont-size:14px;\ntransition:all 0.4s ease-in-out;\nmargin-bottom:5px;\nmargin-right:3px;\nmargin-left:3px;\n}\n<\/style>\n<a href='https:\/\/tg-schierstein.de\/?page_id=10217'  class='avia-button av-mmtn2jln-f71eba317c75643e6839e482521f2dbd avia-icon_select-no avia-size-large avia-color-theme-color'   aria-label=\"Gastst\u00e4tte&lt;br \/&gt;\n(Stand: 01.11.2024)\"><span class='avia_iconbox_title' >Gastst\u00e4tte<br \/>\n(Stand: 01.11.2024)<\/span><\/a>\n\n<style type=\"text\/css\" data-created_by=\"avia_inline_auto\" id=\"style-css-av-mmtn30xd-362ef934d259a2947c1319906801eb93\">\n#top #wrap_all .avia-button.av-mmtn30xd-362ef934d259a2947c1319906801eb93{\nfont-size:14px;\ntransition:all 0.4s ease-in-out;\nmargin-bottom:5px;\nmargin-right:3px;\nmargin-left:3px;\n}\n<\/style>\n<a href='https:\/\/tg-schierstein.de\/?page_id=9538'  class='avia-button av-mmtn30xd-362ef934d259a2947c1319906801eb93 avia-icon_select-no avia-size-large avia-color-theme-color'   aria-label=\"Ausser Haus&lt;br \/&gt;\n(Stand: 01.03.2026)\"><span class='avia_iconbox_title' >Ausser Haus<br \/>\n(Stand: 01.03.2026)<\/span><\/a>\n<\/div><br \/>\n\n<style type=\"text\/css\" data-created_by=\"avia_inline_auto\" id=\"style-css-av-lmnfsrnt-f5a7f4e3201ae79c86a9a7271660d73b\">\n#top .av-special-heading.av-lmnfsrnt-f5a7f4e3201ae79c86a9a7271660d73b{\npadding-bottom:10px;\n}\nbody .av-special-heading.av-lmnfsrnt-f5a7f4e3201ae79c86a9a7271660d73b .av-special-heading-tag .heading-char{\nfont-size:25px;\n}\n.av-special-heading.av-lmnfsrnt-f5a7f4e3201ae79c86a9a7271660d73b .av-subheading{\nfont-size:15px;\n}\n<\/style>\n<div  class='av-special-heading av-lmnfsrnt-f5a7f4e3201ae79c86a9a7271660d73b av-special-heading-h4 blockquote elegant-quote elegant-centered  avia-builder-el-12  el_after_av_buttonrow  el_before_av_iconlist '><h4 class='av-special-heading-tag '  itemprop=\"headline\"  ><span class=\"heading-wrap\">\u00d6ffnungszeiten<\/span><\/h4><div class=\"special-heading-border\"><div class=\"special-heading-inner-border\"><\/div><\/div><\/div><br \/>\n\n<style type=\"text\/css\" data-created_by=\"avia_inline_auto\" id=\"style-css-av-lmng0bvm-bb255eeed083ef9174cb69a16f60f6ac\">\n#top .avia-icon-list-container.av-lmng0bvm-bb255eeed083ef9174cb69a16f60f6ac .iconlist_icon{\ncolor:#346fdb;\nbackground-color:#ffffff;\nborder:1px solid #ffffff;\n}\n#top .avia-icon-list-container.av-lmng0bvm-bb255eeed083ef9174cb69a16f60f6ac .iconlist_icon svg:first-child{\nstroke:#346fdb;\nfill:#346fdb;\n}\n#top #wrap_all .avia-icon-list-container.av-lmng0bvm-bb255eeed083ef9174cb69a16f60f6ac .av_iconlist_title{\ncolor:#346fdb;\n}\n<\/style>\n<div  class='avia-icon-list-container av-lmng0bvm-bb255eeed083ef9174cb69a16f60f6ac  avia-builder-el-13  el_after_av_heading  avia-builder-el-last '><ul class='avia-icon-list avia_animate_when_almost_visible avia-icon-list-left av-iconlist-small av-lmng0bvm-bb255eeed083ef9174cb69a16f60f6ac avia-iconlist-animate'>\n<li><div class='iconlist_icon av-ast6uq-55226751857238d3be589c542d823b6e avia-font-entypo-fontello avia-iconfont avia-font-entypo-fontello'><span class='av-icon-char' data-av_icon='\ue862' data-av_iconfont='entypo-fontello' aria-hidden=\"true\"><\/span><\/div><article class=\"article-icon-entry \"  itemscope=\"itemscope\" itemtype=\"https:\/\/schema.org\/CreativeWork\" ><div class=\"iconlist_content_wrap\"><header class=\"entry-content-header\" aria-label=\"Icon: Montag\"><div class='av_iconlist_title iconlist_title_small  av_inherit_color'  itemprop=\"headline\" >Montag<\/div><\/header><div class='iconlist_content '  itemprop=\"text\" ><p><strong>17:00 &#8211; 22:00 Uhr<\/strong><\/p>\n<\/div><\/div><footer class=\"entry-footer\"><\/footer><\/article><div class=\"iconlist-timeline\"><\/div><\/li>\n<li><div class='iconlist_icon av-9i4lb6-d237102dc878d2c57b783ad32417258a avia-font-entypo-fontello avia-iconfont avia-font-entypo-fontello'><span class='av-icon-char' data-av_icon='\ue862' data-av_iconfont='entypo-fontello' aria-hidden=\"true\"><\/span><\/div><article class=\"article-icon-entry \"  itemscope=\"itemscope\" itemtype=\"https:\/\/schema.org\/CreativeWork\" ><div class=\"iconlist_content_wrap\"><header class=\"entry-content-header\" aria-label=\"Icon: Dienstaag\"><div class='av_iconlist_title iconlist_title_small  av_inherit_color'  itemprop=\"headline\" >Dienstaag<\/div><\/header><div class='iconlist_content '  itemprop=\"text\" ><p><strong>17:00 &#8211; 22:00 Uhr<\/strong><\/p>\n<\/div><\/div><footer class=\"entry-footer\"><\/footer><\/article><div class=\"iconlist-timeline\"><\/div><\/li>\n<li><div class='iconlist_icon av-798fci-9568142bf737951b5403be940fcb6a48 avia-font-entypo-fontello avia-iconfont avia-font-entypo-fontello'><span class='av-icon-char' data-av_icon='\ue862' data-av_iconfont='entypo-fontello' aria-hidden=\"true\"><\/span><\/div><article class=\"article-icon-entry \"  itemscope=\"itemscope\" itemtype=\"https:\/\/schema.org\/CreativeWork\" ><div class=\"iconlist_content_wrap\"><header class=\"entry-content-header\" aria-label=\"Icon: Mittwoch\"><div class='av_iconlist_title iconlist_title_small  av_inherit_color'  itemprop=\"headline\" >Mittwoch<\/div><\/header><div class='iconlist_content '  itemprop=\"text\" ><p><strong>17:00 &#8211; 22:00 Uhr<\/strong><\/p>\n<\/div><\/div><footer class=\"entry-footer\"><\/footer><\/article><div class=\"iconlist-timeline\"><\/div><\/li>\n<li><div class='iconlist_icon av-66cltu-bfefbdd19187e3a9742136663d943a40 avia-font-entypo-fontello avia-iconfont avia-font-entypo-fontello'><span class='av-icon-char' data-av_icon='\ue862' data-av_iconfont='entypo-fontello' aria-hidden=\"true\"><\/span><\/div><article class=\"article-icon-entry \"  itemscope=\"itemscope\" itemtype=\"https:\/\/schema.org\/CreativeWork\" ><div class=\"iconlist_content_wrap\"><header class=\"entry-content-header\" aria-label=\"Icon: Donnerstag\"><div class='av_iconlist_title iconlist_title_small  av_inherit_color'  itemprop=\"headline\" >Donnerstag<\/div><\/header><div class='iconlist_content '  itemprop=\"text\" ><p><strong>17:00 &#8211; 22:00 Uhr<\/strong><\/p>\n<\/div><\/div><footer class=\"entry-footer\"><\/footer><\/article><div class=\"iconlist-timeline\"><\/div><\/li>\n<li><div class='iconlist_icon av-42trqq-e7485529e0114d748167c3972a2dee25 avia-font-entypo-fontello avia-iconfont avia-font-entypo-fontello'><span class='av-icon-char' data-av_icon='\ue862' data-av_iconfont='entypo-fontello' aria-hidden=\"true\"><\/span><\/div><article class=\"article-icon-entry \"  itemscope=\"itemscope\" itemtype=\"https:\/\/schema.org\/CreativeWork\" ><div class=\"iconlist_content_wrap\"><header class=\"entry-content-header\" aria-label=\"Icon: Freitag\"><div class='av_iconlist_title iconlist_title_small  av_inherit_color'  itemprop=\"headline\" >Freitag<\/div><\/header><div class='iconlist_content '  itemprop=\"text\" ><p><strong>17:00 &#8211; 22:00 Uhr<\/strong><\/p>\n<\/div><\/div><footer class=\"entry-footer\"><\/footer><\/article><div class=\"iconlist-timeline\"><\/div><\/li>\n<li><div class='iconlist_icon av-lmnfz0qx-75bb445ad3da8f1f14163dd0e2677927 avia-font-entypo-fontello avia-iconfont avia-font-entypo-fontello'><span class='av-icon-char' data-av_icon='\ue824' data-av_iconfont='entypo-fontello' aria-hidden=\"true\"><\/span><\/div><article class=\"article-icon-entry \"  itemscope=\"itemscope\" itemtype=\"https:\/\/schema.org\/CreativeWork\" ><div class=\"iconlist_content_wrap\"><header class=\"entry-content-header\" aria-label=\"Icon: Sa., So. und Feiertags\"><div class='av_iconlist_title iconlist_title_small  av_inherit_color'  itemprop=\"headline\" >Sa., So. und Feiertags<\/div><\/header><div class='iconlist_content '  itemprop=\"text\" ><p><strong>nach Absprache, nur f\u00fcr<br \/>\nVeranstaltungen u. Feiern<\/strong><\/p>\n<\/div><\/div><footer class=\"entry-footer\"><\/footer><\/article><div class=\"iconlist-timeline\"><\/div><\/li>\n<li><div class='iconlist_icon av-2nkk9u-df137cf14a93c97fdebd1c43ae322cff avia-font-entypo-fontello avia-iconfont avia-font-entypo-fontello'><span class='av-icon-char' data-av_icon='\ue841' data-av_iconfont='entypo-fontello' aria-hidden=\"true\"><\/span><\/div><article class=\"article-icon-entry \"  itemscope=\"itemscope\" itemtype=\"https:\/\/schema.org\/CreativeWork\" ><div class=\"iconlist_content_wrap\"><header class=\"entry-content-header\" aria-label=\"Icon: Ort\"><div class='av_iconlist_title iconlist_title_small  av_inherit_color'  itemprop=\"headline\" >Ort<\/div><\/header><div class='iconlist_content '  itemprop=\"text\" ><p><strong>Georg-Lang-Halle<br \/>\n<\/strong>M\u00f6wenstra\u00dfe 25<br \/>\n65201 Wiesbaden<br \/>\n(Eingang \u00fcber Ehrengartstra\u00dfe)<\/p>\n<\/div><\/div><footer class=\"entry-footer\"><\/footer><\/article><div class=\"iconlist-timeline\"><\/div><\/li>\n<\/ul><\/div><\/p><\/div>\n","protected":false},"excerpt":{"rendered":"","protected":false},"author":1,"featured_media":0,"parent":0,"menu_order":6,"comment_status":"closed","ping_status":"closed","template":"","meta":{"_acf_changed":false,"footnotes":""},"class_list":["post-2914","page","type-page","status-publish","hentry"],"acf":[],"publishpress_future_action":{"enabled":false,"date":"2026-05-10 11:02:52","action":"change-status","newStatus":"draft","terms":[],"taxonomy":"","extraData":[]},"publishpress_future_workflow_manual_trigger":{"enabledWorkflows":[]},"_links":{"self":[{"href":"https:\/\/tg-schierstein.de\/index.php?rest_route=\/wp\/v2\/pages\/2914","targetHints":{"allow":["GET"]}}],"collection":[{"href":"https:\/\/tg-schierstein.de\/index.php?rest_route=\/wp\/v2\/pages"}],"about":[{"href":"https:\/\/tg-schierstein.de\/index.php?rest_route=\/wp\/v2\/types\/page"}],"author":[{"embeddable":true,"href":"https:\/\/tg-schierstein.de\/index.php?rest_route=\/wp\/v2\/users\/1"}],"replies":[{"embeddable":true,"href":"https:\/\/tg-schierstein.de\/index.php?rest_route=%2Fwp%2Fv2%2Fcomments&post=2914"}],"version-history":[{"count":54,"href":"https:\/\/tg-schierstein.de\/index.php?rest_route=\/wp\/v2\/pages\/2914\/revisions"}],"predecessor-version":[{"id":13768,"href":"https:\/\/tg-schierstein.de\/index.php?rest_route=\/wp\/v2\/pages\/2914\/revisions\/13768"}],"wp:attachment":[{"href":"https:\/\/tg-schierstein.de\/index.php?rest_route=%2Fwp%2Fv2%2Fmedia&parent=2914"}],"curies":[{"name":"wp","href":"https:\/\/api.w.org\/{rel}","templated":true}]}}