{"id":2548,"date":"2022-11-25T11:18:16","date_gmt":"2022-11-25T10:18:16","guid":{"rendered":"https:\/\/test.tg-schierstein.de\/?page_id=2548"},"modified":"2026-04-07T13:26:28","modified_gmt":"2026-04-07T11:26:28","slug":"tennis","status":"publish","type":"page","link":"https:\/\/tg-schierstein.de\/?page_id=2548","title":{"rendered":"Tennis"},"content":{"rendered":"\n<style type=\"text\/css\" data-created_by=\"avia_inline_auto\" id=\"style-css-av-ldrkw7-0b9b44cd63fddc7978cf361c560afe9f\">\n.flex_column.av-ldrkw7-0b9b44cd63fddc7978cf361c560afe9f{\nborder-radius:0px 0px 0px 0px;\npadding:0px 0px 0px 0px;\n}\n<\/style>\n<div  class='flex_column av-ldrkw7-0b9b44cd63fddc7978cf361c560afe9f av_two_third  avia-builder-el-0  el_before_av_one_third  avia-builder-el-first  first flex_column_div av-zero-column-padding  '     ><p>\n<style type=\"text\/css\" data-created_by=\"avia_inline_auto\" id=\"style-css-av-2kgno2-d7cf6bd8e02e77d6b7f6640a5ae1a489\">\n#top .av-special-heading.av-2kgno2-d7cf6bd8e02e77d6b7f6640a5ae1a489{\npadding-bottom:10px;\n}\nbody .av-special-heading.av-2kgno2-d7cf6bd8e02e77d6b7f6640a5ae1a489 .av-special-heading-tag .heading-char{\nfont-size:25px;\n}\n.av-special-heading.av-2kgno2-d7cf6bd8e02e77d6b7f6640a5ae1a489 .av-subheading{\nfont-size:15px;\n}\n<\/style>\n<div  class='av-special-heading av-2kgno2-d7cf6bd8e02e77d6b7f6640a5ae1a489 av-special-heading-h4  avia-builder-el-1  el_before_av_hr  avia-builder-el-first '><h4 class='av-special-heading-tag '  itemprop=\"headline\"  >Die Abteilung stellt sich vor<\/h4><div class=\"special-heading-border\"><div class=\"special-heading-inner-border\"><\/div><\/div><\/div><br \/>\n\n<style type=\"text\/css\" data-created_by=\"avia_inline_auto\" id=\"style-css-av-lu7ge09i-ad59baf6d17366feb5a7115e14884e65\">\n#top .hr.hr-invisible.av-lu7ge09i-ad59baf6d17366feb5a7115e14884e65{\nheight:15px;\n}\n<\/style>\n<div  class='hr av-lu7ge09i-ad59baf6d17366feb5a7115e14884e65 hr-invisible  avia-builder-el-2  el_after_av_heading  el_before_av_image '><span class='hr-inner '><span class=\"hr-inner-style\"><\/span><\/span><\/div><br \/>\n\n<style type=\"text\/css\" data-created_by=\"avia_inline_auto\" id=\"style-css-av-lawf44p5-8dc736348227a1b1f71abc2bbb364679\">\n.avia-image-container.av-lawf44p5-8dc736348227a1b1f71abc2bbb364679 img.avia_image{\nbox-shadow:none;\n}\n.avia-image-container.av-lawf44p5-8dc736348227a1b1f71abc2bbb364679 .av-image-caption-overlay-center{\ncolor:#ffffff;\n}\n<\/style>\n<div  class='avia-image-container av-lawf44p5-8dc736348227a1b1f71abc2bbb364679 av-styling- avia_animated_image av-animated-when-visible-95 left-to-right avia-align-center  avia-builder-el-3  el_after_av_hr  el_before_av_textblock '   itemprop=\"image\" itemscope=\"itemscope\" itemtype=\"https:\/\/schema.org\/ImageObject\" ><div class=\"avia-image-container-inner\"><div class=\"avia-image-overlay-wrap\"><img decoding=\"async\" fetchpriority=\"high\" class='wp-image-2562 avia-img-lazy-loading-not-2562 avia_image ' src=\"https:\/\/tg-schierstein.de\/wp-content\/uploads\/2022\/11\/tennisplatz-768x513-1-768x430.jpg\" alt='' title='tennisplatz-768x513'  height=\"430\" width=\"768\"  itemprop=\"thumbnailUrl\"  \/><\/div><\/div><\/div><br \/>\n<section  class='av_textblock_section av-mah5pfxz-a5fc3a3ce18f5dadcdc8635aa30dd8c6 '   itemscope=\"itemscope\" itemtype=\"https:\/\/schema.org\/CreativeWork\" ><div class='avia_textblock'  itemprop=\"text\" ><p align=\"justify\">In unserer Tennisabteilung freuen wir uns \u00fcber ca. 160 Mitglieder inkl. Jugendliche.<\/p>\n<p align=\"justify\">Wir verf\u00fcgen \u00fcber vier Sandpl\u00e4tze, die von Mitte April bis Mitte Oktober bespielt werden k\u00f6nnen. Einen Platz haben wir in 2024 mit Flutlicht ausgestattet, so dass auch bei Dunkelheit gespielt werden kann.<\/p>\n<p align=\"justify\">Die Tennisabteilung erhebt neben dem Vereinsmitgliedsbeitrag einen Zusatzbeitrag, weiteres dazu erfahren Sie\u00a0<a href=\"https:\/\/tg-schierstein.de\/?page_id=1642\" target=\"_blank\" rel=\"noopener\">[hier]<\/a>.<\/p>\n<p align=\"justify\">Aktuell haben wir sechs Mannschaften, die an Medenspielen teilnehmen. F\u00fcr neue Mitglieder veranstalten wir zu Beginn und zum Abschluss der Saison ein Schleifchenturnier, bei dem der Spa\u00df und das Kennenlernen anderer Mitglieder im Vordergrund stehen. Wir starten hier stets mit einem ausgiebigen Brunch.<\/p>\n<p align=\"justify\">Bei den Vereinsmeisterschaften kommt man auch als Zuschauer auf seine Kosten, denn es gibt immer Leckeres vom Grill und aus dem K\u00fchlschrank. Abends findet dann auch die &#8222;Tennis-Night&#8220; statt, bei welcher wir gem\u00fctlich mit Coctails und anderen Kaltgetr\u00e4nken zusammensitzen.<\/p>\n<p align=\"justify\">Seit 2025 veranstalten wir auch einen Tag der offenen T\u00fcr f\u00fcr Kinder und Erwachsene.<\/p>\n<p>Vielleicht k\u00f6nnen wir Sie einmal auf unserer Anlage in der Rheingaustra\u00dfe (gegen\u00fcber der Firma \u201eAuto Teuner\u201c) begr\u00fc\u00dfen.<\/p>\n<\/div><\/section><\/p><\/div>\n\n<style type=\"text\/css\" data-created_by=\"avia_inline_auto\" id=\"style-css-av-bvan8-2013b98c5cdbadffc7065dde1e6f3d44\">\n.flex_column.av-bvan8-2013b98c5cdbadffc7065dde1e6f3d44{\nborder-radius:0px 0px 0px 0px;\npadding:0px 0px 0px 0px;\n}\n<\/style>\n<div  class='flex_column av-bvan8-2013b98c5cdbadffc7065dde1e6f3d44 av_one_third  avia-builder-el-5  el_after_av_two_third  avia-builder-el-last  flex_column_div av-zero-column-padding  '     ><p>\n<style type=\"text\/css\" data-created_by=\"avia_inline_auto\" id=\"style-css-av-kpdssarn-006ef4654c7f9076e655ea2fc836c965\">\n#top .av-special-heading.av-kpdssarn-006ef4654c7f9076e655ea2fc836c965{\npadding-bottom:10px;\n}\nbody .av-special-heading.av-kpdssarn-006ef4654c7f9076e655ea2fc836c965 .av-special-heading-tag .heading-char{\nfont-size:25px;\n}\n.av-special-heading.av-kpdssarn-006ef4654c7f9076e655ea2fc836c965 .av-subheading{\nfont-size:15px;\n}\n<\/style>\n<div  class='av-special-heading av-kpdssarn-006ef4654c7f9076e655ea2fc836c965 av-special-heading-h4  avia-builder-el-6  el_before_av_button  avia-builder-el-first  av-desktop-hide av-medium-hide av-small-hide av-mini-hide'><h4 class='av-special-heading-tag '  itemprop=\"headline\"  >Platzbuchung -Winter-<\/h4><div class=\"special-heading-border\"><div class=\"special-heading-inner-border\"><\/div><\/div><\/div><br \/>\n<div  class='avia-button-wrap av-l0xudz0i-99d09f15ca2982d5655e9f60ef20fd8d-wrap avia-button-center  avia-builder-el-7  el_after_av_heading  el_before_av_heading '><a href='https:\/\/tg-schierstein.de\/?page_id=2590'  class='avia-button av-l0xudz0i-99d09f15ca2982d5655e9f60ef20fd8d av-link-btn avia-icon_select-yes-left-icon avia-size-large avia-position-center av-desktop-hide av-medium-hide av-small-hide av-mini-hide avia-color-theme-color'   aria-label=\" Platzbuchung\"><span class='avia_button_icon avia_button_icon_left avia-iconfont avia-font-entypo-fontello' data-av_icon='\ue862' data-av_iconfont='entypo-fontello' ><\/span><span class='avia_iconbox_title' > Platzbuchung<\/span><\/a><\/div><br \/>\n\n<style type=\"text\/css\" data-created_by=\"avia_inline_auto\" id=\"style-css-av-mnoj9ut1-4bfd115bf2059304b32dcf28bb0ba296\">\n#top .av-special-heading.av-mnoj9ut1-4bfd115bf2059304b32dcf28bb0ba296{\npadding-bottom:10px;\n}\nbody .av-special-heading.av-mnoj9ut1-4bfd115bf2059304b32dcf28bb0ba296 .av-special-heading-tag .heading-char{\nfont-size:25px;\n}\n.av-special-heading.av-mnoj9ut1-4bfd115bf2059304b32dcf28bb0ba296 .av-subheading{\nfont-size:15px;\n}\n<\/style>\n<div  class='av-special-heading av-mnoj9ut1-4bfd115bf2059304b32dcf28bb0ba296 av-special-heading-h4  avia-builder-el-8  el_after_av_button  el_before_av_button '><h4 class='av-special-heading-tag '  itemprop=\"headline\"  >Platzbuchung -Sommer-<\/h4><div class=\"special-heading-border\"><div class=\"special-heading-inner-border\"><\/div><\/div><\/div><br \/>\n<div  class='avia-button-wrap av-mhmemjya-35ea59e495e13fc7164d7c1deef09e82-wrap avia-button-center  avia-builder-el-9  el_after_av_heading  el_before_av_heading '><a href='https:\/\/tg-schierstein.de\/?page_id=9430'  class='avia-button av-mhmemjya-35ea59e495e13fc7164d7c1deef09e82 av-link-btn avia-icon_select-yes-left-icon avia-size-large avia-position-center avia-color-theme-color'   aria-label=\" Platzbuchung\"><span class='avia_button_icon avia_button_icon_left avia-iconfont avia-font-entypo-fontello' data-av_icon='\ue862' data-av_iconfont='entypo-fontello' ><\/span><span class='avia_iconbox_title' > Platzbuchung<\/span><\/a><\/div><br \/>\n\n<style type=\"text\/css\" data-created_by=\"avia_inline_auto\" id=\"style-css-av-1zj2l0-60f1788843da9785392953a44ae0c809\">\n#top .av-special-heading.av-1zj2l0-60f1788843da9785392953a44ae0c809{\npadding-bottom:10px;\n}\nbody .av-special-heading.av-1zj2l0-60f1788843da9785392953a44ae0c809 .av-special-heading-tag .heading-char{\nfont-size:25px;\n}\n.av-special-heading.av-1zj2l0-60f1788843da9785392953a44ae0c809 .av-subheading{\nfont-size:15px;\n}\n<\/style>\n<div  class='av-special-heading av-1zj2l0-60f1788843da9785392953a44ae0c809 av-special-heading-h4  avia-builder-el-10  el_after_av_button  el_before_av_textblock '><h4 class='av-special-heading-tag '  itemprop=\"headline\"  >Tennispl\u00e4tze<\/h4><div class=\"special-heading-border\"><div class=\"special-heading-inner-border\"><\/div><\/div><\/div><br \/>\n<section  class='av_textblock_section av-m9qrxe4e-7b5685bd0e2381b86ee6621b1876fa84 '   itemscope=\"itemscope\" itemtype=\"https:\/\/schema.org\/CreativeWork\" ><div class='avia_textblock'  itemprop=\"text\" ><p>Rheingaustra\u00dfe 28b<br \/>\n65201 Wiesbaden<\/p>\n<\/div><\/section><br \/>\n\n<style type=\"text\/css\" data-created_by=\"avia_inline_auto\" id=\"style-css-av-2vj4ck-a4b4ccd22a90efce2f40852f037834b8\">\n#top .av-special-heading.av-2vj4ck-a4b4ccd22a90efce2f40852f037834b8{\npadding-bottom:10px;\n}\nbody .av-special-heading.av-2vj4ck-a4b4ccd22a90efce2f40852f037834b8 .av-special-heading-tag .heading-char{\nfont-size:25px;\n}\n.av-special-heading.av-2vj4ck-a4b4ccd22a90efce2f40852f037834b8 .av-subheading{\nfont-size:15px;\n}\n<\/style>\n<div  class='av-special-heading av-2vj4ck-a4b4ccd22a90efce2f40852f037834b8 av-special-heading-h4  avia-builder-el-12  el_after_av_textblock  el_before_av_textblock '><h4 class='av-special-heading-tag '  itemprop=\"headline\"  >Kontakt<\/h4><div class=\"special-heading-border\"><div class=\"special-heading-inner-border\"><\/div><\/div><\/div><br \/>\n<section  class='av_textblock_section av-kok3ivv2-48ac3db0b1d107e39c4a1605561aee53 '   itemscope=\"itemscope\" itemtype=\"https:\/\/schema.org\/CreativeWork\" ><div class='avia_textblock'  itemprop=\"text\" ><p><img loading=\"lazy\" decoding=\"async\" class=\"alignnone wp-image-1087 size-thumbnail\" src=\"https:\/\/tg-schierstein.de\/wp-content\/uploads\/2021\/05\/icon_tennis_weiss_auf_rot_250px-80x80.png\" alt=\"\" width=\"80\" height=\"80\" srcset=\"https:\/\/tg-schierstein.de\/wp-content\/uploads\/2021\/05\/icon_tennis_weiss_auf_rot_250px-80x80.png 80w, https:\/\/tg-schierstein.de\/wp-content\/uploads\/2021\/05\/icon_tennis_weiss_auf_rot_250px-36x36.png 36w, https:\/\/tg-schierstein.de\/wp-content\/uploads\/2021\/05\/icon_tennis_weiss_auf_rot_250px-180x180.png 180w, https:\/\/tg-schierstein.de\/wp-content\/uploads\/2021\/05\/icon_tennis_weiss_auf_rot_250px.png 250w\" sizes=\"auto, (max-width: 80px) 100vw, 80px\" \/><\/p>\n<p><strong>Gerrit von Seemen<br \/>\n<\/strong>Abteilungsleitung<\/p>\n<p><strong>Christian Fleischer<br \/>\n<\/strong>Jugendleiter<strong><br \/>\nSylvia Fleischer<br \/>\n<\/strong>Kassenwartin<strong><br \/>\nMelanie Wei\u00df<br \/>\n<\/strong>Pressewartin<strong><br \/>\nJoasiane Fluche<br \/>\n<\/strong>Platzordnung<strong><br \/>\nNiuscha Plikat<br \/>\n<\/strong>Mitgliederbetreuung<strong><br \/>\nJosiane Fluche<br \/>\nMaria Horcher<br \/>\n<\/strong>Veranstaltungen<\/p>\n<\/div><\/section><br \/>\n\n<style type=\"text\/css\" data-created_by=\"avia_inline_auto\" id=\"style-css-av-lh3pdo8k-a9855946883cbf7e91a0cdbff83d50d2\">\n#top .av-special-heading.av-lh3pdo8k-a9855946883cbf7e91a0cdbff83d50d2{\npadding-bottom:10px;\n}\nbody .av-special-heading.av-lh3pdo8k-a9855946883cbf7e91a0cdbff83d50d2 .av-special-heading-tag .heading-char{\nfont-size:25px;\n}\n.av-special-heading.av-lh3pdo8k-a9855946883cbf7e91a0cdbff83d50d2 .av-subheading{\nfont-size:15px;\n}\n<\/style>\n<div  class='av-special-heading av-lh3pdo8k-a9855946883cbf7e91a0cdbff83d50d2 av-special-heading-h4  avia-builder-el-14  el_after_av_textblock  el_before_av_contact '><h4 class='av-special-heading-tag '  itemprop=\"headline\"  >Kontaktformular<\/h4><div class=\"special-heading-border\"><div class=\"special-heading-inner-border\"><\/div><\/div><\/div><br \/>\n<form action=\"https:\/\/tg-schierstein.de\/?page_id=2548\" method=\"post\" data-fields-with-error=\"Fehler wurden in folgenden Feld(ern) gefunden:\" class=\"avia_ajax_form av-form-labels-visible   avia-builder-el-15  el_after_av_heading  avia-builder-el-last   \" data-avia-form-id=\"1\" data-avia-redirect='' ><fieldset><p class='  first_form  form_element form_fullwidth' id='element_avia_1_1'><label for=\"avia_1_1\">Name <abbr class=\"required\" title=\"ben\u00f6tigt\">*<\/abbr><\/label> <input name=\"avia_1_1\" class=\"text_input is_empty\" type=\"text\" id=\"avia_1_1\" value=\"\" \/><\/p><p class='  first_form  form_element form_fullwidth' id='element_avia_2_1'><label for=\"avia_2_1\">E-Mail <abbr class=\"required\" title=\"ben\u00f6tigt\">*<\/abbr><\/label> <input name=\"avia_2_1\" class=\"text_input is_empty\" type=\"text\" id=\"avia_2_1\" value=\"\" \/><\/p><p class='  first_form  form_element form_fullwidth' id='element_avia_3_1'><label for=\"avia_3_1\">Telefon<\/label> <input name=\"avia_3_1\" class=\"text_input \" type=\"text\" id=\"avia_3_1\" value=\"\" \/><\/p><p class='  first_form  form_element form_fullwidth' id='element_avia_4_1'><label for=\"avia_4_1\">Betreff <abbr class=\"required\" title=\"ben\u00f6tigt\">*<\/abbr><\/label> <input name=\"avia_4_1\" class=\"text_input is_empty\" type=\"text\" id=\"avia_4_1\" value=\"\" \/><\/p><p class='  first_form  form_element form_fullwidth' id='element_avia_5_1'><label for=\"avia_5_1\" class=\"textare_label hidden textare_label_avia_5_1\">Nachricht <abbr class=\"required\" title=\"ben\u00f6tigt\">*<\/abbr><\/label><textarea  name=\"avia_5_1\" class=\"text_area is_empty\" cols=\"40\" rows=\"7\" id=\"avia_5_1\" ><\/textarea><\/p><p class=\"hidden\"><input type=\"text\" name=\"avia_6_1\" class=\"hidden \" id=\"avia_6_1\" value=\"\" \/><\/p><p class='   form_element form_fullwidth' id='element_avia_7_1'><span class='value_verifier_label'>2 + 5 = ?<\/span><input name=\"avia_7_1_verifier\" type=\"hidden\" id=\"avia_7_1_verifier\" value=\"137243577\"\/><label for=\"avia_7_1\">Bitte l\u00f6se die Gleichung. Diese Ma\u00dfnahme dient der Abwehr von Spam <abbr class=\"required\" title=\"ben\u00f6tigt\">*<\/abbr><\/label><input name=\"avia_7_1\" class=\"text_input captcha\" type=\"text\" id=\"avia_7_1\" value=\"\"\/><\/p><p class=\"form_element \"><input type=\"hidden\" value=\"1\" name=\"avia_generated_form1\" \/><input type=\"submit\" value=\"Senden\" class=\"button\"  data-sending-label=\"Sende\"\/><\/p><\/fieldset><\/form><div id=\"ajaxresponse_1\" class=\"ajaxresponse ajaxresponse_1 hidden\"><\/div><\/p><\/div>\n","protected":false},"excerpt":{"rendered":"","protected":false},"author":1,"featured_media":0,"parent":1514,"menu_order":11,"comment_status":"closed","ping_status":"closed","template":"","meta":{"_acf_changed":false,"footnotes":""},"class_list":["post-2548","page","type-page","status-publish","hentry"],"acf":[],"publishpress_future_action":{"enabled":false,"date":"2026-05-10 10:50:14","action":"change-status","newStatus":"draft","terms":[],"taxonomy":"","extraData":[]},"publishpress_future_workflow_manual_trigger":{"enabledWorkflows":[]},"_links":{"self":[{"href":"https:\/\/tg-schierstein.de\/index.php?rest_route=\/wp\/v2\/pages\/2548","targetHints":{"allow":["GET"]}}],"collection":[{"href":"https:\/\/tg-schierstein.de\/index.php?rest_route=\/wp\/v2\/pages"}],"about":[{"href":"https:\/\/tg-schierstein.de\/index.php?rest_route=\/wp\/v2\/types\/page"}],"author":[{"embeddable":true,"href":"https:\/\/tg-schierstein.de\/index.php?rest_route=\/wp\/v2\/users\/1"}],"replies":[{"embeddable":true,"href":"https:\/\/tg-schierstein.de\/index.php?rest_route=%2Fwp%2Fv2%2Fcomments&post=2548"}],"version-history":[{"count":13,"href":"https:\/\/tg-schierstein.de\/index.php?rest_route=\/wp\/v2\/pages\/2548\/revisions"}],"predecessor-version":[{"id":13843,"href":"https:\/\/tg-schierstein.de\/index.php?rest_route=\/wp\/v2\/pages\/2548\/revisions\/13843"}],"up":[{"embeddable":true,"href":"https:\/\/tg-schierstein.de\/index.php?rest_route=\/wp\/v2\/pages\/1514"}],"wp:attachment":[{"href":"https:\/\/tg-schierstein.de\/index.php?rest_route=%2Fwp%2Fv2%2Fmedia&parent=2548"}],"curies":[{"name":"wp","href":"https:\/\/api.w.org\/{rel}","templated":true}]}}