{"id":1854,"date":"2021-06-18T10:15:47","date_gmt":"2021-06-18T08:15:47","guid":{"rendered":"https:\/\/test.tg-schierstein.de\/?page_id=1854"},"modified":"2025-10-06T14:27:21","modified_gmt":"2025-10-06T12:27:21","slug":"babys-in-bewegung-neu","status":"publish","type":"page","link":"https:\/\/tg-schierstein.de\/?page_id=1854","title":{"rendered":"Babys in Bewegung"},"content":{"rendered":"\n<style type=\"text\/css\" data-created_by=\"avia_inline_auto\" id=\"style-css-av-ldrkw7-0b9b44cd63fddc7978cf361c560afe9f\">\n.flex_column.av-ldrkw7-0b9b44cd63fddc7978cf361c560afe9f{\nborder-radius:0px 0px 0px 0px;\npadding:0px 0px 0px 0px;\n}\n<\/style>\n<div  class='flex_column av-ldrkw7-0b9b44cd63fddc7978cf361c560afe9f av_one_half  avia-builder-el-0  el_before_av_one_fourth  avia-builder-el-first  first flex_column_div av-zero-column-padding  '     ><p>\n<style type=\"text\/css\" data-created_by=\"avia_inline_auto\" id=\"style-css-av-l6s0ve3q-311e7112030273e4ed4f138ebecbf173\">\n.avia-image-container.av-l6s0ve3q-311e7112030273e4ed4f138ebecbf173 img.avia_image{\nbox-shadow:none;\n}\n.avia-image-container.av-l6s0ve3q-311e7112030273e4ed4f138ebecbf173 .av-image-caption-overlay-center{\ncolor:#ffffff;\n}\n<\/style>\n<div  class='avia-image-container av-l6s0ve3q-311e7112030273e4ed4f138ebecbf173 av-styling- avia-align-center  avia-builder-el-1  el_before_av_heading  avia-builder-el-first '   itemprop=\"image\" itemscope=\"itemscope\" itemtype=\"https:\/\/schema.org\/ImageObject\" ><div class=\"avia-image-container-inner\"><div class=\"avia-image-overlay-wrap\"><img decoding=\"async\" fetchpriority=\"high\" class='wp-image-11130 avia-img-lazy-loading-not-11130 avia_image ' src=\"https:\/\/tg-schierstein.de\/wp-content\/uploads\/2025\/02\/BIB-Flyer-2025-Neu-scaled.jpg\" alt='' title='BIB-Flyer-2025-Neu'  height=\"2560\" width=\"1804\"  itemprop=\"thumbnailUrl\" srcset=\"https:\/\/tg-schierstein.de\/wp-content\/uploads\/2025\/02\/BIB-Flyer-2025-Neu-scaled.jpg 1804w, https:\/\/tg-schierstein.de\/wp-content\/uploads\/2025\/02\/BIB-Flyer-2025-Neu-211x300.jpg 211w, https:\/\/tg-schierstein.de\/wp-content\/uploads\/2025\/02\/BIB-Flyer-2025-Neu-722x1024.jpg 722w, https:\/\/tg-schierstein.de\/wp-content\/uploads\/2025\/02\/BIB-Flyer-2025-Neu-768x1090.jpg 768w, https:\/\/tg-schierstein.de\/wp-content\/uploads\/2025\/02\/BIB-Flyer-2025-Neu-1083x1536.jpg 1083w, https:\/\/tg-schierstein.de\/wp-content\/uploads\/2025\/02\/BIB-Flyer-2025-Neu-1443x2048.jpg 1443w, https:\/\/tg-schierstein.de\/wp-content\/uploads\/2025\/02\/BIB-Flyer-2025-Neu-1057x1500.jpg 1057w, https:\/\/tg-schierstein.de\/wp-content\/uploads\/2025\/02\/BIB-Flyer-2025-Neu-497x705.jpg 497w\" sizes=\"(max-width: 1804px) 100vw, 1804px\" \/><\/div><\/div><\/div><br \/>\n\n<style type=\"text\/css\" data-created_by=\"avia_inline_auto\" id=\"style-css-av-212ki6-2941e9df4936db10acfc2f278d033573\">\n#top .av-special-heading.av-212ki6-2941e9df4936db10acfc2f278d033573{\npadding-bottom:10px;\n}\nbody .av-special-heading.av-212ki6-2941e9df4936db10acfc2f278d033573 .av-special-heading-tag .heading-char{\nfont-size:25px;\n}\n.av-special-heading.av-212ki6-2941e9df4936db10acfc2f278d033573 .av-subheading{\nfont-size:15px;\n}\n<\/style>\n<div  class='av-special-heading av-212ki6-2941e9df4936db10acfc2f278d033573 av-special-heading-h4  avia-builder-el-2  el_after_av_image  el_before_av_textblock '><h4 class='av-special-heading-tag '  itemprop=\"headline\"  >Die Abteilung stellt sich vor<\/h4><div class=\"special-heading-border\"><div class=\"special-heading-inner-border\"><\/div><\/div><\/div><br \/>\n<section  class='av_textblock_section av-lauxmuo6-471a5302bcb6599211b4e1f64cd92a92 '   itemscope=\"itemscope\" itemtype=\"https:\/\/schema.org\/CreativeWork\" ><div class='avia_textblock'  itemprop=\"text\" ><p>Seit M\u00e4rz 2017 wurde das Eltern-Kind-Turnen erweitert, mit dem Angebot:<\/p>\n<p style=\"text-align: center;\"><strong>&#8222;Babys in Bewegung&#8220;<br \/>\n<\/strong><\/p>\n<p>Es werden Kurse f\u00fcr Kinder von 3-6 Monaten, 6-9 Monaten und 9-12 Monaten angeboten. Die Stunden finden in Kursform \u00e1 10 Einheiten statt.<\/p>\n<p>Die erwachsenen Teilnehmer k\u00f6nnen die Eltern, aber auch Gro\u00dfeltern oder andere, feste Bezugspersonen f\u00fcr die Kinder sein.<\/p>\n<p>Ziel ist es, die Kinder in den einzelnen Entwicklungsphasen durch Bewegungs-,\u00a0 Sinnes- und Spielangebote\u00a0 in ihrer individuellen Entwicklung anzuregen und zu unterst\u00fctzen.<\/p>\n<p>Auch die Eltern k\u00f6nnen Unterst\u00fctzung, Anregungen und Austausch\u00a0 im allt\u00e4glichen Umgang mit ihrem Kind erfahren.<\/p>\n<p>Inhalte der Stunden sind Lieder, Bewegungs- und Massagespiele genauso wie Fingerspiele, die dem Alter und dem Entwicklungsstand der Kinder angepasst sind.<\/p>\n<p>Da die Entwicklung gerade im ersten Lebensjahr sehr rasant und oft sehr unterschiedlich verl\u00e4uft, werden die Kurse von ein bis zwei \u00dcbungsleiterinnen geleitet. So k\u00f6nnen wir in jeder Stunde individuell auf die Bed\u00fcrfnisse und das K\u00f6nnen der Kinder eingehen.<\/p>\n<\/div><\/section><br \/>\n\n<style type=\"text\/css\" data-created_by=\"avia_inline_auto\" id=\"style-css-av-li50q4by-80cf8b061e18964832fd874535415576\">\n@keyframes av_boxShadowEffect_av-li50q4by-80cf8b061e18964832fd874535415576 {\n0%   { box-shadow:  0 0 0 0 #cccccc; opacity: 1; }\n100% { box-shadow:  0 0 10px 0 #cccccc; opacity: 1; }\n}\n.avia-image-container.av-li50q4by-80cf8b061e18964832fd874535415576 img.avia_image{\nbox-shadow: 0 0 10px 0 #cccccc;\n}\n.avia-image-container.av-li50q4by-80cf8b061e18964832fd874535415576 .av-image-caption-overlay-center{\ncolor:#ffffff;\n}\n<\/style>\n<div  class='avia-image-container av-li50q4by-80cf8b061e18964832fd874535415576 av-styling- avia-align-center  avia-builder-el-4  el_after_av_textblock  avia-builder-el-last  av-img-box-shadow av-box-shadow-not-animated'   itemprop=\"image\" itemscope=\"itemscope\" itemtype=\"https:\/\/schema.org\/ImageObject\" ><div class=\"avia-image-container-inner\"><div class=\"avia-image-overlay-wrap\"><img decoding=\"async\" fetchpriority=\"high\" class='wp-image-5895 avia-img-lazy-loading-not-5895 avia_image shadow-not-animated' src=\"https:\/\/tg-schierstein.de\/wp-content\/uploads\/2023\/05\/01__Babys-in-Bewegung_2023.jpeg\" alt='' title='01__Babys-in-Bewegung_2023'  height=\"768\" width=\"1024\"  itemprop=\"thumbnailUrl\" srcset=\"https:\/\/tg-schierstein.de\/wp-content\/uploads\/2023\/05\/01__Babys-in-Bewegung_2023.jpeg 1024w, https:\/\/tg-schierstein.de\/wp-content\/uploads\/2023\/05\/01__Babys-in-Bewegung_2023-300x225.jpeg 300w, https:\/\/tg-schierstein.de\/wp-content\/uploads\/2023\/05\/01__Babys-in-Bewegung_2023-768x576.jpeg 768w, https:\/\/tg-schierstein.de\/wp-content\/uploads\/2023\/05\/01__Babys-in-Bewegung_2023-705x529.jpeg 705w\" sizes=\"(max-width: 1024px) 100vw, 1024px\" \/><\/div><\/div><\/div><\/p><\/div>\n\n<style type=\"text\/css\" data-created_by=\"avia_inline_auto\" id=\"style-css-av-1r04dz-c8e1b08faca97996bdaba4649fce16e1\">\n.flex_column.av-1r04dz-c8e1b08faca97996bdaba4649fce16e1{\nborder-radius:0px 0px 0px 0px;\npadding:0px 0px 0px 0px;\n}\n<\/style>\n<div  class='flex_column av-1r04dz-c8e1b08faca97996bdaba4649fce16e1 av_one_fourth  avia-builder-el-5  el_after_av_one_half  el_before_av_one_fourth  flex_column_div av-zero-column-padding  '     ><p>\n<style type=\"text\/css\" data-created_by=\"avia_inline_auto\" id=\"style-css-av-kpdru3pi-c9cd716f7703471968a1c8fea614558d\">\n#top .av-special-heading.av-kpdru3pi-c9cd716f7703471968a1c8fea614558d{\npadding-bottom:10px;\n}\nbody .av-special-heading.av-kpdru3pi-c9cd716f7703471968a1c8fea614558d .av-special-heading-tag .heading-char{\nfont-size:25px;\n}\n.av-special-heading.av-kpdru3pi-c9cd716f7703471968a1c8fea614558d .av-subheading{\nfont-size:15px;\n}\n<\/style>\n<div  class='av-special-heading av-kpdru3pi-c9cd716f7703471968a1c8fea614558d av-special-heading-h4  avia-builder-el-6  el_before_av_textblock  avia-builder-el-first '><h4 class='av-special-heading-tag '  itemprop=\"headline\"  >Zeiten<\/h4><div class=\"special-heading-border\"><div class=\"special-heading-inner-border\"><\/div><\/div><\/div><br \/>\n<section  class='av_textblock_section av-kq25bot4-fbc99f64efae47d545780d8674ce52d7 '   itemscope=\"itemscope\" itemtype=\"https:\/\/schema.org\/CreativeWork\" ><div class='avia_textblock'  itemprop=\"text\" ><p><strong><span style=\"text-decoration: underline;\">Hinweis:<\/span><br \/>\n<\/strong>Teilnahme nur mit Voranmeldung !<br \/>\nBabys in Bewegung findet in Kursform statt.<\/p>\n<\/div><\/section><br \/>\n\n<style type=\"text\/css\" data-created_by=\"avia_inline_auto\" id=\"style-css-av-ldinxzqm-ac293b3ab7218f2904a21e8227bb070d\">\n#top .avia-icon-list-container.av-ldinxzqm-ac293b3ab7218f2904a21e8227bb070d .iconlist_icon{\ncolor:#346fdb;\nbackground-color:#ffffff;\nborder:1px solid #ffffff;\n}\n#top .avia-icon-list-container.av-ldinxzqm-ac293b3ab7218f2904a21e8227bb070d .iconlist_icon svg:first-child{\nstroke:#346fdb;\nfill:#346fdb;\n}\n#top #wrap_all .avia-icon-list-container.av-ldinxzqm-ac293b3ab7218f2904a21e8227bb070d .av_iconlist_title{\ncolor:#346fdb;\n}\n<\/style>\n<div  class='avia-icon-list-container av-ldinxzqm-ac293b3ab7218f2904a21e8227bb070d  avia-builder-el-8  el_after_av_textblock  el_before_av_image '><ul class='avia-icon-list avia_animate_when_almost_visible avia-icon-list-left av-iconlist-small av-ldinxzqm-ac293b3ab7218f2904a21e8227bb070d avia-iconlist-animate'>\n<li><div class='iconlist_icon av-4vpwwu-0026684864d591f1285300655e7b79ed avia-font-entypo-fontello avia-iconfont avia-font-entypo-fontello'><span class='av-icon-char' data-av_icon='\ue862' data-av_iconfont='entypo-fontello' aria-hidden=\"true\"><\/span><\/div><article class=\"article-icon-entry \"  itemscope=\"itemscope\" itemtype=\"https:\/\/schema.org\/CreativeWork\" ><div class=\"iconlist_content_wrap\"><header class=\"entry-content-header\" aria-label=\"Icon: Donnerstag\"><div class='av_iconlist_title iconlist_title_small  av_inherit_color'  itemprop=\"headline\" >Donnerstag<\/div><\/header><div class='iconlist_content '  itemprop=\"text\" ><p><strong>08:45-10:15 Uhr<\/strong><br \/>\nAlter: 9-12 Monate<\/p>\n<\/div><\/div><footer class=\"entry-footer\"><\/footer><\/article><div class=\"iconlist-timeline\"><\/div><\/li>\n<li><div class='iconlist_icon av-ldinxm1y-e006dd5b7b623d14effd30034d6110c7 avia-font-entypo-fontello avia-iconfont avia-font-entypo-fontello'><span class='av-icon-char' data-av_icon='\ue862' data-av_iconfont='entypo-fontello' aria-hidden=\"true\"><\/span><\/div><article class=\"article-icon-entry \"  itemscope=\"itemscope\" itemtype=\"https:\/\/schema.org\/CreativeWork\" ><div class=\"iconlist_content_wrap\"><header class=\"entry-content-header\" aria-label=\"Icon: Donnerstag\"><div class='av_iconlist_title iconlist_title_small  av_inherit_color'  itemprop=\"headline\" >Donnerstag<\/div><\/header><div class='iconlist_content '  itemprop=\"text\" ><p><strong>10:30-12:00 Uhr<\/strong><br \/>\nAlter: 6-9 Monate<\/p>\n<\/div><\/div><footer class=\"entry-footer\"><\/footer><\/article><div class=\"iconlist-timeline\"><\/div><\/li>\n<li><div class='iconlist_icon av-ldinxx8f-5c121a79b74dfe0c9d53f64413f4da4e avia-font-entypo-fontello avia-iconfont avia-font-entypo-fontello'><span class='av-icon-char' data-av_icon='\ue862' data-av_iconfont='entypo-fontello' aria-hidden=\"true\"><\/span><\/div><article class=\"article-icon-entry \"  itemscope=\"itemscope\" itemtype=\"https:\/\/schema.org\/CreativeWork\" ><div class=\"iconlist_content_wrap\"><header class=\"entry-content-header\" aria-label=\"Icon: Donnerstag\"><div class='av_iconlist_title iconlist_title_small  av_inherit_color'  itemprop=\"headline\" >Donnerstag<\/div><\/header><div class='iconlist_content '  itemprop=\"text\" ><p><strong>12:15-13:45 Uhr<\/strong><br \/>\nAlter: 3-6 Monate<\/p>\n<\/div><\/div><footer class=\"entry-footer\"><\/footer><\/article><div class=\"iconlist-timeline\"><\/div><\/li>\n<li><div class='iconlist_icon av-259w1a-aa0cf1e09f8b50dcff2be71de2750715 avia-font-entypo-fontello avia-iconfont avia-font-entypo-fontello'><span class='av-icon-char' data-av_icon='\ue841' data-av_iconfont='entypo-fontello' aria-hidden=\"true\"><\/span><\/div><article class=\"article-icon-entry \"  itemscope=\"itemscope\" itemtype=\"https:\/\/schema.org\/CreativeWork\" ><div class=\"iconlist_content_wrap\"><header class=\"entry-content-header\" aria-label=\"Icon: Ort \/ Halle\"><div class='av_iconlist_title iconlist_title_small  av_inherit_color'  itemprop=\"headline\" >Ort \/ Halle<\/div><\/header><div class='iconlist_content '  itemprop=\"text\" ><p><strong>Georg-Lang-Halle<\/strong><br \/>\nM\u00f6wenstra\u00dfe 25<br \/>\n65201 Wiesbaden<br \/>\n(Eingang \u00fcber Ehrengartstra\u00dfe)<\/p>\n<\/div><\/div><footer class=\"entry-footer\"><\/footer><\/article><div class=\"iconlist-timeline\"><\/div><\/li>\n<\/ul><\/div><br \/>\n\n<style type=\"text\/css\" data-created_by=\"avia_inline_auto\" id=\"style-css-av-li50rq6s-0dc7946e85531eb7ad0e1c8dd0c4c7c2\">\n@keyframes av_boxShadowEffect_av-li50rq6s-0dc7946e85531eb7ad0e1c8dd0c4c7c2 {\n0%   { box-shadow:  0 0 0 0 #cccccc; opacity: 1; }\n100% { box-shadow:  0 0 10px 0 #cccccc; opacity: 1; }\n}\n.avia-image-container.av-li50rq6s-0dc7946e85531eb7ad0e1c8dd0c4c7c2 img.avia_image{\nbox-shadow: 0 0 10px 0 #cccccc;\n}\n.avia-image-container.av-li50rq6s-0dc7946e85531eb7ad0e1c8dd0c4c7c2 .av-image-caption-overlay-center{\ncolor:#ffffff;\n}\n<\/style>\n<div  class='avia-image-container av-li50rq6s-0dc7946e85531eb7ad0e1c8dd0c4c7c2 av-styling- avia-align-center  avia-builder-el-9  el_after_av_iconlist  avia-builder-el-last  av-img-box-shadow av-box-shadow-not-animated'   itemprop=\"image\" itemscope=\"itemscope\" itemtype=\"https:\/\/schema.org\/ImageObject\" ><div class=\"avia-image-container-inner\"><div class=\"avia-image-overlay-wrap\"><img decoding=\"async\" fetchpriority=\"high\" class='wp-image-5894 avia-img-lazy-loading-not-5894 avia_image shadow-not-animated' src=\"https:\/\/tg-schierstein.de\/wp-content\/uploads\/2023\/05\/02__Babys-in-Bewegung_2023.jpeg\" alt='' title='02__Babys-in-Bewegung_2023'  height=\"1024\" width=\"768\"  itemprop=\"thumbnailUrl\" srcset=\"https:\/\/tg-schierstein.de\/wp-content\/uploads\/2023\/05\/02__Babys-in-Bewegung_2023.jpeg 768w, https:\/\/tg-schierstein.de\/wp-content\/uploads\/2023\/05\/02__Babys-in-Bewegung_2023-225x300.jpeg 225w, https:\/\/tg-schierstein.de\/wp-content\/uploads\/2023\/05\/02__Babys-in-Bewegung_2023-529x705.jpeg 529w\" sizes=\"(max-width: 768px) 100vw, 768px\" \/><\/div><\/div><\/div><\/p><\/div>\n\n<style type=\"text\/css\" data-created_by=\"avia_inline_auto\" id=\"style-css-av-bvan8-2013b98c5cdbadffc7065dde1e6f3d44\">\n.flex_column.av-bvan8-2013b98c5cdbadffc7065dde1e6f3d44{\nborder-radius:0px 0px 0px 0px;\npadding:0px 0px 0px 0px;\n}\n<\/style>\n<div  class='flex_column av-bvan8-2013b98c5cdbadffc7065dde1e6f3d44 av_one_fourth  avia-builder-el-10  el_after_av_one_fourth  avia-builder-el-last  flex_column_div av-zero-column-padding  '     ><p>\n<style type=\"text\/css\" data-created_by=\"avia_inline_auto\" id=\"style-css-av-kpdssarn-55cae377db482e7e91bec9cfb2cc51fd\">\n#top .av-special-heading.av-kpdssarn-55cae377db482e7e91bec9cfb2cc51fd{\npadding-bottom:10px;\n}\nbody .av-special-heading.av-kpdssarn-55cae377db482e7e91bec9cfb2cc51fd .av-special-heading-tag .heading-char{\nfont-size:25px;\n}\n.av-special-heading.av-kpdssarn-55cae377db482e7e91bec9cfb2cc51fd .av-subheading{\nfont-size:15px;\n}\n<\/style>\n<div  class='av-special-heading av-kpdssarn-55cae377db482e7e91bec9cfb2cc51fd av-special-heading-h4  avia-builder-el-11  el_before_av_textblock  avia-builder-el-first '><h4 class='av-special-heading-tag '  itemprop=\"headline\"  >Kontakt<\/h4><div class=\"special-heading-border\"><div class=\"special-heading-inner-border\"><\/div><\/div><\/div><br \/>\n<section  class='av_textblock_section av-kok3ivv2-e61af85da821fd87ce547e5d287aa6bd '   itemscope=\"itemscope\" itemtype=\"https:\/\/schema.org\/CreativeWork\" ><div class='avia_textblock'  itemprop=\"text\" ><h3>\u00a0<img loading=\"lazy\" decoding=\"async\" class=\"alignnone wp-image-1064 size-thumbnail\" src=\"https:\/\/tg-schierstein.de\/wp-content\/uploads\/2021\/05\/icon_eltern-kind-turnen_weiss_auf_rot_250px-80x80.png\" alt=\"\" width=\"80\" height=\"80\" srcset=\"https:\/\/tg-schierstein.de\/wp-content\/uploads\/2021\/05\/icon_eltern-kind-turnen_weiss_auf_rot_250px-80x80.png 80w, https:\/\/tg-schierstein.de\/wp-content\/uploads\/2021\/05\/icon_eltern-kind-turnen_weiss_auf_rot_250px-36x36.png 36w, https:\/\/tg-schierstein.de\/wp-content\/uploads\/2021\/05\/icon_eltern-kind-turnen_weiss_auf_rot_250px-180x180.png 180w, https:\/\/tg-schierstein.de\/wp-content\/uploads\/2021\/05\/icon_eltern-kind-turnen_weiss_auf_rot_250px.png 250w\" sizes=\"auto, (max-width: 80px) 100vw, 80px\" \/><\/h3>\n<p><strong>Bettina Hamann<br \/>\nMarianne Leukel<\/strong><\/p>\n<p><a href=\"mailto:ekt@tg-schierstein.de\" target=\"_blank\" rel=\"noopener\">ekt@tg-schierstein.de<\/a><\/p>\n<\/div><\/section><br \/>\n\n<style type=\"text\/css\" data-created_by=\"avia_inline_auto\" id=\"style-css-av-lh3cidi8-85772cd143cf20af18db5d7b03c3974d\">\n#top .av-special-heading.av-lh3cidi8-85772cd143cf20af18db5d7b03c3974d{\npadding-bottom:10px;\n}\nbody .av-special-heading.av-lh3cidi8-85772cd143cf20af18db5d7b03c3974d .av-special-heading-tag .heading-char{\nfont-size:25px;\n}\n.av-special-heading.av-lh3cidi8-85772cd143cf20af18db5d7b03c3974d .av-subheading{\nfont-size:15px;\n}\n<\/style>\n<div  class='av-special-heading av-lh3cidi8-85772cd143cf20af18db5d7b03c3974d av-special-heading-h4  avia-builder-el-13  el_after_av_textblock  el_before_av_contact '><h4 class='av-special-heading-tag '  itemprop=\"headline\"  >Kontaktformular<\/h4><div class=\"special-heading-border\"><div class=\"special-heading-inner-border\"><\/div><\/div><\/div><br \/>\n<form action=\"https:\/\/tg-schierstein.de\/?page_id=1854\" method=\"post\" data-fields-with-error=\"Fehler wurden in folgenden Feld(ern) gefunden:\" class=\"avia_ajax_form av-form-labels-visible   avia-builder-el-14  el_after_av_heading  avia-builder-el-last   \" data-avia-form-id=\"1\" data-avia-redirect='' ><fieldset><p class='  first_form  form_element form_fullwidth' id='element_avia_1_1'><label for=\"avia_1_1\">Name <abbr class=\"required\" title=\"ben\u00f6tigt\">*<\/abbr><\/label> <input name=\"avia_1_1\" class=\"text_input is_empty\" type=\"text\" id=\"avia_1_1\" value=\"\" \/><\/p><p class='  first_form  form_element form_fullwidth' id='element_avia_2_1'><label for=\"avia_2_1\">E-Mail <abbr class=\"required\" title=\"ben\u00f6tigt\">*<\/abbr><\/label> <input name=\"avia_2_1\" class=\"text_input is_empty\" type=\"text\" id=\"avia_2_1\" value=\"\" \/><\/p><p class='  first_form  form_element form_fullwidth' id='element_avia_3_1'><label for=\"avia_3_1\">Telefon<\/label> <input name=\"avia_3_1\" class=\"text_input \" type=\"text\" id=\"avia_3_1\" value=\"\" \/><\/p><p class='  first_form  form_element form_fullwidth' id='element_avia_4_1'><label for=\"avia_4_1\">Betreff <abbr class=\"required\" title=\"ben\u00f6tigt\">*<\/abbr><\/label> <input name=\"avia_4_1\" class=\"text_input is_empty\" type=\"text\" id=\"avia_4_1\" value=\"\" \/><\/p><p class='  first_form  form_element form_fullwidth' id='element_avia_5_1'><label for=\"avia_5_1\" class=\"textare_label hidden textare_label_avia_5_1\">Nachricht <abbr class=\"required\" title=\"ben\u00f6tigt\">*<\/abbr><\/label><textarea  name=\"avia_5_1\" class=\"text_area is_empty\" cols=\"40\" rows=\"7\" id=\"avia_5_1\" ><\/textarea><\/p><p class=\"hidden\"><input type=\"text\" name=\"avia_6_1\" class=\"hidden \" id=\"avia_6_1\" value=\"\" \/><\/p><p class='   form_element form_fullwidth' id='element_avia_7_1'><span class='value_verifier_label'>4 + 0 = ?<\/span><input name=\"avia_7_1_verifier\" type=\"hidden\" id=\"avia_7_1_verifier\" value=\"874334775\"\/><label for=\"avia_7_1\">Bitte l\u00f6se die Gleichung. Diese Ma\u00dfnahme dient der Abwehr von Spam <abbr class=\"required\" title=\"ben\u00f6tigt\">*<\/abbr><\/label><input name=\"avia_7_1\" class=\"text_input captcha\" type=\"text\" id=\"avia_7_1\" value=\"\"\/><\/p><p class=\"form_element \"><input type=\"hidden\" value=\"1\" name=\"avia_generated_form1\" \/><input type=\"submit\" value=\"Senden\" class=\"button\"  data-sending-label=\"Sende\"\/><\/p><\/fieldset><\/form><div id=\"ajaxresponse_1\" class=\"ajaxresponse ajaxresponse_1 hidden\"><\/div><\/p><\/div>\n","protected":false},"excerpt":{"rendered":"","protected":false},"author":1,"featured_media":0,"parent":1842,"menu_order":2,"comment_status":"closed","ping_status":"closed","template":"","meta":{"_acf_changed":false,"footnotes":""},"class_list":["post-1854","page","type-page","status-publish","hentry"],"acf":[],"publishpress_future_action":{"enabled":false,"date":"2026-05-10 10:50:27","action":"change-status","newStatus":"draft","terms":[],"taxonomy":"","extraData":[]},"publishpress_future_workflow_manual_trigger":{"enabledWorkflows":[]},"_links":{"self":[{"href":"https:\/\/tg-schierstein.de\/index.php?rest_route=\/wp\/v2\/pages\/1854","targetHints":{"allow":["GET"]}}],"collection":[{"href":"https:\/\/tg-schierstein.de\/index.php?rest_route=\/wp\/v2\/pages"}],"about":[{"href":"https:\/\/tg-schierstein.de\/index.php?rest_route=\/wp\/v2\/types\/page"}],"author":[{"embeddable":true,"href":"https:\/\/tg-schierstein.de\/index.php?rest_route=\/wp\/v2\/users\/1"}],"replies":[{"embeddable":true,"href":"https:\/\/tg-schierstein.de\/index.php?rest_route=%2Fwp%2Fv2%2Fcomments&post=1854"}],"version-history":[{"count":4,"href":"https:\/\/tg-schierstein.de\/index.php?rest_route=\/wp\/v2\/pages\/1854\/revisions"}],"predecessor-version":[{"id":12753,"href":"https:\/\/tg-schierstein.de\/index.php?rest_route=\/wp\/v2\/pages\/1854\/revisions\/12753"}],"up":[{"embeddable":true,"href":"https:\/\/tg-schierstein.de\/index.php?rest_route=\/wp\/v2\/pages\/1842"}],"wp:attachment":[{"href":"https:\/\/tg-schierstein.de\/index.php?rest_route=%2Fwp%2Fv2%2Fmedia&parent=1854"}],"curies":[{"name":"wp","href":"https:\/\/api.w.org\/{rel}","templated":true}]}}