{"id":1642,"date":"2021-05-31T10:15:07","date_gmt":"2021-05-31T08:15:07","guid":{"rendered":"https:\/\/test.tg-schierstein.de\/?page_id=1642"},"modified":"2025-09-26T09:27:37","modified_gmt":"2025-09-26T07:27:37","slug":"mitgliedschaft","status":"publish","type":"page","link":"https:\/\/tg-schierstein.de\/?page_id=1642","title":{"rendered":"Mitgliedschaft im Verein"},"content":{"rendered":"\n<style type=\"text\/css\" data-created_by=\"avia_inline_auto\" id=\"style-css-av-lh39lp37-2c0a85307efef020b8b306f88a3b5c37\">\n.avia-section.av-lh39lp37-2c0a85307efef020b8b306f88a3b5c37{\nbackground-repeat:no-repeat;\nbackground-image:url(https:\/\/tg-schierstein.de\/wp-content\/uploads\/2023\/04\/Bild-Mitgliedschaftseite-1024x683.jpg);\nbackground-position:50% 100%;\nbackground-attachment:fixed;\n}\n<\/style>\n<div id='av_section_1'  class='avia-section av-lh39lp37-2c0a85307efef020b8b306f88a3b5c37 main_color avia-section-default avia-no-border-styling  avia-builder-el-0  el_before_av_one_half  avia-builder-el-first  avia-full-stretch avia-bg-style-fixed av-minimum-height av-minimum-height-custom av-height-custom  container_wrap sidebar_right'  data-section-bg-repeat='stretch' data-av_minimum_height_px='200'><div class='container av-section-cont-open' style='height:200px'><main  role=\"main\" itemprop=\"mainContentOfPage\"  class='template-page content  av-content-small alpha units'><div class='post-entry post-entry-type-page post-entry-1642'><div class='entry-content-wrapper clearfix'>\n<section  class='av_textblock_section av-lmd9p3y3-086f3bcf90d557adabb088722e69a8e4 '   itemscope=\"itemscope\" itemtype=\"https:\/\/schema.org\/CreativeWork\" ><div class='avia_textblock'  itemprop=\"text\" ><h2 style=\"text-align: center;\"><span style=\"color: #ffffff;\">Allgemeine Informationen<\/span><\/h2>\n<\/div><\/section>\n<\/div><\/div><\/main><!-- close content main element --><\/div><\/div><div id='after_section_1'  class='main_color av_default_container_wrap container_wrap sidebar_right'  ><div class='container av-section-cont-open' ><div class='template-page content  av-content-small alpha units'><div class='post-entry post-entry-type-page post-entry-1642'><div class='entry-content-wrapper clearfix'>\n\n<style type=\"text\/css\" data-created_by=\"avia_inline_auto\" id=\"style-css-av-28uhzeq-69ce4b953b08f613323f74077c5dec90\">\n.flex_column.av-28uhzeq-69ce4b953b08f613323f74077c5dec90{\nborder-radius:0px 0px 0px 0px;\npadding:0px 0px 0px 0px;\n}\n<\/style>\n<div  class='flex_column av-28uhzeq-69ce4b953b08f613323f74077c5dec90 av_one_half  avia-builder-el-2  el_after_av_section  el_before_av_one_half  avia-builder-el-first  first flex_column_div av-zero-column-padding  '     ><p>\n<style type=\"text\/css\" data-created_by=\"avia_inline_auto\" id=\"style-css-av-lawjqamx-9fd2d89decb75cd1e39f56e3f70dddbe\">\n#top .av-special-heading.av-lawjqamx-9fd2d89decb75cd1e39f56e3f70dddbe{\npadding-bottom:10px;\n}\nbody .av-special-heading.av-lawjqamx-9fd2d89decb75cd1e39f56e3f70dddbe .av-special-heading-tag .heading-char{\nfont-size:25px;\n}\n.av-special-heading.av-lawjqamx-9fd2d89decb75cd1e39f56e3f70dddbe .av-subheading{\nfont-size:15px;\n}\n<\/style>\n<div  class='av-special-heading av-lawjqamx-9fd2d89decb75cd1e39f56e3f70dddbe av-special-heading-h4  avia-builder-el-3  el_before_av_textblock  avia-builder-el-first '><h4 class='av-special-heading-tag '  itemprop=\"headline\"  >Mitgliedsantrag, Beitr\u00e4ge <span class='special_amp'>&amp;<\/span> Vereinsinformationen<\/h4><div class=\"special-heading-border\"><div class=\"special-heading-inner-border\"><\/div><\/div><\/div><br \/>\n<section  class='av_textblock_section av-kpccpib0-cdc4e88b7e625bd7c9c8b448e6958c3f '   itemscope=\"itemscope\" itemtype=\"https:\/\/schema.org\/CreativeWork\" ><div class='avia_textblock'  itemprop=\"text\" ><p>Hier findest Du nun einige Informationen zur Mitgliedschaft in Deinem neuen Verein \u2013 der Turngemeinde Schierstein.<\/p>\n<p>Bitte den Mitgliedsantrag am PC ausf\u00fcllen und anschlie\u00dfend ausdrucken, unterschreiben , einscannen und per Email an mitgliedschaft@tg-schierstein.de senden.<\/p>\n<p>Es besteht weiterhin die M\u00f6glichkeit, den Antrag ausgef\u00fcllt und unterschrieben in Papierform bei einem\/einer Trainer(in), \u00dcbungsleiter(in) oder bei unserem Wirt (Gastst\u00e4tte) in der Georg-Lang-Halle abzugeben.<\/p>\n<\/div><\/section><br \/>\n<div  class='avia-buttonrow-wrap av-lnuhyrun-363ac9f259336f8e610b9caa1b318dda avia-buttonrow-left  avia-builder-el-5  el_after_av_textblock  el_before_av_heading '>\n\n<style type=\"text\/css\" data-created_by=\"avia_inline_auto\" id=\"style-css-av-lnuhyqzo-ae668c644a24f9311c6731c9fd1bd5b6\">\n#top #wrap_all .avia-button.av-lnuhyqzo-ae668c644a24f9311c6731c9fd1bd5b6{\nbox-shadow: 5px 5px 0px 0px #cccccc;\ntransition:all 0.4s ease-in-out;\nmargin-bottom:10px;\nmargin-right:10px;\n}\n<\/style>\n<a href='https:\/\/tg-schierstein.de\/wp-content\/uploads\/2023\/10\/Beitrittserklaerung-ab-01-10-2023.pdf'  class='avia-button av-lnuhyqzo-ae668c644a24f9311c6731c9fd1bd5b6 avia-icon_select-yes-left-icon avia-size-medium avia-color-theme-color'  target=\"_blank\"  rel=\"noopener noreferrer\"  aria-label=\" Mitgliedsantrag (PDF)\"><span class='avia_button_icon avia_button_icon_left avia-iconfont avia-font-entypo-fontello' data-av_icon='\ue84b' data-av_iconfont='entypo-fontello' ><\/span><span class='avia_iconbox_title' > Mitgliedsantrag (PDF)<\/span><\/a>\n\n<style type=\"text\/css\" data-created_by=\"avia_inline_auto\" id=\"style-css-av-8oqze-7f51180a8377d4de989a0e28e2c97eae\">\n#top #wrap_all .avia-button.av-8oqze-7f51180a8377d4de989a0e28e2c97eae{\nbox-shadow: 5px 5px 0px 0px #cccccc;\ntransition:all 0.4s ease-in-out;\nmargin-bottom:10px;\nmargin-right:10px;\n}\n<\/style>\n<a href='https:\/\/tg-schierstein.de\/wp-content\/uploads\/2021\/05\/satzung_28_03_2014.pdf'  class='avia-button av-8oqze-7f51180a8377d4de989a0e28e2c97eae avia-icon_select-yes-left-icon avia-size-medium avia-color-theme-color'  target=\"_blank\"  rel=\"noopener noreferrer\"  aria-label=\" Satzung (PDF)\"><span class='avia_button_icon avia_button_icon_left avia-iconfont avia-font-entypo-fontello' data-av_icon='\ue84e' data-av_iconfont='entypo-fontello' ><\/span><span class='avia_iconbox_title' > Satzung (PDF)<\/span><\/a>\n<\/div><br \/>\n\n<style type=\"text\/css\" data-created_by=\"avia_inline_auto\" id=\"style-css-av-lmd9o0uo-a682bb04e422e46bc821454c3e536c1b\">\n#top .av-special-heading.av-lmd9o0uo-a682bb04e422e46bc821454c3e536c1b{\npadding-bottom:10px;\n}\nbody .av-special-heading.av-lmd9o0uo-a682bb04e422e46bc821454c3e536c1b .av-special-heading-tag .heading-char{\nfont-size:25px;\n}\n.av-special-heading.av-lmd9o0uo-a682bb04e422e46bc821454c3e536c1b .av-subheading{\nfont-size:15px;\n}\n<\/style>\n<div  class='av-special-heading av-lmd9o0uo-a682bb04e422e46bc821454c3e536c1b av-special-heading-h4  avia-builder-el-6  el_after_av_buttonrow  el_before_av_textblock '><h4 class='av-special-heading-tag '  itemprop=\"headline\"  >Hinweis<\/h4><div class=\"special-heading-border\"><div class=\"special-heading-inner-border\"><\/div><\/div><\/div><br \/>\n<section  class='av_textblock_section av-kpcce05k-f46ef9e27b29a5b60e9a070a685c3b29 '   itemscope=\"itemscope\" itemtype=\"https:\/\/schema.org\/CreativeWork\" ><div class='avia_textblock'  itemprop=\"text\" ><p>Die Beitr\u00e4ge werden im SEPA-Lastschriftverfahren unter Angabe der Gl\u00e4ubiger-ID DE18TGS00000142429 und der Mitgliedsnummer als Mandatsreferenz viertelj\u00e4hrlich am 28. Februar, 31. Mai, 31. August und 30. November eingezogen.<\/p>\n<p>Der Zusatzbeitrag Tennis wird am 31. M\u00e4rz, der Zusatzbeitrag Taekwondo am 01. jeden Monats und der Zusatzbeitrag Handball 1\/4-j\u00e4hrlich eingezogen<\/p>\n<p>F\u00e4llt der Einzugstermin nicht auf einen Bankarbeitstag, erfolgt der Einzug am unmittelbar darauf folgenden Bankarbeitstag.<\/p>\n<\/div><\/section><\/p><\/div>\n\n<style type=\"text\/css\" data-created_by=\"avia_inline_auto\" id=\"style-css-av-6bgwne-8c10cf92912083e4b177ebd19f4d98b4\">\n.flex_column.av-6bgwne-8c10cf92912083e4b177ebd19f4d98b4{\nborder-radius:0px 0px 0px 0px;\npadding:0px 0px 0px 0px;\n}\n<\/style>\n<div  class='flex_column av-6bgwne-8c10cf92912083e4b177ebd19f4d98b4 av_one_half  avia-builder-el-8  el_after_av_one_half  avia-builder-el-last  flex_column_div av-zero-column-padding  '     ><p>\n<style type=\"text\/css\" data-created_by=\"avia_inline_auto\" id=\"style-css-av-fbay2-825ad1111ac54459eeb4d95d803bb370\">\n#top .av-special-heading.av-fbay2-825ad1111ac54459eeb4d95d803bb370{\npadding-bottom:10px;\n}\nbody .av-special-heading.av-fbay2-825ad1111ac54459eeb4d95d803bb370 .av-special-heading-tag .heading-char{\nfont-size:25px;\n}\n.av-special-heading.av-fbay2-825ad1111ac54459eeb4d95d803bb370 .av-subheading{\nfont-size:15px;\n}\n<\/style>\n<div  class='av-special-heading av-fbay2-825ad1111ac54459eeb4d95d803bb370 av-special-heading-h4  avia-builder-el-9  el_before_av_textblock  avia-builder-el-first '><h4 class='av-special-heading-tag '  itemprop=\"headline\"  >Mitgliedsbeitr\u00e4ge ab 01.01.2025<\/h4><div class=\"special-heading-border\"><div class=\"special-heading-inner-border\"><\/div><\/div><\/div><br \/>\n<section  class='av_textblock_section av-mg0iq267-d1190e6542fe23135c0d320b76705722 '   itemscope=\"itemscope\" itemtype=\"https:\/\/schema.org\/CreativeWork\" ><div class='avia_textblock'  itemprop=\"text\" ><p><strong>(Es gibt Beitragsanpassungen ab 01.01.2026)<\/strong><\/p>\n<\/div><\/section><br \/>\n<section  class='av_textblock_section av-2kbq1m-86effc76c3c8e2538ddf28912083c041 '   itemscope=\"itemscope\" itemtype=\"https:\/\/schema.org\/CreativeWork\" ><div class='avia_textblock'  itemprop=\"text\" ><p><strong><span style=\"text-decoration: underline;\">Monatsbeitrag<\/span> Verein<\/strong><br \/>\n(Stand: 01\/2025)<\/p>\n<table style=\"border-collapse: collapse; width: 100%; height: 71px;\">\n<tbody>\n<tr style=\"height: 24px;\">\n<td style=\"width: 50%; height: 24px;\">Jugendliche bis 17 Jahre<\/td>\n<td style=\"width: 50%; text-align: right; height: 24px;\">6,00 \u20ac \/ Monat<\/td>\n<\/tr>\n<tr style=\"height: 23px;\">\n<td style=\"width: 50%; height: 23px;\">Erwachsene<\/td>\n<td style=\"width: 50%; height: 23px; text-align: right;\">10,00 \u20ac \/ Monat<\/td>\n<\/tr>\n<tr style=\"height: 24px;\">\n<td style=\"width: 50%; height: 24px;\">Familienbeitrag<\/td>\n<td style=\"width: 50%; height: 24px; text-align: right;\">22,00 \u20ac \/ Monat<\/td>\n<\/tr>\n<\/tbody>\n<\/table>\n<p><strong>Zusatz<span style=\"text-decoration: underline;\">monatsbeitrag<\/span> Handball<\/strong><br \/>\n(Stand: 01\/2025)<\/p>\n<p><span style=\"text-decoration: underline;\">Nur f\u00fcr aktive Spieler\/innen<\/span> der &#8222;HSG Dotzheim \/ Schierstein 1848&#8220;.<\/p>\n<table style=\"width: 100%;\">\n<tbody>\n<tr>\n<td style=\"width: 49.6219%;\">nur Erwachsene<\/td>\n<td style=\"text-align: right; width: 49.6219%;\">2,00 \u20ac \/ Monat<\/td>\n<\/tr>\n<tr>\n<td style=\"width: 50%;\">Erwachsene <span style=\"color: #ff0000;\"><strong>(ab 01.01.2026)<\/strong><\/span><\/td>\n<td style=\"text-align: right; width: 50%;\"><span style=\"color: #ff0000;\"><strong>4,50 \u20ac \/ Monat<\/strong><\/span><\/td>\n<\/tr>\n<tr>\n<td style=\"width: 50%;\">Jugendliche <span style=\"color: #ff0000;\"><strong>(ab 01.01.2026)<\/strong><\/span><\/td>\n<td style=\"text-align: right; width: 50%;\"><span style=\"color: #ff0000;\"><strong>2,50 \u20ac \/ Monat<\/strong><\/span><\/td>\n<\/tr>\n<\/tbody>\n<\/table>\n<p><strong>Zusatz<span style=\"text-decoration: underline;\">monatsbeitrag<\/span> Taekwondo<\/strong><br \/>\n(Stand: 01\/2004)<\/p>\n<table style=\"width: 100%; height: 48px;\">\n<tbody>\n<tr>\n<td style=\"width: 50%;\">Jugendl. u. Erwachsene (bis 31.12.2025)<\/td>\n<td style=\"text-align: right; width: 50%;\">17,50 \u20ac \/ Monat<\/td>\n<\/tr>\n<tr>\n<td style=\"width: 50%;\">Jugendl. u. Erwachsene <span style=\"color: #ff0000;\"><strong>(ab 01.01.2026)<\/strong><\/span><\/td>\n<td style=\"text-align: right; width: 50%;\"><span style=\"color: #ff0000;\"><strong>20,00 \u20ac \/ Monat<\/strong><\/span><\/td>\n<\/tr>\n<\/tbody>\n<\/table>\n<p><strong>Zusatz<span style=\"text-decoration: underline;\">jahresbeitrag<\/span> Tennis<\/strong><br \/>\n(Stand: 01\/2018)<\/p>\n<table style=\"border-collapse: collapse; width: 100%;\">\n<tbody>\n<tr>\n<td style=\"width: 50%;\">Jugendliche bis 17 Jahre<\/td>\n<td style=\"width: 50%; text-align: right;\">54,00 \u20ac \/ Jahr<\/td>\n<\/tr>\n<tr>\n<td style=\"width: 50%;\">Erwachsene<\/td>\n<td style=\"width: 50%; text-align: right;\">108,00 \u20ac \/ Jahr<\/td>\n<\/tr>\n<tr>\n<td style=\"width: 50%;\">Familie (1 Erw. + Kind\/er)<\/td>\n<td style=\"width: 50%; text-align: right;\">150,00 \u20ac \/ Jahr<\/td>\n<\/tr>\n<tr>\n<td style=\"width: 50%;\">Familie (2 Erw. + Kind\/er)<\/td>\n<td style=\"width: 50%; text-align: right;\">250,00 \u20ac \/ Jahr<\/td>\n<\/tr>\n<\/tbody>\n<\/table>\n<\/div><\/section><\/p><\/div>\n","protected":false},"excerpt":{"rendered":"","protected":false},"author":1,"featured_media":0,"parent":1595,"menu_order":6,"comment_status":"closed","ping_status":"closed","template":"","meta":{"_acf_changed":false,"footnotes":""},"class_list":["post-1642","page","type-page","status-publish","hentry"],"acf":[],"publishpress_future_action":{"enabled":false,"date":"2026-05-07 10:32:19","action":"change-status","newStatus":"draft","terms":[],"taxonomy":"","extraData":[]},"publishpress_future_workflow_manual_trigger":{"enabledWorkflows":[]},"_links":{"self":[{"href":"https:\/\/tg-schierstein.de\/index.php?rest_route=\/wp\/v2\/pages\/1642","targetHints":{"allow":["GET"]}}],"collection":[{"href":"https:\/\/tg-schierstein.de\/index.php?rest_route=\/wp\/v2\/pages"}],"about":[{"href":"https:\/\/tg-schierstein.de\/index.php?rest_route=\/wp\/v2\/types\/page"}],"author":[{"embeddable":true,"href":"https:\/\/tg-schierstein.de\/index.php?rest_route=\/wp\/v2\/users\/1"}],"replies":[{"embeddable":true,"href":"https:\/\/tg-schierstein.de\/index.php?rest_route=%2Fwp%2Fv2%2Fcomments&post=1642"}],"version-history":[{"count":13,"href":"https:\/\/tg-schierstein.de\/index.php?rest_route=\/wp\/v2\/pages\/1642\/revisions"}],"predecessor-version":[{"id":12596,"href":"https:\/\/tg-schierstein.de\/index.php?rest_route=\/wp\/v2\/pages\/1642\/revisions\/12596"}],"up":[{"embeddable":true,"href":"https:\/\/tg-schierstein.de\/index.php?rest_route=\/wp\/v2\/pages\/1595"}],"wp:attachment":[{"href":"https:\/\/tg-schierstein.de\/index.php?rest_route=%2Fwp%2Fv2%2Fmedia&parent=1642"}],"curies":[{"name":"wp","href":"https:\/\/api.w.org\/{rel}","templated":true}]}}