{"id":1495,"date":"2021-05-28T08:14:26","date_gmt":"2021-05-28T06:14:26","guid":{"rendered":"https:\/\/test.tg-schierstein.de\/?page_id=1495"},"modified":"2025-09-18T11:31:33","modified_gmt":"2025-09-18T09:31:33","slug":"boule","status":"publish","type":"page","link":"https:\/\/tg-schierstein.de\/?page_id=1495","title":{"rendered":"Boule"},"content":{"rendered":"\n<style type=\"text\/css\" data-created_by=\"avia_inline_auto\" id=\"style-css-av-ldrkw7-0b9b44cd63fddc7978cf361c560afe9f\">\n.flex_column.av-ldrkw7-0b9b44cd63fddc7978cf361c560afe9f{\nborder-radius:0px 0px 0px 0px;\npadding:0px 0px 0px 0px;\n}\n<\/style>\n<div  class='flex_column av-ldrkw7-0b9b44cd63fddc7978cf361c560afe9f av_one_half  avia-builder-el-0  el_before_av_one_fourth  avia-builder-el-first  first flex_column_div av-zero-column-padding  '     ><p>\n<style type=\"text\/css\" data-created_by=\"avia_inline_auto\" id=\"style-css-av-l0xrlxdb-ed5d683edb00bf850233c12420216906\">\n#top .av-special-heading.av-l0xrlxdb-ed5d683edb00bf850233c12420216906{\npadding-bottom:10px;\n}\nbody .av-special-heading.av-l0xrlxdb-ed5d683edb00bf850233c12420216906 .av-special-heading-tag .heading-char{\nfont-size:25px;\n}\n.av-special-heading.av-l0xrlxdb-ed5d683edb00bf850233c12420216906 .av-subheading{\nfont-size:15px;\n}\n<\/style>\n<div  class='av-special-heading av-l0xrlxdb-ed5d683edb00bf850233c12420216906 av-special-heading-h4  avia-builder-el-1  el_before_av_image  avia-builder-el-first '><h4 class='av-special-heading-tag '  itemprop=\"headline\"  >Die Abteilung stellt sich vor<\/h4><div class=\"special-heading-border\"><div class=\"special-heading-inner-border\"><\/div><\/div><\/div><br \/>\n\n<style type=\"text\/css\" data-created_by=\"avia_inline_auto\" id=\"style-css-av-kogymzck-e0f584882ae98960c4e4bb5644087342\">\n.avia_transform .avia-image-container.av-kogymzck-e0f584882ae98960c4e4bb5644087342{\nanimation-duration:1.5s;\n}\n.avia-image-container.av-kogymzck-e0f584882ae98960c4e4bb5644087342 img.avia_image{\nbox-shadow:none;\n}\n.avia-image-container.av-kogymzck-e0f584882ae98960c4e4bb5644087342 .av-image-caption-overlay-center{\ncolor:#ffffff;\n}\n<\/style>\n<div  class='avia-image-container av-kogymzck-e0f584882ae98960c4e4bb5644087342 av-styling- avia_animated_image av-animated-when-visible-95 pop-up avia-align-center  avia-builder-el-2  el_after_av_heading  el_before_av_textblock '   itemprop=\"image\" itemscope=\"itemscope\" itemtype=\"https:\/\/schema.org\/ImageObject\" ><div class=\"avia-image-container-inner\"><div class=\"avia-image-overlay-wrap\"><img decoding=\"async\" fetchpriority=\"high\" class='wp-image-1692 avia-img-lazy-loading-not-1692 avia_image ' src=\"https:\/\/tg-schierstein.de\/wp-content\/uploads\/2021\/05\/Abteilungsseite-Bilderintro-Boule.png\" alt='' title='Abteilungsseite-Bilderintro-Boule'  height=\"214\" width=\"850\"  itemprop=\"thumbnailUrl\" srcset=\"https:\/\/tg-schierstein.de\/wp-content\/uploads\/2021\/05\/Abteilungsseite-Bilderintro-Boule.png 850w, https:\/\/tg-schierstein.de\/wp-content\/uploads\/2021\/05\/Abteilungsseite-Bilderintro-Boule-300x76.png 300w, https:\/\/tg-schierstein.de\/wp-content\/uploads\/2021\/05\/Abteilungsseite-Bilderintro-Boule-768x193.png 768w, https:\/\/tg-schierstein.de\/wp-content\/uploads\/2021\/05\/Abteilungsseite-Bilderintro-Boule-845x214.png 845w, https:\/\/tg-schierstein.de\/wp-content\/uploads\/2021\/05\/Abteilungsseite-Bilderintro-Boule-705x177.png 705w\" sizes=\"(max-width: 850px) 100vw, 850px\" \/><\/div><\/div><\/div><br \/>\n<section  class='av_textblock_section av-l0xrlokg-901f741aaebccfdea20354e10f7d7762 '   itemscope=\"itemscope\" itemtype=\"https:\/\/schema.org\/CreativeWork\" ><div class='avia_textblock'  itemprop=\"text\" ><p align=\"justify\">Die Bouleabteilung der Turngemeinde Schierstein besteht seit Mai 2009. Genauer formuliert, das erste Boulespiel unserer Abteilung fand am 16.05.2009 auf unserer Anlage statt.<\/p>\n<p align=\"justify\">Unserer Anlage wurde auf zwei ehemaligen Tennispl\u00e4tzen eingerichtet und im Laufe der Zeit Zug um Zug ausgebaut. Sie ist heute auch f\u00fcr Ligaspiele geeignet.<\/p>\n<p align=\"justify\">Seit M\u00e4rz 2011 ist die Abteilung Mitglied im Hessischen P\u00e9tanque-Verband. Trotzdem haben wir uns nicht in P\u00e9tanque-Abteilung umbenannt. Boule hei\u00dft auf Deutsch \u201cKugel\u201d. Im Laufe der Zeit haben sich mehrere Kugelspiele entwickelt. In Frankreich gibt es heute das \u201cBoule Lyonnaise\u201d, das \u201cJeu Provencal\u201d und eben das wohl bekannteste, das \u201cP\u00e9tanque\u201d. In Italien entwickelte sich das \u201cBoccia\u201d, das vorwiegend mit Holzkugeln gespielt wird. P\u00e9tanque wird mit Metallkugeln nach international festgelegten Regeln gespielt. Da unser Boulodrome (so werden die f\u00fcr das Spiel angelegten Pl\u00e4tze genannt) auch von Vereinsmitgliedern genutzt wird, die zwar mit Metallkugeln, aber nach eigenen Regeln spielen, ist es wohl richtig, bei der Bezeichnung \u201cBouleabteilung\u201d zu bleiben.<\/p>\n<p align=\"justify\">Grob gesagt ist Boule eine Kugelsportart, bei der in verschiedenen W\u00fcrfen versucht wird, mit einer gr\u00f6\u00dferen Kugel m\u00f6glichst nah an eine kleinere Kugel, dem Schweinchen oder \u201cCochonnet\u201d, heranzukommen. Oft sind Boulespieler im freien Gel\u00e4nde, auf Pl\u00e4tzen, in Parks oder auf ungepflasterten Wegen anzutreffen. Fast auf jedem Untergrund kann gespielt werden.<\/p>\n<p align=\"justify\">Bei uns haben Sie die M\u00f6glichkeit, sich auf einem professionellen Bouleplatz mit anderen Boulespielern auszutauschen, angenehme Gespr\u00e4che zu f\u00fchren, \u00fcber Ihre Erfahrungen zu reden, sich im Wettkampf zu messen und nat\u00fcrlich Boule zu spielen. Dabei haben wir nicht den Ehrgeiz, die besten Boulespieler in Wiesbaden zu sein. Aber wir erheben den Anspruch, das sch\u00f6nste Boulodrome in der Gegend zu haben. Wir verf\u00fcgen inzwischen \u00fcber siebzehn Bahnen.<\/p>\n<p align=\"justify\">Vor allem aber soll bei uns Spa\u00df am Spiel gro\u00df geschrieben werden.<\/p>\n<p align=\"justify\">Seit 2009 hat bei uns die Zahl der Mitglieder stetig zugenommen. Das liegt wohl daran, dass P\u00e9tanque eine Sportart ist, die von Frauen und M\u00e4nnern aus allen sozialen Schichten, unabh\u00e4ngig vom Alter, ja auch von Kindern, gemeinsam gespielt werden kann. Im Vergleich zu anderen Sportarten sind die Kosten f\u00fcr die Ausr\u00fcstung nicht gerade hoch. Es wird keine besondere Kleidung gebraucht. Allerdings sollte festes Schuhwerk getragen werden. Auf unserer Anlage sind auch Kugeln vorhanden, die es erlauben, ohne jede Ausr\u00fcstung gleich mitzumachen.<\/p>\n<p align=\"justify\">P\u00e9tanque ist sehr kommunikativ, tr\u00e4gt zur Beruhigung bei und, was nicht \u00fcbersehen werden sollte, die Akteure befinden sich an der frischen Luft. Da unsere Anlage \u00fcber eine Flutlichtanlage verf\u00fcgt, wird bei uns auch in der dunklen Jahreszeit, sprich im Winter, gespielt.<\/p>\n<p align=\"justify\">Sie m\u00f6chten gerne mal mitspielen oder haben Fragen zum P\u00e9tanque-Spiel ? Auskunft erteilt Ihnen gern unser Abteilungsleiter.<\/p>\n<h3 align=\"justify\">Gastspieler<\/h3>\n<p align=\"justify\">G\u00e4ste sind bei uns willkommen und wir freuen uns \u00fcber ihren Besuch. Unsere G\u00e4ste werden schnell verstehen, dass wir auf unsere Anlage und das dazugeh\u00f6rende Funktionsgeb\u00e4ude stolz sind. Als Mitglieder der Turngemeinde Schierstein halten wir uns hier nicht nur gern auf, sondern wir stecken auch Arbeit und Geld in die Pflege der Anlage und des Geb\u00e4udes.<\/p>\n<p align=\"justify\">Wir freuen uns, wenn es Ihnen als Gast bei uns gef\u00e4llt und Sie sich hier auch wohlf\u00fchlen. Sollte das der Fall sein, dann kommen Sie doch wieder. Die ersten vier Besuche bei uns sind f\u00fcr Sie kostenfrei. F\u00fcr weitere Besuche bitten wir Sie, 2,00 \u20ac (pro Besuch) zu entrichten. G\u00e4stemarken sind im Boulodrome erh\u00e4ltlich.<\/p>\n<p align=\"justify\">Noch mehr w\u00fcrden wir uns allerdings freuen, wenn Sie bei uns in der Turngemeinde Mitglied werden k\u00f6nnten. Sie k\u00f6nnen dann das vielf\u00e4ltige Angebot eines gro\u00dfen Sportvereins \u00fcber das Boulespiel hinaus nutzen.<\/p>\n<p>Die Mitgliedsbeitr\u00e4ge k\u00f6nnen Sie unter dem Men\u00fcpunkt <strong><a href=\"https:\/\/tg-schierstein.de\/?page_id=1642\">Mitgliedschaft<\/a><\/strong> einsehen.<\/p>\n<\/div><\/section><\/p><\/div>\n\n<style type=\"text\/css\" data-created_by=\"avia_inline_auto\" id=\"style-css-av-1r04dz-c8e1b08faca97996bdaba4649fce16e1\">\n.flex_column.av-1r04dz-c8e1b08faca97996bdaba4649fce16e1{\nborder-radius:0px 0px 0px 0px;\npadding:0px 0px 0px 0px;\n}\n<\/style>\n<div  class='flex_column av-1r04dz-c8e1b08faca97996bdaba4649fce16e1 av_one_fourth  avia-builder-el-4  el_after_av_one_half  el_before_av_one_fourth  flex_column_div av-zero-column-padding  '     ><p>\n<style type=\"text\/css\" data-created_by=\"avia_inline_auto\" id=\"style-css-av-kpdru3pi-c9cd716f7703471968a1c8fea614558d\">\n#top .av-special-heading.av-kpdru3pi-c9cd716f7703471968a1c8fea614558d{\npadding-bottom:10px;\n}\nbody .av-special-heading.av-kpdru3pi-c9cd716f7703471968a1c8fea614558d .av-special-heading-tag .heading-char{\nfont-size:25px;\n}\n.av-special-heading.av-kpdru3pi-c9cd716f7703471968a1c8fea614558d .av-subheading{\nfont-size:15px;\n}\n<\/style>\n<div  class='av-special-heading av-kpdru3pi-c9cd716f7703471968a1c8fea614558d av-special-heading-h4  avia-builder-el-5  el_before_av_iconlist  avia-builder-el-first '><h4 class='av-special-heading-tag '  itemprop=\"headline\"  >Zeiten<\/h4><div class=\"special-heading-border\"><div class=\"special-heading-inner-border\"><\/div><\/div><\/div><br \/>\n\n<style type=\"text\/css\" data-created_by=\"avia_inline_auto\" id=\"style-css-av-lbnztr4l-b60ed0e200a80c33d40966e28bf3c48d\">\n#top .avia-icon-list-container.av-lbnztr4l-b60ed0e200a80c33d40966e28bf3c48d .iconlist_icon{\ncolor:#346fdb;\nbackground-color:#ffffff;\nborder:1px solid #ffffff;\n}\n#top .avia-icon-list-container.av-lbnztr4l-b60ed0e200a80c33d40966e28bf3c48d .iconlist_icon svg:first-child{\nstroke:#346fdb;\nfill:#346fdb;\n}\n#top #wrap_all .avia-icon-list-container.av-lbnztr4l-b60ed0e200a80c33d40966e28bf3c48d .av_iconlist_title{\ncolor:#346fdb;\n}\n<\/style>\n<div  class='avia-icon-list-container av-lbnztr4l-b60ed0e200a80c33d40966e28bf3c48d  avia-builder-el-6  el_after_av_heading  avia-builder-el-last '><ul class='avia-icon-list avia_animate_when_almost_visible avia-icon-list-left av-iconlist-small av-lbnztr4l-b60ed0e200a80c33d40966e28bf3c48d avia-iconlist-animate'>\n<li><div class='iconlist_icon av-amgog7-02ed8105385c8926c76d4ae45b8eb548 avia-font-entypo-fontello avia-iconfont avia-font-entypo-fontello'><span class='av-icon-char' data-av_icon='\ue856' data-av_iconfont='entypo-fontello' aria-hidden=\"true\"><\/span><\/div><article class=\"article-icon-entry \"  itemscope=\"itemscope\" itemtype=\"https:\/\/schema.org\/CreativeWork\" ><div class=\"iconlist_content_wrap\"><header class=\"entry-content-header\" aria-label=\"Icon: Dienstag\"><div class='av_iconlist_title iconlist_title_small  av_inherit_color'  itemprop=\"headline\" >Dienstag<\/div><\/header><div class='iconlist_content '  itemprop=\"text\" ><p><strong>ab 10:00 Uhr<\/strong><br \/>\nArbeitseinsatz<\/p>\n<\/div><\/div><footer class=\"entry-footer\"><\/footer><\/article><div class=\"iconlist-timeline\"><\/div><\/li>\n<li><div class='iconlist_icon av-946sxz-69bb4b7000407ba1dfdfa78467267a16 avia-font-entypo-fontello avia-iconfont avia-font-entypo-fontello'><span class='av-icon-char' data-av_icon='\ue8ad' data-av_iconfont='entypo-fontello' aria-hidden=\"true\"><\/span><\/div><article class=\"article-icon-entry \"  itemscope=\"itemscope\" itemtype=\"https:\/\/schema.org\/CreativeWork\" ><div class=\"iconlist_content_wrap\"><header class=\"entry-content-header\" aria-label=\"Icon: Dienstag\"><div class='av_iconlist_title iconlist_title_small  av_inherit_color'  itemprop=\"headline\" >Dienstag<\/div><\/header><div class='iconlist_content '  itemprop=\"text\" ><p><strong>ab 18:00 Uhr<\/strong><br \/>\nTraining<\/p>\n<\/div><\/div><footer class=\"entry-footer\"><\/footer><\/article><div class=\"iconlist-timeline\"><\/div><\/li>\n<li><div class='iconlist_icon av-7xxgfb-5e03daf8a6411e492ae9b853df5efdc7 avia-font-entypo-fontello avia-iconfont avia-font-entypo-fontello'><span class='av-icon-char' data-av_icon='\ue8ad' data-av_iconfont='entypo-fontello' aria-hidden=\"true\"><\/span><\/div><article class=\"article-icon-entry \"  itemscope=\"itemscope\" itemtype=\"https:\/\/schema.org\/CreativeWork\" ><div class=\"iconlist_content_wrap\"><header class=\"entry-content-header\" aria-label=\"Icon: Mittwoch\"><div class='av_iconlist_title iconlist_title_small  av_inherit_color'  itemprop=\"headline\" >Mittwoch<\/div><\/header><div class='iconlist_content '  itemprop=\"text\" ><p><strong>ab 15:00 Uhr<\/strong><br \/>\nTraining<\/p>\n<\/div><\/div><footer class=\"entry-footer\"><\/footer><\/article><div class=\"iconlist-timeline\"><\/div><\/li>\n<li><div class='iconlist_icon av-66hxmv-9e6d1d561dd7aa2d3706c8c3a23308e9 avia-font-entypo-fontello avia-iconfont avia-font-entypo-fontello'><span class='av-icon-char' data-av_icon='\ue8ad' data-av_iconfont='entypo-fontello' aria-hidden=\"true\"><\/span><\/div><article class=\"article-icon-entry \"  itemscope=\"itemscope\" itemtype=\"https:\/\/schema.org\/CreativeWork\" ><div class=\"iconlist_content_wrap\"><header class=\"entry-content-header\" aria-label=\"Icon: Donnerstag\"><div class='av_iconlist_title iconlist_title_small  av_inherit_color'  itemprop=\"headline\" >Donnerstag<\/div><\/header><div class='iconlist_content '  itemprop=\"text\" ><p><strong>ab 18:00 Uhr<\/strong><br \/>\nTraining<\/p>\n<\/div><\/div><footer class=\"entry-footer\"><\/footer><\/article><div class=\"iconlist-timeline\"><\/div><\/li>\n<li><div class='iconlist_icon av-4pwxhj-35764ceb9abce3037e797e9b89deeecb avia-font-entypo-fontello avia-iconfont avia-font-entypo-fontello'><span class='av-icon-char' data-av_icon='\ue8ad' data-av_iconfont='entypo-fontello' aria-hidden=\"true\"><\/span><\/div><article class=\"article-icon-entry \"  itemscope=\"itemscope\" itemtype=\"https:\/\/schema.org\/CreativeWork\" ><div class=\"iconlist_content_wrap\"><header class=\"entry-content-header\" aria-label=\"Icon: Sonntag\"><div class='av_iconlist_title iconlist_title_small  av_inherit_color'  itemprop=\"headline\" >Sonntag<\/div><\/header><div class='iconlist_content '  itemprop=\"text\" ><p><strong>ab 10:00 Uhr<\/strong><br \/>\nTraining<\/p>\n<\/div><\/div><footer class=\"entry-footer\"><\/footer><\/article><div class=\"iconlist-timeline\"><\/div><\/li>\n<li><div class='iconlist_icon av-2b156f-2e264675a6b13b1662d433a5b5d78e0a avia-font-entypo-fontello avia-iconfont avia-font-entypo-fontello'><span class='av-icon-char' data-av_icon='\ue841' data-av_iconfont='entypo-fontello' aria-hidden=\"true\"><\/span><\/div><article class=\"article-icon-entry \"  itemscope=\"itemscope\" itemtype=\"https:\/\/schema.org\/CreativeWork\" ><div class=\"iconlist_content_wrap\"><header class=\"entry-content-header\" aria-label=\"Icon: Ort \/ Pl\u00e4tze\"><div class='av_iconlist_title iconlist_title_small  av_inherit_color'  itemprop=\"headline\" >Ort \/ Pl\u00e4tze<\/div><\/header><div class='iconlist_content '  itemprop=\"text\" ><p><strong>Boulodrome<\/strong><br \/>\nRheingaustra\u00dfe 28b<br \/>\n65201 Wiesbaden<\/p>\n<\/div><\/div><footer class=\"entry-footer\"><\/footer><\/article><div class=\"iconlist-timeline\"><\/div><\/li>\n<\/ul><\/div><\/p><\/div>\n\n<style type=\"text\/css\" data-created_by=\"avia_inline_auto\" id=\"style-css-av-bvan8-2013b98c5cdbadffc7065dde1e6f3d44\">\n.flex_column.av-bvan8-2013b98c5cdbadffc7065dde1e6f3d44{\nborder-radius:0px 0px 0px 0px;\npadding:0px 0px 0px 0px;\n}\n<\/style>\n<div  class='flex_column av-bvan8-2013b98c5cdbadffc7065dde1e6f3d44 av_one_fourth  avia-builder-el-7  el_after_av_one_fourth  avia-builder-el-last  flex_column_div av-zero-column-padding  '     ><p>\n<style type=\"text\/css\" data-created_by=\"avia_inline_auto\" id=\"style-css-av-kpdssarn-55cae377db482e7e91bec9cfb2cc51fd\">\n#top .av-special-heading.av-kpdssarn-55cae377db482e7e91bec9cfb2cc51fd{\npadding-bottom:10px;\n}\nbody .av-special-heading.av-kpdssarn-55cae377db482e7e91bec9cfb2cc51fd .av-special-heading-tag .heading-char{\nfont-size:25px;\n}\n.av-special-heading.av-kpdssarn-55cae377db482e7e91bec9cfb2cc51fd .av-subheading{\nfont-size:15px;\n}\n<\/style>\n<div  class='av-special-heading av-kpdssarn-55cae377db482e7e91bec9cfb2cc51fd av-special-heading-h4  avia-builder-el-8  el_before_av_textblock  avia-builder-el-first '><h4 class='av-special-heading-tag '  itemprop=\"headline\"  >Kontakt<\/h4><div class=\"special-heading-border\"><div class=\"special-heading-inner-border\"><\/div><\/div><\/div><br \/>\n<section  class='av_textblock_section av-kok3ivv2-9c3a276e0a8b70d5c1a19fd2cec0e95b '   itemscope=\"itemscope\" itemtype=\"https:\/\/schema.org\/CreativeWork\" ><div class='avia_textblock'  itemprop=\"text\" ><p><img loading=\"lazy\" decoding=\"async\" class=\"wp-image-1072 size-thumbnail alignnone\" src=\"..\/wp-content\/uploads\/2021\/05\/icon_Petanque_weiss_auf_rot_250px-80x80.png\" alt=\"\" width=\"80\" height=\"80\" srcset=\"https:\/\/tg-schierstein.de\/wp-content\/uploads\/2021\/05\/icon_Petanque_weiss_auf_rot_250px-80x80.png 80w, https:\/\/tg-schierstein.de\/wp-content\/uploads\/2021\/05\/icon_Petanque_weiss_auf_rot_250px-36x36.png 36w, https:\/\/tg-schierstein.de\/wp-content\/uploads\/2021\/05\/icon_Petanque_weiss_auf_rot_250px-180x180.png 180w, https:\/\/tg-schierstein.de\/wp-content\/uploads\/2021\/05\/icon_Petanque_weiss_auf_rot_250px.png 250w\" sizes=\"auto, (max-width: 80px) 100vw, 80px\" \/><\/p>\n<p><strong>G\u00fcnther Horcher<br \/>\n<\/strong><\/p>\n<p><strong>Telefon<\/strong><span style=\"text-decoration: underline;\"><br \/>\n<\/span>(0171) 411 30 59<\/p>\n<\/div><\/section><br \/>\n\n<style type=\"text\/css\" data-created_by=\"avia_inline_auto\" id=\"style-css-av-lh3cp755-10cd891d2ee4e8ca1eabcb266ed39782\">\n#top .av-special-heading.av-lh3cp755-10cd891d2ee4e8ca1eabcb266ed39782{\npadding-bottom:10px;\n}\nbody .av-special-heading.av-lh3cp755-10cd891d2ee4e8ca1eabcb266ed39782 .av-special-heading-tag .heading-char{\nfont-size:25px;\n}\n.av-special-heading.av-lh3cp755-10cd891d2ee4e8ca1eabcb266ed39782 .av-subheading{\nfont-size:15px;\n}\n<\/style>\n<div  class='av-special-heading av-lh3cp755-10cd891d2ee4e8ca1eabcb266ed39782 av-special-heading-h4  avia-builder-el-10  el_after_av_textblock  el_before_av_contact '><h4 class='av-special-heading-tag '  itemprop=\"headline\"  >Kontaktformular<\/h4><div class=\"special-heading-border\"><div class=\"special-heading-inner-border\"><\/div><\/div><\/div><br \/>\n<form action=\"https:\/\/tg-schierstein.de\/?page_id=1495\" method=\"post\" data-fields-with-error=\"Fehler wurden in folgenden Feld(ern) gefunden:\" class=\"avia_ajax_form av-form-labels-visible   avia-builder-el-11  el_after_av_heading  avia-builder-el-last   \" data-avia-form-id=\"1\" data-avia-redirect='' ><fieldset><p class='  first_form  form_element form_fullwidth' id='element_avia_1_1'><label for=\"avia_1_1\">Name <abbr class=\"required\" title=\"ben\u00f6tigt\">*<\/abbr><\/label> <input name=\"avia_1_1\" class=\"text_input is_empty\" type=\"text\" id=\"avia_1_1\" value=\"\" \/><\/p><p class='  first_form  form_element form_fullwidth' id='element_avia_2_1'><label for=\"avia_2_1\">E-Mail <abbr class=\"required\" title=\"ben\u00f6tigt\">*<\/abbr><\/label> <input name=\"avia_2_1\" class=\"text_input is_empty\" type=\"text\" id=\"avia_2_1\" value=\"\" \/><\/p><p class='  first_form  form_element form_fullwidth' id='element_avia_3_1'><label for=\"avia_3_1\">Telefon<\/label> <input name=\"avia_3_1\" class=\"text_input \" type=\"text\" id=\"avia_3_1\" value=\"\" \/><\/p><p class='  first_form  form_element form_fullwidth' id='element_avia_4_1'><label for=\"avia_4_1\">Betreff <abbr class=\"required\" title=\"ben\u00f6tigt\">*<\/abbr><\/label> <input name=\"avia_4_1\" class=\"text_input is_empty\" type=\"text\" id=\"avia_4_1\" value=\"\" \/><\/p><p class='  first_form  form_element form_fullwidth' id='element_avia_5_1'><label for=\"avia_5_1\" class=\"textare_label hidden textare_label_avia_5_1\">Nachricht <abbr class=\"required\" title=\"ben\u00f6tigt\">*<\/abbr><\/label><textarea  name=\"avia_5_1\" class=\"text_area is_empty\" cols=\"40\" rows=\"7\" id=\"avia_5_1\" ><\/textarea><\/p><p class=\"hidden\"><input type=\"text\" name=\"avia_6_1\" class=\"hidden \" id=\"avia_6_1\" value=\"\" \/><\/p><p class='   form_element form_fullwidth' id='element_avia_7_1'><span class='value_verifier_label'>6 + 0 = ?<\/span><input name=\"avia_7_1_verifier\" type=\"hidden\" id=\"avia_7_1_verifier\" value=\"621484667\"\/><label for=\"avia_7_1\">Bitte l\u00f6se die Gleichung. Diese Ma\u00dfnahme dient der Abwehr von Spam <abbr class=\"required\" title=\"ben\u00f6tigt\">*<\/abbr><\/label><input name=\"avia_7_1\" class=\"text_input captcha\" type=\"text\" id=\"avia_7_1\" value=\"\"\/><\/p><p class=\"form_element \"><input type=\"hidden\" value=\"1\" name=\"avia_generated_form1\" \/><input type=\"submit\" value=\"Senden\" class=\"button\"  data-sending-label=\"Sende\"\/><\/p><\/fieldset><\/form><div id=\"ajaxresponse_1\" class=\"ajaxresponse ajaxresponse_1 hidden\"><\/div><\/p><\/div>\n","protected":false},"excerpt":{"rendered":"","protected":false},"author":1,"featured_media":0,"parent":1514,"menu_order":3,"comment_status":"closed","ping_status":"closed","template":"","meta":{"_acf_changed":false,"footnotes":""},"class_list":["post-1495","page","type-page","status-publish","hentry"],"acf":[],"publishpress_future_action":{"enabled":false,"date":"2026-05-11 10:52:44","action":"change-status","newStatus":"draft","terms":[],"taxonomy":"","extraData":[]},"publishpress_future_workflow_manual_trigger":{"enabledWorkflows":[]},"_links":{"self":[{"href":"https:\/\/tg-schierstein.de\/index.php?rest_route=\/wp\/v2\/pages\/1495","targetHints":{"allow":["GET"]}}],"collection":[{"href":"https:\/\/tg-schierstein.de\/index.php?rest_route=\/wp\/v2\/pages"}],"about":[{"href":"https:\/\/tg-schierstein.de\/index.php?rest_route=\/wp\/v2\/types\/page"}],"author":[{"embeddable":true,"href":"https:\/\/tg-schierstein.de\/index.php?rest_route=\/wp\/v2\/users\/1"}],"replies":[{"embeddable":true,"href":"https:\/\/tg-schierstein.de\/index.php?rest_route=%2Fwp%2Fv2%2Fcomments&post=1495"}],"version-history":[{"count":3,"href":"https:\/\/tg-schierstein.de\/index.php?rest_route=\/wp\/v2\/pages\/1495\/revisions"}],"predecessor-version":[{"id":12554,"href":"https:\/\/tg-schierstein.de\/index.php?rest_route=\/wp\/v2\/pages\/1495\/revisions\/12554"}],"up":[{"embeddable":true,"href":"https:\/\/tg-schierstein.de\/index.php?rest_route=\/wp\/v2\/pages\/1514"}],"wp:attachment":[{"href":"https:\/\/tg-schierstein.de\/index.php?rest_route=%2Fwp%2Fv2%2Fmedia&parent=1495"}],"curies":[{"name":"wp","href":"https:\/\/api.w.org\/{rel}","templated":true}]}}