{"id":12716,"date":"2025-10-06T14:12:28","date_gmt":"2025-10-06T12:12:28","guid":{"rendered":"https:\/\/tg-schierstein.de\/?page_id=12716"},"modified":"2026-02-04T10:21:45","modified_gmt":"2026-02-04T09:21:45","slug":"denkfit","status":"publish","type":"page","link":"https:\/\/tg-schierstein.de\/?page_id=12716","title":{"rendered":"DenkFit"},"content":{"rendered":"\n<style type=\"text\/css\" data-created_by=\"avia_inline_auto\" id=\"style-css-av-ldrkw7-0b9b44cd63fddc7978cf361c560afe9f\">\n.flex_column.av-ldrkw7-0b9b44cd63fddc7978cf361c560afe9f{\nborder-radius:0px 0px 0px 0px;\npadding:0px 0px 0px 0px;\n}\n<\/style>\n<div  class='flex_column av-ldrkw7-0b9b44cd63fddc7978cf361c560afe9f av_one_half  avia-builder-el-0  el_before_av_one_fourth  avia-builder-el-first  first flex_column_div av-zero-column-padding  '     ><p>\n<style type=\"text\/css\" data-created_by=\"avia_inline_auto\" id=\"style-css-av-lav41llg-feff8852eb5068e34fb715e577fd344f\">\n#top .av-special-heading.av-lav41llg-feff8852eb5068e34fb715e577fd344f{\npadding-bottom:10px;\n}\nbody .av-special-heading.av-lav41llg-feff8852eb5068e34fb715e577fd344f .av-special-heading-tag .heading-char{\nfont-size:25px;\n}\n.av-special-heading.av-lav41llg-feff8852eb5068e34fb715e577fd344f .av-subheading{\nfont-size:15px;\n}\n<\/style>\n<div  class='av-special-heading av-lav41llg-feff8852eb5068e34fb715e577fd344f av-special-heading-h4  avia-builder-el-1  el_before_av_image  avia-builder-el-first '><h4 class='av-special-heading-tag '  itemprop=\"headline\"  >Die Abteilung stellt sich vor<\/h4><div class=\"special-heading-border\"><div class=\"special-heading-inner-border\"><\/div><\/div><\/div><br \/>\n\n<style type=\"text\/css\" data-created_by=\"avia_inline_auto\" id=\"style-css-av-2z32d1-5ece0ff512141da234c7b42f1314942e\">\n.avia_transform .avia-image-container.av-2z32d1-5ece0ff512141da234c7b42f1314942e{\nanimation-duration:2s;\n}\n.avia-image-container.av-2z32d1-5ece0ff512141da234c7b42f1314942e img.avia_image{\nbox-shadow:none;\n}\n.avia-image-container.av-2z32d1-5ece0ff512141da234c7b42f1314942e .av-image-caption-overlay-center{\ncolor:#ffffff;\n}\n<\/style>\n<div  class='avia-image-container av-2z32d1-5ece0ff512141da234c7b42f1314942e av-styling- avia_animated_image av-animated-when-visible-95 pop-up avia-align-center  avia-builder-el-2  el_after_av_heading  el_before_av_textblock '   itemprop=\"image\" itemscope=\"itemscope\" itemtype=\"https:\/\/schema.org\/ImageObject\" ><div class=\"avia-image-container-inner\"><div class=\"avia-image-overlay-wrap\"><img decoding=\"async\" fetchpriority=\"high\" class='wp-image-12720 avia-img-lazy-loading-not-12720 avia_image ' src=\"https:\/\/tg-schierstein.de\/wp-content\/uploads\/2025\/10\/Symbolbild_Denkfit-710x375.jpg\" alt='' title='Symbolbild_Denkfit'  height=\"375\" width=\"710\"  itemprop=\"thumbnailUrl\"  \/><\/div><\/div><\/div><br \/>\n<section  class='av_textblock_section av-lh3gvarm-2a9b3c2d99a9369d585c174899621ca4 '   itemscope=\"itemscope\" itemtype=\"https:\/\/schema.org\/CreativeWork\" ><div class='avia_textblock'  itemprop=\"text\" ><p><strong>Willkommen bei Ihrer Ged\u00e4chtnistrainerin<\/strong><\/p>\n<p>Ganzheitliches Ged\u00e4chtnistraining bezieht alle Sinne ein. Es verbessert nachweislich die Durchblutung und den Stoffwechsel des Gehirns. Das f\u00fchrt zu einer Steigerung der allgemeinen Lern- und Leistungsf\u00e4higkeit. Die gleichzeitige Aktivierung des gesamten Organismus steigert das k\u00f6rperliche und geistige Wohlbefinden<\/p>\n<p><strong>Haben Sie sich schon einmal die folgenden Fragen gestellt:<\/strong><\/p>\n<ul>\n<li>\n<p class=\"tiny_p\">Wie lange kann ich mich auf einen Sachverhalt konzentrieren und ihm \u00fcber eine l\u00e4ngere Zeit ungeteilte Aufmerksamkeit schenken?<\/p>\n<\/li>\n<li>\n<p class=\"tiny_p\">Wie gut und wie lange kann ich mir Dinge merken? Nehme ich mein Umfeld in seiner gesamten Komplexit\u00e4t wahr? Wie war der Name noch gleich?<\/p>\n<\/li>\n<li>\n<p class=\"tiny_p\">Belasten mich die st\u00e4ndig wechselnden Situationen im beruflichen und privaten Alltag?<\/p>\n<\/li>\n<li>\n<p class=\"tiny_p\">Fehlen mir manchmal die richtigen W\u00f6rter um einen wichtigen Sachverhalt auszudr\u00fccken? Das Wort liegt mir auf der Zunge\u2026<\/p>\n<\/li>\n<li>\n<p class=\"tiny_p\">Wie kreativ und fantasievoll bin ich eigentlich noch? Ist die Fantasie in den letzten Jahren evtl. ein klein wenig auf der Strecke geblieben?<\/p>\n<\/li>\n<\/ul>\n<p>In Kursen trainieren wir \u00fcber einen Zeitraum von mehreren Wochen s\u00e4mtliche Trainingsziele, sodass jeder Teilnehmer davon profitieren wird.<\/p>\n<\/div><\/section><\/p><\/div>\n\n<style type=\"text\/css\" data-created_by=\"avia_inline_auto\" id=\"style-css-av-1r04dz-c8e1b08faca97996bdaba4649fce16e1\">\n.flex_column.av-1r04dz-c8e1b08faca97996bdaba4649fce16e1{\nborder-radius:0px 0px 0px 0px;\npadding:0px 0px 0px 0px;\n}\n<\/style>\n<div  class='flex_column av-1r04dz-c8e1b08faca97996bdaba4649fce16e1 av_one_fourth  avia-builder-el-4  el_after_av_one_half  el_before_av_one_fourth  flex_column_div av-zero-column-padding  '     ><p>\n<style type=\"text\/css\" data-created_by=\"avia_inline_auto\" id=\"style-css-av-kpdru3pi-c9cd716f7703471968a1c8fea614558d\">\n#top .av-special-heading.av-kpdru3pi-c9cd716f7703471968a1c8fea614558d{\npadding-bottom:10px;\n}\nbody .av-special-heading.av-kpdru3pi-c9cd716f7703471968a1c8fea614558d .av-special-heading-tag .heading-char{\nfont-size:25px;\n}\n.av-special-heading.av-kpdru3pi-c9cd716f7703471968a1c8fea614558d .av-subheading{\nfont-size:15px;\n}\n<\/style>\n<div  class='av-special-heading av-kpdru3pi-c9cd716f7703471968a1c8fea614558d av-special-heading-h4  avia-builder-el-5  el_before_av_iconlist  avia-builder-el-first '><h4 class='av-special-heading-tag '  itemprop=\"headline\"  >Zeiten<\/h4><div class=\"special-heading-border\"><div class=\"special-heading-inner-border\"><\/div><\/div><\/div><br \/>\n\n<style type=\"text\/css\" data-created_by=\"avia_inline_auto\" id=\"style-css-av-mgf3neo8-3b70976f86ca5e47020e5febf6bb065b\">\n#top .avia-icon-list-container.av-mgf3neo8-3b70976f86ca5e47020e5febf6bb065b .iconlist_icon{\ncolor:#346fdb;\nbackground-color:#ffffff;\nborder:1px solid #ffffff;\n}\n#top .avia-icon-list-container.av-mgf3neo8-3b70976f86ca5e47020e5febf6bb065b .iconlist_icon svg:first-child{\nstroke:#346fdb;\nfill:#346fdb;\n}\n#top #wrap_all .avia-icon-list-container.av-mgf3neo8-3b70976f86ca5e47020e5febf6bb065b .av_iconlist_title{\ncolor:#346fdb;\n}\n<\/style>\n<div  class='avia-icon-list-container av-mgf3neo8-3b70976f86ca5e47020e5febf6bb065b  avia-builder-el-6  el_after_av_heading  avia-builder-el-last '><ul class='avia-icon-list avia_animate_when_almost_visible avia-icon-list-left av-iconlist-small av-mgf3neo8-3b70976f86ca5e47020e5febf6bb065b avia-iconlist-animate'>\n<li><div class='iconlist_icon av-15ttt0s-28ec752cec013ffc1ae0f3538ab685e3 avia-font-entypo-fontello avia-iconfont avia-font-entypo-fontello'><span class='av-icon-char' data-av_icon='\ue862' data-av_iconfont='entypo-fontello' aria-hidden=\"true\"><\/span><\/div><article class=\"article-icon-entry \"  itemscope=\"itemscope\" itemtype=\"https:\/\/schema.org\/CreativeWork\" ><div class=\"iconlist_content_wrap\"><header class=\"entry-content-header\" aria-label=\"Icon: Montag\"><div class='av_iconlist_title iconlist_title_small  av_inherit_color'  itemprop=\"headline\" >Montag<\/div><\/header><div class='iconlist_content '  itemprop=\"text\" ><p><strong>17:30-18:30 Uhr<\/strong><\/p>\n<\/div><\/div><footer class=\"entry-footer\"><\/footer><\/article><div class=\"iconlist-timeline\"><\/div><\/li>\n<li><div class='iconlist_icon av-25grm4-d6c8ea7520e5f356d5c7d7781bd530e8 avia-font-entypo-fontello avia-iconfont avia-font-entypo-fontello'><span class='av-icon-char' data-av_icon='\ue841' data-av_iconfont='entypo-fontello' aria-hidden=\"true\"><\/span><\/div><article class=\"article-icon-entry \"  itemscope=\"itemscope\" itemtype=\"https:\/\/schema.org\/CreativeWork\" ><div class=\"iconlist_content_wrap\"><header class=\"entry-content-header\" aria-label=\"Icon: Ort\"><div class='av_iconlist_title iconlist_title_small  av_inherit_color'  itemprop=\"headline\" >Ort<\/div><\/header><div class='iconlist_content '  itemprop=\"text\" ><p><strong>Georg-Lang-Halle<\/strong><br \/>\n(Dr.-Schmidt-Zimmer)<br \/>\nM\u00f6wenstra\u00dfe 25<br \/>\n65201 Wiesbaden<br \/>\n(Eingang \u00fcber Ehrengartstra\u00dfe)<\/p>\n<\/div><\/div><footer class=\"entry-footer\"><\/footer><\/article><div class=\"iconlist-timeline\"><\/div><\/li>\n<li><div class='iconlist_icon av-mgf3ne8e-0c749b0ce0cbca89d19b0164032c643e avia-font-entypo-fontello avia-iconfont avia-font-entypo-fontello'><span class='av-icon-char' data-av_icon='\ue83e' data-av_iconfont='entypo-fontello' aria-hidden=\"true\"><\/span><\/div><article class=\"article-icon-entry \"  itemscope=\"itemscope\" itemtype=\"https:\/\/schema.org\/CreativeWork\" ><div class=\"iconlist_content_wrap\"><header class=\"entry-content-header\" aria-label=\"Icon: Kostenpflichtig\"><div class='av_iconlist_title iconlist_title_small  av_inherit_color'  itemprop=\"headline\" >Kostenpflichtig<\/div><\/header><div class='iconlist_content '  itemprop=\"text\" ><p><strong><a href=\"https:\/\/tg-schierstein.de\/?page_id=1642\">Vereinsmitgliedsbeitrag<\/a><br \/>\n<\/strong>zzgl. 3,00 \u20ac pro Veranstaltung<\/p>\n<\/div><\/div><footer class=\"entry-footer\"><\/footer><\/article><div class=\"iconlist-timeline\"><\/div><\/li>\n<\/ul><\/div><\/p><\/div>\n\n<style type=\"text\/css\" data-created_by=\"avia_inline_auto\" id=\"style-css-av-bvan8-2013b98c5cdbadffc7065dde1e6f3d44\">\n.flex_column.av-bvan8-2013b98c5cdbadffc7065dde1e6f3d44{\nborder-radius:0px 0px 0px 0px;\npadding:0px 0px 0px 0px;\n}\n<\/style>\n<div  class='flex_column av-bvan8-2013b98c5cdbadffc7065dde1e6f3d44 av_one_fourth  avia-builder-el-7  el_after_av_one_fourth  avia-builder-el-last  flex_column_div av-zero-column-padding  '     ><p>\n<style type=\"text\/css\" data-created_by=\"avia_inline_auto\" id=\"style-css-av-kpdssarn-55cae377db482e7e91bec9cfb2cc51fd\">\n#top .av-special-heading.av-kpdssarn-55cae377db482e7e91bec9cfb2cc51fd{\npadding-bottom:10px;\n}\nbody .av-special-heading.av-kpdssarn-55cae377db482e7e91bec9cfb2cc51fd .av-special-heading-tag .heading-char{\nfont-size:25px;\n}\n.av-special-heading.av-kpdssarn-55cae377db482e7e91bec9cfb2cc51fd .av-subheading{\nfont-size:15px;\n}\n<\/style>\n<div  class='av-special-heading av-kpdssarn-55cae377db482e7e91bec9cfb2cc51fd av-special-heading-h4  avia-builder-el-8  el_before_av_textblock  avia-builder-el-first '><h4 class='av-special-heading-tag '  itemprop=\"headline\"  >Kontakt<\/h4><div class=\"special-heading-border\"><div class=\"special-heading-inner-border\"><\/div><\/div><\/div><br \/>\n<section  class='av_textblock_section av-kok3ivv2-48ac3db0b1d107e39c4a1605561aee53 '   itemscope=\"itemscope\" itemtype=\"https:\/\/schema.org\/CreativeWork\" ><div class='avia_textblock'  itemprop=\"text\" ><p><img loading=\"lazy\" decoding=\"async\" class=\"alignnone wp-image-12717\" src=\"https:\/\/tg-schierstein.de\/wp-content\/uploads\/2025\/10\/Logo-DenkFit.png\" alt=\"\" width=\"224\" height=\"80\" srcset=\"https:\/\/tg-schierstein.de\/wp-content\/uploads\/2025\/10\/Logo-DenkFit.png 443w, https:\/\/tg-schierstein.de\/wp-content\/uploads\/2025\/10\/Logo-DenkFit-300x107.png 300w\" sizes=\"auto, (max-width: 224px) 100vw, 224px\" \/><\/p>\n<p><strong>Tanja Schader<\/strong><\/p>\n<p><strong>Telefon<\/strong><br \/>\n(0172) 631 19 51<\/p>\n<p><strong>Email<\/strong><br \/>\n<a href=\"mailto:info@denkfitter.com\">info@denkfitter.com<\/a><\/p>\n<p><strong>Internet<\/strong><br \/>\n<a href=\"http:\/\/denkfitter.com\/\" target=\"_blank\" rel=\"noopener\">http:\/\/denkfitter.com\/<\/a><br \/>\n(externer Link)<\/p>\n<\/div><\/section><br \/>\n\n<style type=\"text\/css\" data-created_by=\"avia_inline_auto\" id=\"style-css-av-lh3dt9iz-7960411215108c21d12ee9d54a4a751f\">\n#top .av-special-heading.av-lh3dt9iz-7960411215108c21d12ee9d54a4a751f{\npadding-bottom:10px;\n}\nbody .av-special-heading.av-lh3dt9iz-7960411215108c21d12ee9d54a4a751f .av-special-heading-tag .heading-char{\nfont-size:25px;\n}\n.av-special-heading.av-lh3dt9iz-7960411215108c21d12ee9d54a4a751f .av-subheading{\nfont-size:15px;\n}\n<\/style>\n<div  class='av-special-heading av-lh3dt9iz-7960411215108c21d12ee9d54a4a751f av-special-heading-h4  avia-builder-el-10  el_after_av_textblock  el_before_av_contact '><h4 class='av-special-heading-tag '  itemprop=\"headline\"  >Kontaktformular<\/h4><div class=\"special-heading-border\"><div class=\"special-heading-inner-border\"><\/div><\/div><\/div><br \/>\n<form action=\"https:\/\/tg-schierstein.de\/?page_id=12716\" method=\"post\" data-fields-with-error=\"Fehler wurden in folgenden Feld(ern) gefunden:\" class=\"avia_ajax_form av-form-labels-visible   avia-builder-el-11  el_after_av_heading  avia-builder-el-last   \" data-avia-form-id=\"1\" data-avia-redirect='' ><fieldset><p class='  first_form  form_element form_fullwidth' id='element_avia_1_1'><label for=\"avia_1_1\">Name <abbr class=\"required\" title=\"ben\u00f6tigt\">*<\/abbr><\/label> <input name=\"avia_1_1\" class=\"text_input is_empty\" type=\"text\" id=\"avia_1_1\" value=\"\" \/><\/p><p class='  first_form  form_element form_fullwidth' id='element_avia_2_1'><label for=\"avia_2_1\">E-Mail <abbr class=\"required\" title=\"ben\u00f6tigt\">*<\/abbr><\/label> <input name=\"avia_2_1\" class=\"text_input is_empty\" type=\"text\" id=\"avia_2_1\" value=\"\" \/><\/p><p class='  first_form  form_element form_fullwidth' id='element_avia_3_1'><label for=\"avia_3_1\">Telefon<\/label> <input name=\"avia_3_1\" class=\"text_input \" type=\"text\" id=\"avia_3_1\" value=\"\" \/><\/p><p class='  first_form  form_element form_fullwidth' id='element_avia_4_1'><label for=\"avia_4_1\">Betreff <abbr class=\"required\" title=\"ben\u00f6tigt\">*<\/abbr><\/label> <input name=\"avia_4_1\" class=\"text_input is_empty\" type=\"text\" id=\"avia_4_1\" value=\"\" \/><\/p><p class='  first_form  form_element form_fullwidth' id='element_avia_5_1'><label for=\"avia_5_1\" class=\"textare_label hidden textare_label_avia_5_1\">Nachricht <abbr class=\"required\" title=\"ben\u00f6tigt\">*<\/abbr><\/label><textarea  name=\"avia_5_1\" class=\"text_area is_empty\" cols=\"40\" rows=\"7\" id=\"avia_5_1\" ><\/textarea><\/p><p class=\"hidden\"><input type=\"text\" name=\"avia_6_1\" class=\"hidden \" id=\"avia_6_1\" value=\"\" \/><\/p><p class='   form_element form_fullwidth' id='element_avia_7_1'><span class='value_verifier_label'>0 + 5 = ?<\/span><input name=\"avia_7_1_verifier\" type=\"hidden\" id=\"avia_7_1_verifier\" value=\"748443357\"\/><label for=\"avia_7_1\">Bitte l\u00f6se die Gleichung. Diese Ma\u00dfnahme dient der Abwehr von Spam <abbr class=\"required\" title=\"ben\u00f6tigt\">*<\/abbr><\/label><input name=\"avia_7_1\" class=\"text_input captcha\" type=\"text\" id=\"avia_7_1\" value=\"\"\/><\/p><p class=\"form_element \"><input type=\"hidden\" value=\"1\" name=\"avia_generated_form1\" \/><input type=\"submit\" value=\"Senden\" class=\"button\"  data-sending-label=\"Sende\"\/><\/p><\/fieldset><\/form><div id=\"ajaxresponse_1\" class=\"ajaxresponse ajaxresponse_1 hidden\"><\/div><\/p><\/div>\n","protected":false},"excerpt":{"rendered":"","protected":false},"author":1,"featured_media":0,"parent":1514,"menu_order":3,"comment_status":"closed","ping_status":"closed","template":"","meta":{"_acf_changed":false,"footnotes":""},"class_list":["post-12716","page","type-page","status-publish","hentry"],"acf":[],"publishpress_future_action":{"enabled":false,"date":"2026-04-17 11:10:12","action":"change-status","newStatus":"draft","terms":[],"taxonomy":"","extraData":[]},"publishpress_future_workflow_manual_trigger":{"enabledWorkflows":[]},"_links":{"self":[{"href":"https:\/\/tg-schierstein.de\/index.php?rest_route=\/wp\/v2\/pages\/12716","targetHints":{"allow":["GET"]}}],"collection":[{"href":"https:\/\/tg-schierstein.de\/index.php?rest_route=\/wp\/v2\/pages"}],"about":[{"href":"https:\/\/tg-schierstein.de\/index.php?rest_route=\/wp\/v2\/types\/page"}],"author":[{"embeddable":true,"href":"https:\/\/tg-schierstein.de\/index.php?rest_route=\/wp\/v2\/users\/1"}],"replies":[{"embeddable":true,"href":"https:\/\/tg-schierstein.de\/index.php?rest_route=%2Fwp%2Fv2%2Fcomments&post=12716"}],"version-history":[{"count":9,"href":"https:\/\/tg-schierstein.de\/index.php?rest_route=\/wp\/v2\/pages\/12716\/revisions"}],"predecessor-version":[{"id":13318,"href":"https:\/\/tg-schierstein.de\/index.php?rest_route=\/wp\/v2\/pages\/12716\/revisions\/13318"}],"up":[{"embeddable":true,"href":"https:\/\/tg-schierstein.de\/index.php?rest_route=\/wp\/v2\/pages\/1514"}],"wp:attachment":[{"href":"https:\/\/tg-schierstein.de\/index.php?rest_route=%2Fwp%2Fv2%2Fmedia&parent=12716"}],"curies":[{"name":"wp","href":"https:\/\/api.w.org\/{rel}","templated":true}]}}