{"id":12509,"date":"2025-09-17T08:47:18","date_gmt":"2025-09-17T06:47:18","guid":{"rendered":"https:\/\/tg-schierstein.de\/?page_id=12509"},"modified":"2025-09-17T13:02:59","modified_gmt":"2025-09-17T11:02:59","slug":"fastnacht-bei-der-turngemeinde","status":"publish","type":"page","link":"https:\/\/tg-schierstein.de\/?page_id=12509","title":{"rendered":"TG-Fastnacht"},"content":{"rendered":"\n<style type=\"text\/css\" data-created_by=\"avia_inline_auto\" id=\"style-css-av-ldrkw7-0b9b44cd63fddc7978cf361c560afe9f\">\n.flex_column.av-ldrkw7-0b9b44cd63fddc7978cf361c560afe9f{\nborder-radius:0px 0px 0px 0px;\npadding:0px 0px 0px 0px;\n}\n<\/style>\n<div  class='flex_column av-ldrkw7-0b9b44cd63fddc7978cf361c560afe9f av_two_third  avia-builder-el-0  el_before_av_one_third  avia-builder-el-first  first flex_column_div av-zero-column-padding  '     ><p>\n<style type=\"text\/css\" data-created_by=\"avia_inline_auto\" id=\"style-css-av-2kgno2-b4c29d2d66e8c70bfa1e6344a27f9e5f\">\n#top .av-special-heading.av-2kgno2-b4c29d2d66e8c70bfa1e6344a27f9e5f{\npadding-bottom:10px;\n}\nbody .av-special-heading.av-2kgno2-b4c29d2d66e8c70bfa1e6344a27f9e5f .av-special-heading-tag .heading-char{\nfont-size:25px;\n}\n.av-special-heading.av-2kgno2-b4c29d2d66e8c70bfa1e6344a27f9e5f .av-subheading{\nfont-size:15px;\n}\n<\/style>\n<div  class='av-special-heading av-2kgno2-b4c29d2d66e8c70bfa1e6344a27f9e5f av-special-heading-h4  avia-builder-el-1  el_before_av_slideshow  avia-builder-el-first '><h4 class='av-special-heading-tag '  itemprop=\"headline\"  >TG-Fastnacht<\/h4><div class=\"special-heading-border\"><div class=\"special-heading-inner-border\"><\/div><\/div><\/div><br \/>\n<div  class='avia-slideshow av-mfnud8d0-e54ad452cde0a6f3829f1c17b4f888d7 avia-slideshow-featured_large av_slideshow avia-slide-slider  avia-builder-el-2  el_after_av_heading  el_before_av_hr  av-slideshow-ui av-control-hidden av-no-slider-navigation av-hide-nav-arrows av-slideshow-autoplay av-loop-endless av-loop-manual-endless av-default-height-applied avia-slideshow-1' data-slideshow-options=\"{&quot;animation&quot;:&quot;slide&quot;,&quot;autoplay&quot;:true,&quot;loop_autoplay&quot;:&quot;endless&quot;,&quot;interval&quot;:4,&quot;loop_manual&quot;:&quot;manual-endless&quot;,&quot;autoplay_stopper&quot;:false,&quot;noNavigation&quot;:true,&quot;bg_slider&quot;:false,&quot;keep_padding&quot;:false,&quot;hoverpause&quot;:false,&quot;show_slide_delay&quot;:0}\"  itemprop=\"image\" itemscope=\"itemscope\" itemtype=\"https:\/\/schema.org\/ImageObject\" ><ul class='avia-slideshow-inner ' style='padding-bottom: 42.682926829268%;'><li  class='avia-slideshow-slide av-mfnud8d0-e54ad452cde0a6f3829f1c17b4f888d7__0  slide-1 slide-odd'><div data-rel='slideshow-1' class='avia-slide-wrap '   ><img decoding=\"async\" fetchpriority=\"high\" class=\"wp-image-12519 avia-img-lazy-loading-not-12519\"  src=\"https:\/\/tg-schierstein.de\/wp-content\/uploads\/2025\/09\/UHR-Seite-Slider__001-1476x630.jpg\" width=\"1476\" height=\"630\" title='UHR-Seite-Slider__001' alt=''  itemprop=\"thumbnailUrl\"   \/><\/div><\/li><li  class='avia-slideshow-slide av-mfnud8d0-e54ad452cde0a6f3829f1c17b4f888d7__1  slide-2 slide-even'><div data-rel='slideshow-1' class='avia-slide-wrap '   ><img decoding=\"async\" fetchpriority=\"high\" class=\"wp-image-12520 avia-img-lazy-loading-not-12520\"  src=\"https:\/\/tg-schierstein.de\/wp-content\/uploads\/2025\/09\/UHR-Seite-Slider__002-1181x630.jpg\" width=\"1181\" height=\"630\" title='UHR-Seite-Slider__002' alt=''  itemprop=\"thumbnailUrl\"   \/><\/div><\/li><li  class='avia-slideshow-slide av-mfnud8d0-e54ad452cde0a6f3829f1c17b4f888d7__2  slide-3 slide-odd'><div data-rel='slideshow-1' class='avia-slide-wrap '   ><img decoding=\"async\" fetchpriority=\"high\" class=\"wp-image-12521 avia-img-lazy-loading-not-12521\"  src=\"https:\/\/tg-schierstein.de\/wp-content\/uploads\/2025\/09\/UHR-Seite-Slider__003-1181x630.jpg\" width=\"1181\" height=\"630\" title='UHR-Seite-Slider__003' alt=''  itemprop=\"thumbnailUrl\"   \/><\/div><\/li><li  class='avia-slideshow-slide av-mfnud8d0-e54ad452cde0a6f3829f1c17b4f888d7__3  slide-4 slide-even'><div data-rel='slideshow-1' class='avia-slide-wrap '   ><img decoding=\"async\" fetchpriority=\"high\" class=\"wp-image-12537 avia-img-lazy-loading-not-12537\"  src=\"https:\/\/tg-schierstein.de\/wp-content\/uploads\/2025\/09\/UHR-Seite-Slider__004.png\" width=\"1221\" height=\"624\" title='UHR-Seite-Slider__004' alt=''  itemprop=\"thumbnailUrl\" srcset=\"https:\/\/tg-schierstein.de\/wp-content\/uploads\/2025\/09\/UHR-Seite-Slider__004.png 1221w, https:\/\/tg-schierstein.de\/wp-content\/uploads\/2025\/09\/UHR-Seite-Slider__004-300x153.png 300w, https:\/\/tg-schierstein.de\/wp-content\/uploads\/2025\/09\/UHR-Seite-Slider__004-1024x523.png 1024w, https:\/\/tg-schierstein.de\/wp-content\/uploads\/2025\/09\/UHR-Seite-Slider__004-768x392.png 768w, https:\/\/tg-schierstein.de\/wp-content\/uploads\/2025\/09\/UHR-Seite-Slider__004-705x360.png 705w\" sizes=\"(max-width: 1221px) 100vw, 1221px\" \/><\/div><\/li><li  class='avia-slideshow-slide av-mfnud8d0-e54ad452cde0a6f3829f1c17b4f888d7__4  slide-5 slide-odd'><div data-rel='slideshow-1' class='avia-slide-wrap '   ><img decoding=\"async\" fetchpriority=\"high\" class=\"wp-image-12523 avia-img-lazy-loading-not-12523\"  src=\"https:\/\/tg-schierstein.de\/wp-content\/uploads\/2025\/09\/UHR-Seite-Slider__005-1181x630.jpg\" width=\"1181\" height=\"630\" title='UHR-Seite-Slider__005' alt=''  itemprop=\"thumbnailUrl\"   \/><\/div><\/li><li  class='avia-slideshow-slide av-mfnud8d0-e54ad452cde0a6f3829f1c17b4f888d7__5  slide-6 slide-even'><div data-rel='slideshow-1' class='avia-slide-wrap '   ><img decoding=\"async\" fetchpriority=\"high\" class=\"wp-image-12524 avia-img-lazy-loading-not-12524\"  src=\"https:\/\/tg-schierstein.de\/wp-content\/uploads\/2025\/09\/UHR-Seite-Slider__006-1181x630.jpg\" width=\"1181\" height=\"630\" title='UHR-Seite-Slider__006' alt=''  itemprop=\"thumbnailUrl\"   \/><\/div><\/li><li  class='avia-slideshow-slide av-mfnud8d0-e54ad452cde0a6f3829f1c17b4f888d7__6  slide-7 slide-odd'><div data-rel='slideshow-1' class='avia-slide-wrap '   ><img decoding=\"async\" fetchpriority=\"high\" class=\"wp-image-12525 avia-img-lazy-loading-not-12525\"  src=\"https:\/\/tg-schierstein.de\/wp-content\/uploads\/2025\/09\/UHR-Seite-Slider__007-1183x630.png\" width=\"1183\" height=\"630\" title='UHR-Seite-Slider__007' alt=''  itemprop=\"thumbnailUrl\"   \/><\/div><\/li><li  class='avia-slideshow-slide av-mfnud8d0-e54ad452cde0a6f3829f1c17b4f888d7__7  slide-8 slide-even'><div data-rel='slideshow-1' class='avia-slide-wrap '   ><img decoding=\"async\" fetchpriority=\"high\" class=\"wp-image-12526 avia-img-lazy-loading-not-12526\"  src=\"https:\/\/tg-schierstein.de\/wp-content\/uploads\/2025\/09\/UHR-Seite-Slider__008-1476x630.jpg\" width=\"1476\" height=\"630\" title='UHR-Seite-Slider__008' alt=''  itemprop=\"thumbnailUrl\"   \/><\/div><\/li><li  class='avia-slideshow-slide av-mfnud8d0-e54ad452cde0a6f3829f1c17b4f888d7__8  slide-9 slide-odd'><div data-rel='slideshow-1' class='avia-slide-wrap '   ><img decoding=\"async\" fetchpriority=\"high\" class=\"wp-image-12527 avia-img-lazy-loading-not-12527\"  src=\"https:\/\/tg-schierstein.de\/wp-content\/uploads\/2025\/09\/UHR-Seite-Slider__009-1181x630.jpg\" width=\"1181\" height=\"630\" title='UHR-Seite-Slider__009' alt=''  itemprop=\"thumbnailUrl\"   \/><\/div><\/li><\/ul><div class='avia-slideshow-arrows avia-slideshow-controls' ><a href='#prev' class='prev-slide  avia-svg-icon avia-font-svg_entypo-fontello' data-av_svg_icon='left-open-big' data-av_iconset='svg_entypo-fontello' tabindex='-1' title=\"Zur\u00fcck\"><svg version=\"1.1\" xmlns=\"http:\/\/www.w3.org\/2000\/svg\" width=\"15\" height=\"32\" viewBox=\"0 0 15 32\" preserveAspectRatio=\"xMidYMid meet\" aria-labelledby='av-svg-title-1' aria-describedby='av-svg-desc-1' role=\"graphics-symbol\" aria-hidden=\"true\">\n<title id='av-svg-title-1'>Zur\u00fcck<\/title>\n<desc id='av-svg-desc-1'>Zur\u00fcck<\/desc>\n<path d=\"M14.464 27.84q0.832 0.832 0 1.536-0.832 0.832-1.536 0l-12.544-12.608q-0.768-0.768 0-1.6l12.544-12.608q0.704-0.832 1.536 0 0.832 0.704 0 1.536l-11.456 11.904z\"><\/path>\n<\/svg><span class='avia_hidden_link_text'>Zur\u00fcck<\/span><\/a><a href='#next' class='next-slide  avia-svg-icon avia-font-svg_entypo-fontello' data-av_svg_icon='right-open-big' data-av_iconset='svg_entypo-fontello' tabindex='-1' title=\"Weiter\"><svg version=\"1.1\" xmlns=\"http:\/\/www.w3.org\/2000\/svg\" width=\"15\" height=\"32\" viewBox=\"0 0 15 32\" preserveAspectRatio=\"xMidYMid meet\" aria-labelledby='av-svg-title-2' aria-describedby='av-svg-desc-2' role=\"graphics-symbol\" aria-hidden=\"true\">\n<title id='av-svg-title-2'>Weiter<\/title>\n<desc id='av-svg-desc-2'>Weiter<\/desc>\n<path d=\"M0.416 27.84l11.456-11.84-11.456-11.904q-0.832-0.832 0-1.536 0.832-0.832 1.536 0l12.544 12.608q0.768 0.832 0 1.6l-12.544 12.608q-0.704 0.832-1.536 0-0.832-0.704 0-1.536z\"><\/path>\n<\/svg><span class='avia_hidden_link_text'>Weiter<\/span><\/a><\/div><\/div><br \/>\n\n<style type=\"text\/css\" data-created_by=\"avia_inline_auto\" id=\"style-css-av-19z5bdp-2ec8248bf2cea645c776cbce9ba02c6d\">\n#top .hr.hr-invisible.av-19z5bdp-2ec8248bf2cea645c776cbce9ba02c6d{\nheight:25px;\n}\n<\/style>\n<div  class='hr av-19z5bdp-2ec8248bf2cea645c776cbce9ba02c6d hr-invisible  avia-builder-el-3  el_after_av_slideshow  el_before_av_animated_numbers '><span class='hr-inner '><span class=\"hr-inner-style\"><\/span><\/span><\/div><br \/>\n<div  class=\"avia-animated-number av-mfnnqsr8-c1d034aeebb3c7b4c01fb04f164273cd av-force-default-color avia_animate_when_visible  avia-builder-el-4  el_after_av_hr  el_before_av_hr  \" data-timer=\"3000\"><strong class=\"heading avia-animated-number-title\"><span class='avia-animated-number-icon av-icon-before-number av-icon-char avia-iconfont avia-font-entypo-fontello-enfold' data-av_icon='\ue809' data-av_iconfont='entypo-fontello-enfold' ><\/span><span class=\"avia-single-number __av-single-number\" data-number_format=\"\" data-number=\"142\" data-start_from=\"0\">142<\/span><span class=\"avia-no-number\"> Jahre<\/span><\/strong><div class=\"avia-animated-number-content\"><p>TG-Fastnacht 1884 &#8211; 2026<\/p>\n<\/div><\/div><br \/>\n\n<style type=\"text\/css\" data-created_by=\"avia_inline_auto\" id=\"style-css-av-kgq1lp-2b78f1d9cc799a5235fe5616281fe3e3\">\n#top .hr.hr-invisible.av-kgq1lp-2b78f1d9cc799a5235fe5616281fe3e3{\nheight:25px;\n}\n<\/style>\n<div  class='hr av-kgq1lp-2b78f1d9cc799a5235fe5616281fe3e3 hr-invisible  avia-builder-el-5  el_after_av_animated_numbers  el_before_av_textblock '><span class='hr-inner '><span class=\"hr-inner-style\"><\/span><\/span><\/div><br \/>\n<section  class='av_textblock_section av-l0xtryms-d1e03367f9ff5465808d13328a62af64 '   itemscope=\"itemscope\" itemtype=\"https:\/\/schema.org\/CreativeWork\" ><div class='avia_textblock'  itemprop=\"text\" ><p data-start=\"75\" data-end=\"417\">Die Turngemeinde Schierstein blickt nicht nur auf eine lange sportliche Tradition zur\u00fcck, sondern ist auch <span style=\"text-decoration: underline;\">seit 1884<\/span> fest in der Wiesbadener Fastnacht verwurzelt. Seit vielen Jahrzehnten gestalten die Mitglieder der TG die n\u00e4rrische Zeit aktiv mit und haben dabei ein abwechslungsreiches Programm geschaffen, das sich sehen lassen kann. Hier ist hervorzuheben, dass alle Akteuere aus den eigenen Reihen kommen!<\/p>\n<p data-start=\"419\" data-end=\"924\">Den offiziellen Startschuss in die Kampagne setzt traditionell am 11.11. die Veranstaltung \u201eUnterHERRuns\u201c, bei der die Herren der TG ganz unter sich feiern. Damit wird die f\u00fcnfte Jahreszeit schwungvoll er\u00f6ffnet. M\u00e4nner unter sich mit deftigen Worschteplatten, Weck, Wein und Bier\u2026\u2026.unn viel dumme Spr\u00fcch und Gesang !<\/p>\n<p data-start=\"419\" data-end=\"924\">Herzst\u00fcck der Fastnachtskampagne sind die zwei Kappensitzungen, die jedes Jahr mit B\u00fcttenreden, Tanz, Musik und jeder Menge guter Laune das Publikum begeistern. Ein weiterer H\u00f6hepunkt ist die legend\u00e4re TG-Night Fever, die Fastnachtsdisco, die in Wiesbaden einen festen Platz im Veranstaltungskalender hat. In fr\u00fcheren Zeiten lockte der traditionelle Lumpenball viele N\u00e4rrinnen und Narren in die Schiersteiner Halle \u2013 heute lebt dieser Geist im modernen Partyformat weiter.<\/p>\n<p data-start=\"1149\" data-end=\"1474\">Auch au\u00dferhalb der Halle ist die Turngemeinde aktiv: Mit gro\u00dfer Begeisterung nimmt die TG am Dacho Kinderumzug (Fastnachtsamstag) sowie am gro\u00dfen Dacho Fastnachtsonntagszug durch Wiesbaden teil. Dort pr\u00e4sentiert sich der Verein farbenfroh, mitrei\u00dfend und voller Energie \u2013 ein echtes Aush\u00e4ngeschild f\u00fcr Schierstein.<\/p>\n<p data-start=\"1476\" data-end=\"1645\">So verbindet die TG Schierstein seit 1884 Sport, Gemeinschaft und Fastnachtsfreude \u2013 und sorgt daf\u00fcr, dass Frohsinn und Tradition jedes Jahr aufs Neue lebendig werden.<\/p>\n<hr \/>\n<h3>Die Fastnachtssitzungen<\/h3>\n<p align=\"justify\"><strong><img loading=\"lazy\" decoding=\"async\" class=\"aligncenter wp-image-2665 size-portfolio\" src=\"https:\/\/tg-schierstein.de\/wp-content\/uploads\/2022\/11\/T.G-Fastnacht-2019-2te-Sitz.-021-495x375.jpg\" alt=\"\" width=\"495\" height=\"375\" \/><\/strong><\/p>\n<p align=\"justify\">Seit 1884 veransteltet die Turngemeinde zwei Fastnachtssitzungen in der Georg-Lang-Halle. Auf diesen Sitzungen, und darauf kann man stolz sein, treten ausschlie\u00dflich Gruppen und Einzeldarbieter aus dem Verein auf.<\/p>\n<p>Jeder, der einen Einzelvortrag darbieten will, kann dies unserem Sitzungspr\u00e4sident oder dem Sitzungsskoordinator mitteilen. Nahezu alle \u00dcbungsgruppen (Gymnastik Montags- oder Dienstagsfrauen, Aerobic-Gruppe, Turner, Gesangsriege, etc.) bereiten ebenfalls einen Gruppenauftritt vor.<\/p>\n<p><strong><img loading=\"lazy\" decoding=\"async\" class=\"aligncenter wp-image-2664 size-portfolio\" src=\"https:\/\/tg-schierstein.de\/wp-content\/uploads\/2022\/11\/T.G-Fastnacht-2019-2te-Sitz.-132-495x376.jpg\" alt=\"\" width=\"495\" height=\"376\" \/><\/strong><\/p>\n<hr \/>\n<h3>Die Mitwirkendenfeier<\/h3>\n<p align=\"justify\"><strong><img loading=\"lazy\" decoding=\"async\" class=\"aligncenter wp-image-2663 size-portfolio\" src=\"https:\/\/tg-schierstein.de\/wp-content\/uploads\/2022\/11\/Mitwirkendenfeier-2018-DSC_5011-495x378.jpg\" alt=\"\" width=\"495\" height=\"378\" \/><\/strong><\/p>\n<p align=\"justify\">Da alle Auftritte an den Sitzungen ehrenamtlich, werden alle Beteiligten nach den Veranstaltungen vom Verein zu einer Mitwirkendenfeier eingeladen.<\/p>\n<hr \/>\n<h3>Jahresabschlussfeier<\/h3>\n<p align=\"justify\"><span style=\"color: #ff0000;\"><strong><img loading=\"lazy\" decoding=\"async\" class=\"aligncenter wp-image-2666 size-portfolio\" src=\"https:\/\/tg-schierstein.de\/wp-content\/uploads\/2022\/11\/Jahresabschlussfeier-2018-P1010927-495x400.jpg\" alt=\"\" width=\"495\" height=\"400\" \/><\/strong><\/span><\/p>\n<p align=\"justify\">Die Jahresabschlussfeier in der Georg-Lang-Halle ist eine Veranstaltung, an der Mitglieder f\u00fcr 10-, 25-, 40-, 50-, 60- und 70-j\u00e4hrige Mitgliedschaft geehrt werden (danach geht es in 5 Jahresschritten weiter). Au\u00dferdem werden an diesem Anlass Ehrungen von Mitgliedern\u00a0 f\u00fcr besondere Verdienste im Verein vorgenommen.<\/p>\n<p>Die Ehrungen werden in verschiedenen Bl\u00f6cken vorgenommen. Zwischen den Ehrungen treten \u00dcbungsgruppen des Vereins auf (Turner, Showballett\u00b4s, Gesangsriege, usw.).<\/p>\n<\/div><\/section><br \/>\n\n<style type=\"text\/css\" data-created_by=\"avia_inline_auto\" id=\"style-css-av-mfnu17ce-c15f7baffe85a8ade8349f8a01ba2472\">\n#top .hr.hr-invisible.av-mfnu17ce-c15f7baffe85a8ade8349f8a01ba2472{\nheight:25px;\n}\n<\/style>\n<div  class='hr av-mfnu17ce-c15f7baffe85a8ade8349f8a01ba2472 hr-invisible  avia-builder-el-7  el_after_av_textblock  avia-builder-el-last '><span class='hr-inner '><span class=\"hr-inner-style\"><\/span><\/span><\/div><\/p><\/div>\n<style type=\"text\/css\" data-created_by=\"avia_inline_auto\" id=\"style-css-av-bvan8-2013b98c5cdbadffc7065dde1e6f3d44\">\n.flex_column.av-bvan8-2013b98c5cdbadffc7065dde1e6f3d44{\nborder-radius:0px 0px 0px 0px;\npadding:0px 0px 0px 0px;\n}\n<\/style>\n<div  class='flex_column av-bvan8-2013b98c5cdbadffc7065dde1e6f3d44 av_one_third  avia-builder-el-8  el_after_av_two_third  avia-builder-el-last  flex_column_div av-zero-column-padding  '     ><p>\n<style type=\"text\/css\" data-created_by=\"avia_inline_auto\" id=\"style-css-av-pgiyal-640f38d9a04c17aa9bfaece3a35e6cbe\">\n#top .av-special-heading.av-pgiyal-640f38d9a04c17aa9bfaece3a35e6cbe{\npadding-bottom:10px;\n}\nbody .av-special-heading.av-pgiyal-640f38d9a04c17aa9bfaece3a35e6cbe .av-special-heading-tag .heading-char{\nfont-size:25px;\n}\n.av-special-heading.av-pgiyal-640f38d9a04c17aa9bfaece3a35e6cbe .av-subheading{\nfont-size:15px;\n}\n<\/style>\n<div  class='av-special-heading av-pgiyal-640f38d9a04c17aa9bfaece3a35e6cbe av-special-heading-h4  avia-builder-el-9  el_before_av_textblock  avia-builder-el-first '><h4 class='av-special-heading-tag '  itemprop=\"headline\"  >Kontakt<\/h4><div class=\"special-heading-border\"><div class=\"special-heading-inner-border\"><\/div><\/div><\/div><br \/>\n<section  class='av_textblock_section av-kok3ivv2-3b3509b405a2e144acef49f7371ca874 '   itemscope=\"itemscope\" itemtype=\"https:\/\/schema.org\/CreativeWork\" ><div class='avia_textblock'  itemprop=\"text\" ><p><img loading=\"lazy\" decoding=\"async\" class=\"alignnone wp-image-1212 size-thumbnail\" src=\"https:\/\/tg-schierstein.de\/wp-content\/uploads\/2021\/05\/TGS_Wappen_Strich-2_klein-80x80.png\" alt=\"\" width=\"80\" height=\"80\" srcset=\"https:\/\/tg-schierstein.de\/wp-content\/uploads\/2021\/05\/TGS_Wappen_Strich-2_klein-80x80.png 80w, https:\/\/tg-schierstein.de\/wp-content\/uploads\/2021\/05\/TGS_Wappen_Strich-2_klein-36x36.png 36w, https:\/\/tg-schierstein.de\/wp-content\/uploads\/2021\/05\/TGS_Wappen_Strich-2_klein-180x180.png 180w, https:\/\/tg-schierstein.de\/wp-content\/uploads\/2021\/05\/TGS_Wappen_Strich-2_klein.png 250w\" sizes=\"auto, (max-width: 80px) 100vw, 80px\" \/><\/p>\n<p><strong>G\u00fcnther Horcher<br \/>\n<\/strong>Abteilungsleiter<strong><br \/>\n<\/strong><\/p>\n<p><strong>Volker Dietz<\/strong><br \/>\nSitzungspr\u00e4sident Fastnacht<\/p>\n<p><strong>Patrick Fischer<\/strong><br \/>\nSitzungskoordinator Fastnacht<\/p>\n<p><strong>Marcus M\u00fchling<br \/>\n<\/strong>B\u00fchnenregie,<br \/>\nZugkoordinator<\/p>\n<\/div><\/section><br \/>\n\n<style type=\"text\/css\" data-created_by=\"avia_inline_auto\" id=\"style-css-av-kpdssarn-66d67a47376f6adcd7ada785e1cae3a3\">\n#top .av-special-heading.av-kpdssarn-66d67a47376f6adcd7ada785e1cae3a3{\npadding-bottom:10px;\n}\nbody .av-special-heading.av-kpdssarn-66d67a47376f6adcd7ada785e1cae3a3 .av-special-heading-tag .heading-char{\nfont-size:25px;\n}\n.av-special-heading.av-kpdssarn-66d67a47376f6adcd7ada785e1cae3a3 .av-subheading{\nfont-size:15px;\n}\n<\/style>\n<div  class='av-special-heading av-kpdssarn-66d67a47376f6adcd7ada785e1cae3a3 av-special-heading-h4  avia-builder-el-11  el_after_av_textblock  el_before_av_button '><h4 class='av-special-heading-tag '  itemprop=\"headline\"  >Termine<\/h4><div class=\"special-heading-border\"><div class=\"special-heading-inner-border\"><\/div><\/div><\/div><br \/>\n<div  class='avia-button-wrap av-lchq4q4n-b8950efbe99d444928e4c08171c34c86-wrap avia-button-center  avia-builder-el-12  el_after_av_heading  el_before_av_heading '>\n<style type=\"text\/css\" data-created_by=\"avia_inline_auto\" id=\"style-css-av-lchq4q4n-b8950efbe99d444928e4c08171c34c86\">\n#top #wrap_all .avia-button.av-lchq4q4n-b8950efbe99d444928e4c08171c34c86{\nbox-shadow: 5px 5px 0px 0px #cccccc;\ntransition:all 0.4s ease-in-out;\n}\n<\/style>\n<a href='https:\/\/tg-schierstein.de\/?post_type=tribe_events'  class='avia-button av-lchq4q4n-b8950efbe99d444928e4c08171c34c86 av-link-btn avia-icon_select-yes-left-icon avia-size-medium avia-position-center avia-color-theme-color'   aria-label=\" zum Kalender\"><span class='avia_button_icon avia_button_icon_left avia-iconfont avia-font-entypo-fontello' data-av_icon='\ue862' data-av_iconfont='entypo-fontello' ><\/span><span class='avia_iconbox_title' > zum Kalender<\/span><\/a><\/div><br \/>\n\n<style type=\"text\/css\" data-created_by=\"avia_inline_auto\" id=\"style-css-av-8gxf8h-a1cf4c38655a48b21e4789d2eba2ac27\">\n#top .av-special-heading.av-8gxf8h-a1cf4c38655a48b21e4789d2eba2ac27{\npadding-bottom:10px;\n}\nbody .av-special-heading.av-8gxf8h-a1cf4c38655a48b21e4789d2eba2ac27 .av-special-heading-tag .heading-char{\nfont-size:25px;\n}\n.av-special-heading.av-8gxf8h-a1cf4c38655a48b21e4789d2eba2ac27 .av-subheading{\nfont-size:15px;\n}\n<\/style>\n<div  class='av-special-heading av-8gxf8h-a1cf4c38655a48b21e4789d2eba2ac27 av-special-heading-h4  avia-builder-el-13  el_after_av_button  el_before_av_contact '><h4 class='av-special-heading-tag '  itemprop=\"headline\"  >Kontaktformular<\/h4><div class=\"special-heading-border\"><div class=\"special-heading-inner-border\"><\/div><\/div><\/div><br \/>\n<form action=\"https:\/\/tg-schierstein.de\/?page_id=12509\" method=\"post\" data-fields-with-error=\"Fehler wurden in folgenden Feld(ern) gefunden:\" class=\"avia_ajax_form av-form-labels-visible   avia-builder-el-14  el_after_av_heading  avia-builder-el-last   \" data-avia-form-id=\"1\" data-avia-redirect='' ><fieldset><p class='  first_form  form_element form_fullwidth' id='element_avia_1_1'><label for=\"avia_1_1\">Name <abbr class=\"required\" title=\"ben\u00f6tigt\">*<\/abbr><\/label> <input name=\"avia_1_1\" class=\"text_input is_empty\" type=\"text\" id=\"avia_1_1\" value=\"\" \/><\/p><p class='  first_form  form_element form_fullwidth' id='element_avia_2_1'><label for=\"avia_2_1\">E-Mail <abbr class=\"required\" title=\"ben\u00f6tigt\">*<\/abbr><\/label> <input name=\"avia_2_1\" class=\"text_input is_email\" type=\"text\" id=\"avia_2_1\" value=\"\" \/><\/p><p class='  first_form  form_element form_fullwidth' id='element_avia_3_1'><label for=\"avia_3_1\">Telefon<\/label> <input name=\"avia_3_1\" class=\"text_input \" type=\"text\" id=\"avia_3_1\" value=\"\" \/><\/p><p class='  first_form  form_element form_fullwidth' id='element_avia_4_1'><label for=\"avia_4_1\">Betreff <abbr class=\"required\" title=\"ben\u00f6tigt\">*<\/abbr><\/label> <input name=\"avia_4_1\" class=\"text_input is_empty\" type=\"text\" id=\"avia_4_1\" value=\"\" \/><\/p><p class='  first_form  form_element form_fullwidth' id='element_avia_5_1'><label for=\"avia_5_1\" class=\"textare_label hidden textare_label_avia_5_1\">Nachricht <abbr class=\"required\" title=\"ben\u00f6tigt\">*<\/abbr><\/label><textarea  name=\"avia_5_1\" class=\"text_area is_empty\" cols=\"40\" rows=\"7\" id=\"avia_5_1\" ><\/textarea><\/p><p class=\"hidden\"><input type=\"text\" name=\"avia_6_1\" class=\"hidden \" id=\"avia_6_1\" value=\"\" \/><\/p><p class='   form_element form_fullwidth' id='element_avia_7_1'><span class='value_verifier_label'>3 + 0 = ?<\/span><input name=\"avia_7_1_verifier\" type=\"hidden\" id=\"avia_7_1_verifier\" value=\"183214772\"\/><label for=\"avia_7_1\">Bitte l\u00f6se die Gleichung. Diese Ma\u00dfnahme dient der Abwehr von Spam <abbr class=\"required\" title=\"ben\u00f6tigt\">*<\/abbr><\/label><input name=\"avia_7_1\" class=\"text_input captcha\" type=\"text\" id=\"avia_7_1\" value=\"\"\/><\/p><p class=\"form_element \"><input type=\"hidden\" value=\"1\" name=\"avia_generated_form1\" \/><input type=\"submit\" value=\"Senden\" class=\"button\"  data-sending-label=\"Sende\"\/><\/p><\/fieldset><\/form><div id=\"ajaxresponse_1\" class=\"ajaxresponse ajaxresponse_1 hidden\"><\/div><\/p><\/div><\/p>\n","protected":false},"excerpt":{"rendered":"","protected":false},"author":1,"featured_media":0,"parent":2657,"menu_order":2,"comment_status":"closed","ping_status":"closed","template":"","meta":{"_acf_changed":false,"footnotes":""},"class_list":["post-12509","page","type-page","status-publish","hentry"],"acf":[],"publishpress_future_action":{"enabled":false,"date":"2026-04-13 12:58:10","action":"change-status","newStatus":"draft","terms":[],"taxonomy":"","extraData":[]},"publishpress_future_workflow_manual_trigger":{"enabledWorkflows":[]},"_links":{"self":[{"href":"https:\/\/tg-schierstein.de\/index.php?rest_route=\/wp\/v2\/pages\/12509","targetHints":{"allow":["GET"]}}],"collection":[{"href":"https:\/\/tg-schierstein.de\/index.php?rest_route=\/wp\/v2\/pages"}],"about":[{"href":"https:\/\/tg-schierstein.de\/index.php?rest_route=\/wp\/v2\/types\/page"}],"author":[{"embeddable":true,"href":"https:\/\/tg-schierstein.de\/index.php?rest_route=\/wp\/v2\/users\/1"}],"replies":[{"embeddable":true,"href":"https:\/\/tg-schierstein.de\/index.php?rest_route=%2Fwp%2Fv2%2Fcomments&post=12509"}],"version-history":[{"count":15,"href":"https:\/\/tg-schierstein.de\/index.php?rest_route=\/wp\/v2\/pages\/12509\/revisions"}],"predecessor-version":[{"id":12518,"href":"https:\/\/tg-schierstein.de\/index.php?rest_route=\/wp\/v2\/pages\/12509\/revisions\/12518"}],"up":[{"embeddable":true,"href":"https:\/\/tg-schierstein.de\/index.php?rest_route=\/wp\/v2\/pages\/2657"}],"wp:attachment":[{"href":"https:\/\/tg-schierstein.de\/index.php?rest_route=%2Fwp%2Fv2%2Fmedia&parent=12509"}],"curies":[{"name":"wp","href":"https:\/\/api.w.org\/{rel}","templated":true}]}}