{"id":12486,"date":"2025-09-17T07:53:00","date_gmt":"2025-09-17T05:53:00","guid":{"rendered":"https:\/\/tg-schierstein.de\/?page_id=12486"},"modified":"2025-09-17T08:45:16","modified_gmt":"2025-09-17T06:45:16","slug":"uhr-veranstaltungen","status":"publish","type":"page","link":"https:\/\/tg-schierstein.de\/?page_id=12486","title":{"rendered":"Die Unterhaltungsriege (UHR)"},"content":{"rendered":"\n<style type=\"text\/css\" data-created_by=\"avia_inline_auto\" id=\"style-css-av-ldrkw7-0b9b44cd63fddc7978cf361c560afe9f\">\n.flex_column.av-ldrkw7-0b9b44cd63fddc7978cf361c560afe9f{\nborder-radius:0px 0px 0px 0px;\npadding:0px 0px 0px 0px;\n}\n<\/style>\n<div  class='flex_column av-ldrkw7-0b9b44cd63fddc7978cf361c560afe9f av_three_fourth  avia-builder-el-0  el_before_av_one_fourth  avia-builder-el-first  first flex_column_div av-zero-column-padding  '     ><p>\n<style type=\"text\/css\" data-created_by=\"avia_inline_auto\" id=\"style-css-av-2kgno2-abc4cd97841a6b6be16cc27b6bf630e7\">\n#top .av-special-heading.av-2kgno2-abc4cd97841a6b6be16cc27b6bf630e7{\npadding-bottom:10px;\n}\nbody .av-special-heading.av-2kgno2-abc4cd97841a6b6be16cc27b6bf630e7 .av-special-heading-tag .heading-char{\nfont-size:25px;\n}\n.av-special-heading.av-2kgno2-abc4cd97841a6b6be16cc27b6bf630e7 .av-subheading{\nfont-size:15px;\n}\n<\/style>\n<div  class='av-special-heading av-2kgno2-abc4cd97841a6b6be16cc27b6bf630e7 av-special-heading-h4  avia-builder-el-1  el_before_av_button  avia-builder-el-first '><h4 class='av-special-heading-tag '  itemprop=\"headline\"  >Die Unterhaltungsriege (UHR)<\/h4><div class=\"special-heading-border\"><div class=\"special-heading-inner-border\"><\/div><\/div><\/div><br \/>\n<div  class='avia-button-wrap av-lchq4q4n-c1e682c76961fb8542dc748549ccf401-wrap avia-button-center  avia-builder-el-2  el_after_av_heading  el_before_av_hr '>\n<style type=\"text\/css\" data-created_by=\"avia_inline_auto\" id=\"style-css-av-lchq4q4n-c1e682c76961fb8542dc748549ccf401\">\n#top #wrap_all .avia-button.av-lchq4q4n-c1e682c76961fb8542dc748549ccf401{\nbox-shadow: 5px 5px 0px 0px #cccccc;\ntransition:all 0.4s ease-in-out;\n}\n<\/style>\n<a href='https:\/\/tg-schierstein.de\/?post_type=tribe_events'  class='avia-button av-lchq4q4n-c1e682c76961fb8542dc748549ccf401 av-link-btn avia-icon_select-yes-left-icon avia-size-large avia-position-center avia-color-theme-color'   aria-label=\"Termine\"><span class='avia_button_icon avia_button_icon_left avia-iconfont avia-font-entypo-fontello' data-av_icon='\ue862' data-av_iconfont='entypo-fontello' ><\/span><span class='avia_iconbox_title' >Termine<\/span><\/a><\/div><br \/>\n\n<style type=\"text\/css\" data-created_by=\"avia_inline_auto\" id=\"style-css-av-mfnm705d-4ccba9682ae587f16feaedd4e227ad9a\">\n#top .hr.hr-invisible.av-mfnm705d-4ccba9682ae587f16feaedd4e227ad9a{\nheight:25px;\n}\n<\/style>\n<div  class='hr av-mfnm705d-4ccba9682ae587f16feaedd4e227ad9a hr-invisible  avia-builder-el-3  el_after_av_button  el_before_av_textblock '><span class='hr-inner '><span class=\"hr-inner-style\"><\/span><\/span><\/div><br \/>\n<section  class='av_textblock_section av-l0xtryms-d1e03367f9ff5465808d13328a62af64 '   itemscope=\"itemscope\" itemtype=\"https:\/\/schema.org\/CreativeWork\" ><div class='avia_textblock'  itemprop=\"text\" ><p><em><strong>UHR<\/strong><\/em> (<strong>U<\/strong>nter<strong>H<\/strong>altungs<strong>R<\/strong>iege; Riege in Anlehnung an den Turner-Sprachgebrauch)<\/p>\n<p>Der Abteilungsleiter UHR ist zust\u00e4ndig f\u00fcr die (Mit-)Planung und Organisation aller Veranstaltungen der TG (Jahresabschlussfeier, Oktoberfest, Fastnacht, Mitwirkendenfeier etc.). Dabei liegt das Hauptaugenmerk auf den jeweils erforderlichen Umbauma\u00dfnahmen (incl. Bestuhlung) und entsprechenden Ausschm\u00fcckungen der Georg-Lang-Halle.<\/p>\n<p>Die Arbeiten werden von dem Aufbaukommando durchgef\u00fchrt, dass aus langj\u00e4hrigen und verdienten Mitgliedern der TG im Renten- bzw. Pensionsalter besteht (da der Auf- bzw. Abbau in der Regel tags\u00fcber durchgef\u00fchrt wird). Der Einsatz des Aufbaukommandos wird vom Abteilungsleiter UHR koordiniert. Er selbst ist auch Teil des Aufbaukommandos.<\/p>\n<p>Alle Veranstaltungen finden Sie unter dem Men\u00fcpunkt <strong><a href=\"https:\/\/tg-schierstein.de\/?post_type=tribe_events\">&#8222;Termine&#8220;<\/a><\/strong>.<\/p>\n<p>Hier stellen wir Ihnen die ein oder andere Veranstaltung einmal vor.<\/p>\n<hr \/>\n<h3>Jahresabschlussfeier<\/h3>\n<p align=\"justify\"><strong><img loading=\"lazy\" decoding=\"async\" class=\"aligncenter wp-image-2666 size-portfolio\" src=\"https:\/\/tg-schierstein.de\/wp-content\/uploads\/2022\/11\/Jahresabschlussfeier-2018-P1010927-495x400.jpg\" alt=\"\" width=\"495\" height=\"400\" \/><\/strong><\/p>\n<p align=\"justify\">Die Jahresabschlussfeier in der Georg-Lang-Halle ist eine Veranstaltung, an der Mitglieder f\u00fcr 10-, 25-, 40-, 50-, 60- und 70-j\u00e4hrige Mitgliedschaft geehrt werden (danach geht es in 5 Jahresschritten weiter). Au\u00dferdem werden an diesem Anlass Ehrungen von Mitgliedern\u00a0 f\u00fcr besondere Verdienste im Verein vorgenommen.<\/p>\n<p>Die Ehrungen werden in verschiedenen Bl\u00f6cken vorgenommen. Zwischen den Ehrungen treten \u00dcbungsgruppen des Vereins auf (Turner, Showballett\u00b4s, usw.).<\/p>\n<hr \/>\n<h3>Die Fastnachtssitzungen<\/h3>\n<p align=\"justify\"><strong><img loading=\"lazy\" decoding=\"async\" class=\"aligncenter wp-image-2665 size-portfolio\" src=\"https:\/\/tg-schierstein.de\/wp-content\/uploads\/2022\/11\/T.G-Fastnacht-2019-2te-Sitz.-021-495x375.jpg\" alt=\"\" width=\"495\" height=\"375\" \/><\/strong><\/p>\n<p align=\"justify\">Seit 1884 veransteltet die Turngemeinde zwei Fastnachtssitzungen in der Georg-Lang-Halle. Auf diesen Sitzungen, und darauf kann man stolz sein, treten ausschlie\u00dflich Gruppen und Einzeldarbieter aus dem Verein auf.<\/p>\n<p>Jeder, der einen Einzelvortrag darbieten will, kann dies unserem Sitzungspr\u00e4sident oder dem Sitzungsskoordinator mitteilen. Nahezu alle \u00dcbungsgruppen (Gymnastik Montags- oder Dienstagsfrauen, Aerobic-Gruppe, Turner, Gesangsriege, etc.) bereiten ebenfalls einen Gruppenauftritt vor.<\/p>\n<p><strong><img loading=\"lazy\" decoding=\"async\" class=\"aligncenter wp-image-2664 size-portfolio\" src=\"https:\/\/tg-schierstein.de\/wp-content\/uploads\/2022\/11\/T.G-Fastnacht-2019-2te-Sitz.-132-495x376.jpg\" alt=\"\" width=\"495\" height=\"376\" \/><\/strong><\/p>\n<hr \/>\n<h3>Die Mitwirkendenfeier<\/h3>\n<p align=\"justify\"><strong><img loading=\"lazy\" decoding=\"async\" class=\"aligncenter wp-image-2663 size-portfolio\" src=\"https:\/\/tg-schierstein.de\/wp-content\/uploads\/2022\/11\/Mitwirkendenfeier-2018-DSC_5011-495x378.jpg\" alt=\"\" width=\"495\" height=\"378\" \/><\/strong><\/p>\n<p align=\"justify\">Da alle Auftritte an den Sitzungen ehrenamtlich, werden alle Beteiligten nach den Veranstaltungen vom Verein zu einer Mitwirkendenfeier eingeladen.<\/p>\n<\/div><\/section><\/p><\/div>\n<style type=\"text\/css\" data-created_by=\"avia_inline_auto\" id=\"style-css-av-bvan8-2013b98c5cdbadffc7065dde1e6f3d44\">\n.flex_column.av-bvan8-2013b98c5cdbadffc7065dde1e6f3d44{\nborder-radius:0px 0px 0px 0px;\npadding:0px 0px 0px 0px;\n}\n<\/style>\n<div  class='flex_column av-bvan8-2013b98c5cdbadffc7065dde1e6f3d44 av_one_fourth  avia-builder-el-5  el_after_av_three_fourth  avia-builder-el-last  flex_column_div av-zero-column-padding  '     ><p>\n<style type=\"text\/css\" data-created_by=\"avia_inline_auto\" id=\"style-css-av-kpdssarn-55cae377db482e7e91bec9cfb2cc51fd\">\n#top .av-special-heading.av-kpdssarn-55cae377db482e7e91bec9cfb2cc51fd{\npadding-bottom:10px;\n}\nbody .av-special-heading.av-kpdssarn-55cae377db482e7e91bec9cfb2cc51fd .av-special-heading-tag .heading-char{\nfont-size:25px;\n}\n.av-special-heading.av-kpdssarn-55cae377db482e7e91bec9cfb2cc51fd .av-subheading{\nfont-size:15px;\n}\n<\/style>\n<div  class='av-special-heading av-kpdssarn-55cae377db482e7e91bec9cfb2cc51fd av-special-heading-h4  avia-builder-el-6  el_before_av_textblock  avia-builder-el-first '><h4 class='av-special-heading-tag '  itemprop=\"headline\"  >Kontakt<\/h4><div class=\"special-heading-border\"><div class=\"special-heading-inner-border\"><\/div><\/div><\/div><br \/>\n<section  class='av_textblock_section av-kok3ivv2-3b3509b405a2e144acef49f7371ca874 '   itemscope=\"itemscope\" itemtype=\"https:\/\/schema.org\/CreativeWork\" ><div class='avia_textblock'  itemprop=\"text\" ><p><img loading=\"lazy\" decoding=\"async\" class=\"alignnone wp-image-1212 size-thumbnail\" src=\"https:\/\/tg-schierstein.de\/wp-content\/uploads\/2021\/05\/TGS_Wappen_Strich-2_klein-80x80.png\" alt=\"\" width=\"80\" height=\"80\" srcset=\"https:\/\/tg-schierstein.de\/wp-content\/uploads\/2021\/05\/TGS_Wappen_Strich-2_klein-80x80.png 80w, https:\/\/tg-schierstein.de\/wp-content\/uploads\/2021\/05\/TGS_Wappen_Strich-2_klein-36x36.png 36w, https:\/\/tg-schierstein.de\/wp-content\/uploads\/2021\/05\/TGS_Wappen_Strich-2_klein-180x180.png 180w, https:\/\/tg-schierstein.de\/wp-content\/uploads\/2021\/05\/TGS_Wappen_Strich-2_klein.png 250w\" sizes=\"auto, (max-width: 80px) 100vw, 80px\" \/><\/p>\n<p><strong>G\u00fcnther Horcher<br \/>\n<\/strong>Abteilungsleiter<\/p>\n<\/div><\/section><br \/>\n\n<style type=\"text\/css\" data-created_by=\"avia_inline_auto\" id=\"style-css-av-8gxf8h-a1cf4c38655a48b21e4789d2eba2ac27\">\n#top .av-special-heading.av-8gxf8h-a1cf4c38655a48b21e4789d2eba2ac27{\npadding-bottom:10px;\n}\nbody .av-special-heading.av-8gxf8h-a1cf4c38655a48b21e4789d2eba2ac27 .av-special-heading-tag .heading-char{\nfont-size:25px;\n}\n.av-special-heading.av-8gxf8h-a1cf4c38655a48b21e4789d2eba2ac27 .av-subheading{\nfont-size:15px;\n}\n<\/style>\n<div  class='av-special-heading av-8gxf8h-a1cf4c38655a48b21e4789d2eba2ac27 av-special-heading-h4  avia-builder-el-8  el_after_av_textblock  el_before_av_contact '><h4 class='av-special-heading-tag '  itemprop=\"headline\"  >Kontaktformular<\/h4><div class=\"special-heading-border\"><div class=\"special-heading-inner-border\"><\/div><\/div><\/div><br \/>\n<form action=\"https:\/\/tg-schierstein.de\/?page_id=12486\" method=\"post\" data-fields-with-error=\"Fehler wurden in folgenden Feld(ern) gefunden:\" class=\"avia_ajax_form av-form-labels-visible   avia-builder-el-9  el_after_av_heading  avia-builder-el-last   \" data-avia-form-id=\"1\" data-avia-redirect='' ><fieldset><p class='  first_form  form_element form_fullwidth' id='element_avia_1_1'><label for=\"avia_1_1\">Name <abbr class=\"required\" title=\"ben\u00f6tigt\">*<\/abbr><\/label> <input name=\"avia_1_1\" class=\"text_input is_empty\" type=\"text\" id=\"avia_1_1\" value=\"\" \/><\/p><p class='  first_form  form_element form_fullwidth' id='element_avia_2_1'><label for=\"avia_2_1\">E-Mail <abbr class=\"required\" title=\"ben\u00f6tigt\">*<\/abbr><\/label> <input name=\"avia_2_1\" class=\"text_input is_email\" type=\"text\" id=\"avia_2_1\" value=\"\" \/><\/p><p class='  first_form  form_element form_fullwidth' id='element_avia_3_1'><label for=\"avia_3_1\">Telefon<\/label> <input name=\"avia_3_1\" class=\"text_input \" type=\"text\" id=\"avia_3_1\" value=\"\" \/><\/p><p class='  first_form  form_element form_fullwidth' id='element_avia_4_1'><label for=\"avia_4_1\">Betreff <abbr class=\"required\" title=\"ben\u00f6tigt\">*<\/abbr><\/label> <input name=\"avia_4_1\" class=\"text_input is_empty\" type=\"text\" id=\"avia_4_1\" value=\"\" \/><\/p><p class='  first_form  form_element form_fullwidth' id='element_avia_5_1'><label for=\"avia_5_1\" class=\"textare_label hidden textare_label_avia_5_1\">Nachricht <abbr class=\"required\" title=\"ben\u00f6tigt\">*<\/abbr><\/label><textarea  name=\"avia_5_1\" class=\"text_area is_empty\" cols=\"40\" rows=\"7\" id=\"avia_5_1\" ><\/textarea><\/p><p class=\"hidden\"><input type=\"text\" name=\"avia_6_1\" class=\"hidden \" id=\"avia_6_1\" value=\"\" \/><\/p><p class='   form_element form_fullwidth' id='element_avia_7_1'><span class='value_verifier_label'>7 + 0 = ?<\/span><input name=\"avia_7_1_verifier\" type=\"hidden\" id=\"avia_7_1_verifier\" value=\"337413742\"\/><label for=\"avia_7_1\">Bitte l\u00f6se die Gleichung. Diese Ma\u00dfnahme dient der Abwehr von Spam <abbr class=\"required\" title=\"ben\u00f6tigt\">*<\/abbr><\/label><input name=\"avia_7_1\" class=\"text_input captcha\" type=\"text\" id=\"avia_7_1\" value=\"\"\/><\/p><p class=\"form_element \"><input type=\"hidden\" value=\"1\" name=\"avia_generated_form1\" \/><input type=\"submit\" value=\"Senden\" class=\"button\"  data-sending-label=\"Sende\"\/><\/p><\/fieldset><\/form><div id=\"ajaxresponse_1\" class=\"ajaxresponse ajaxresponse_1 hidden\"><\/div><\/p><\/div><\/p>\n","protected":false},"excerpt":{"rendered":"","protected":false},"author":1,"featured_media":0,"parent":2657,"menu_order":1,"comment_status":"closed","ping_status":"closed","template":"","meta":{"_acf_changed":false,"footnotes":""},"class_list":["post-12486","page","type-page","status-publish","hentry"],"acf":[],"publishpress_future_action":{"enabled":false,"date":"2026-04-24 01:31:59","action":"change-status","newStatus":"draft","terms":[],"taxonomy":"","extraData":[]},"publishpress_future_workflow_manual_trigger":{"enabledWorkflows":[]},"_links":{"self":[{"href":"https:\/\/tg-schierstein.de\/index.php?rest_route=\/wp\/v2\/pages\/12486","targetHints":{"allow":["GET"]}}],"collection":[{"href":"https:\/\/tg-schierstein.de\/index.php?rest_route=\/wp\/v2\/pages"}],"about":[{"href":"https:\/\/tg-schierstein.de\/index.php?rest_route=\/wp\/v2\/types\/page"}],"author":[{"embeddable":true,"href":"https:\/\/tg-schierstein.de\/index.php?rest_route=\/wp\/v2\/users\/1"}],"replies":[{"embeddable":true,"href":"https:\/\/tg-schierstein.de\/index.php?rest_route=%2Fwp%2Fv2%2Fcomments&post=12486"}],"version-history":[{"count":3,"href":"https:\/\/tg-schierstein.de\/index.php?rest_route=\/wp\/v2\/pages\/12486\/revisions"}],"predecessor-version":[{"id":12508,"href":"https:\/\/tg-schierstein.de\/index.php?rest_route=\/wp\/v2\/pages\/12486\/revisions\/12508"}],"up":[{"embeddable":true,"href":"https:\/\/tg-schierstein.de\/index.php?rest_route=\/wp\/v2\/pages\/2657"}],"wp:attachment":[{"href":"https:\/\/tg-schierstein.de\/index.php?rest_route=%2Fwp%2Fv2%2Fmedia&parent=12486"}],"curies":[{"name":"wp","href":"https:\/\/api.w.org\/{rel}","templated":true}]}}