{"id":1191,"date":"2021-05-26T11:29:53","date_gmt":"2021-05-26T09:29:53","guid":{"rendered":"https:\/\/test.tg-schierstein.de\/?page_id=1191"},"modified":"2025-09-15T08:02:31","modified_gmt":"2025-09-15T06:02:31","slug":"freiwilligendienst-fsj-sport","status":"publish","type":"page","link":"https:\/\/tg-schierstein.de\/?page_id=1191","title":{"rendered":"Freiwilliges Soziales Jahr (FSJ-Sport)"},"content":{"rendered":"\n<style type=\"text\/css\" data-created_by=\"avia_inline_auto\" id=\"style-css-av-kp7xvnwg-4527d36ebf5bccf08622b4b66d2e9efb\">\n#top .av-special-heading.av-kp7xvnwg-4527d36ebf5bccf08622b4b66d2e9efb{\npadding-bottom:10px;\n}\nbody .av-special-heading.av-kp7xvnwg-4527d36ebf5bccf08622b4b66d2e9efb .av-special-heading-tag .heading-char{\nfont-size:25px;\n}\n.av-special-heading.av-kp7xvnwg-4527d36ebf5bccf08622b4b66d2e9efb .av-subheading{\nfont-size:15px;\n}\n<\/style>\n<div  class='av-special-heading av-kp7xvnwg-4527d36ebf5bccf08622b4b66d2e9efb av-special-heading-h4  avia-builder-el-0  el_before_av_textblock  avia-builder-el-first '><h4 class='av-special-heading-tag '  itemprop=\"headline\"  >Freiwilliges Soziales Jahr (FSJ-Sport)<\/h4><div class=\"special-heading-border\"><div class=\"special-heading-inner-border\"><\/div><\/div><\/div>\n<section  class='av_textblock_section av-kp5a34c5-fd44125e6d99be97a18523d21657ccb0 '   itemscope=\"itemscope\" itemtype=\"https:\/\/schema.org\/CreativeWork\" ><div class='avia_textblock'  itemprop=\"text\" ><div id=\"c9677\" class=\"csc-default\">\n<div class=\"content-container\">\n<p>Die TG Schierstein engagiert sich in vielen Projekten: von der Besch\u00e4ftigung von Jugendlichen im Freiwilligen sozialen Jahr (FSJ), \u00fcber Schulprojekte bis hin zu Wettk\u00e4mpfen.<\/p>\n<\/div>\n<\/div>\n<div id=\"c11161\" class=\"csc-default\">\n<div class=\"csc-textpic-text\">\n<div class=\"content-container\">\n<p class=\"bodytext\">Wir bieten seit einiger Zeit Schulabg\u00e4ngern die M\u00f6glichkeit, ein freiwilliges soziales Jahr im Sport in verschiedenen Abteilungen abzuleisten. Der\/Die Freiwillige findet in einem solch gro\u00dfen Verein ein spannendes und abwechslungsreiches Bet\u00e4tigungsfeld vor. So werden sie zum Beispiel als \u00dcbungsleiter vorwiegend im Kinder- und Jugendbereich eingesetzt und sind neben der Arbeit in der Sporthalle mit vielen organisatorischen Aufgaben betraut. Sie erhalten so einen intensiven Einblick in die Vereinsarbeit, lernen Verantwortung zu \u00fcbernehmen und k\u00f6nnen sich durch die Arbeit mit ganz unterschiedlichen Personengruppen auch charakterlich weiterentwickeln.<\/p>\n<\/div>\n<\/div>\n<\/div>\n<\/div><\/section>\n\n<style type=\"text\/css\" data-created_by=\"avia_inline_auto\" id=\"style-css-av-5i8ihz-ba9ba94f3c91951fd08d906a2fd231a3\">\n.flex_column.av-5i8ihz-ba9ba94f3c91951fd08d906a2fd231a3{\nborder-radius:0px 0px 0px 0px;\npadding:0px 0px 0px 0px;\n}\n<\/style>\n<div  class='flex_column av-5i8ihz-ba9ba94f3c91951fd08d906a2fd231a3 av_one_third  avia-builder-el-2  el_after_av_textblock  el_before_av_one_third  first flex_column_div av-zero-column-padding  column-top-margin'     ><p>\n<style type=\"text\/css\" data-created_by=\"avia_inline_auto\" id=\"style-css-av-kp59qds5-8dad44e0378d988ac1cfc0c69bfaedcb\">\n#top .av-special-heading.av-kp59qds5-8dad44e0378d988ac1cfc0c69bfaedcb{\npadding-bottom:10px;\n}\nbody .av-special-heading.av-kp59qds5-8dad44e0378d988ac1cfc0c69bfaedcb .av-special-heading-tag .heading-char{\nfont-size:25px;\n}\n.av-special-heading.av-kp59qds5-8dad44e0378d988ac1cfc0c69bfaedcb .av-subheading{\nfont-size:15px;\n}\n<\/style>\n<div  class='av-special-heading av-kp59qds5-8dad44e0378d988ac1cfc0c69bfaedcb av-special-heading-h4  avia-builder-el-3  el_before_av_textblock  avia-builder-el-first '><h4 class='av-special-heading-tag '  itemprop=\"headline\"  >Aktueller FSJ\u00b4ler<\/h4><div class=\"special-heading-border\"><div class=\"special-heading-inner-border\"><\/div><\/div><\/div><br \/>\n<section  class='av_textblock_section av-kp59pesb-da9511d57394637792b5af26ab79f75e '   itemscope=\"itemscope\" itemtype=\"https:\/\/schema.org\/CreativeWork\" ><div class='avia_textblock'  itemprop=\"text\" ><p style=\"text-align: center;\" data-wp-editing=\"1\"><img loading=\"lazy\" decoding=\"async\" class=\"wp-image-12389 size-medium aligncenter\" src=\"https:\/\/tg-schierstein.de\/wp-content\/uploads\/2025\/09\/Pappas-Lysander-211x300.jpeg\" alt=\"\" width=\"211\" height=\"300\" srcset=\"https:\/\/tg-schierstein.de\/wp-content\/uploads\/2025\/09\/Pappas-Lysander-211x300.jpeg 211w, https:\/\/tg-schierstein.de\/wp-content\/uploads\/2025\/09\/Pappas-Lysander-721x1024.jpeg 721w, https:\/\/tg-schierstein.de\/wp-content\/uploads\/2025\/09\/Pappas-Lysander-768x1090.jpeg 768w, https:\/\/tg-schierstein.de\/wp-content\/uploads\/2025\/09\/Pappas-Lysander-1082x1536.jpeg 1082w, https:\/\/tg-schierstein.de\/wp-content\/uploads\/2025\/09\/Pappas-Lysander-1443x2048.jpeg 1443w, https:\/\/tg-schierstein.de\/wp-content\/uploads\/2025\/09\/Pappas-Lysander-1057x1500.jpeg 1057w, https:\/\/tg-schierstein.de\/wp-content\/uploads\/2025\/09\/Pappas-Lysander-497x705.jpeg 497w, https:\/\/tg-schierstein.de\/wp-content\/uploads\/2025\/09\/Pappas-Lysander.jpeg 1454w\" sizes=\"auto, (max-width: 211px) 100vw, 211px\" \/><\/p>\n<p>Hallo,<\/p>\n<p>mein Name ist Lysander Pappas, ich bin 17 Jahre alt, wohne in Schierstein und freue mich<br \/>\nsehr, dieses Jahr mein FSJ bei der Turngemeinde Schierstein machen zu d\u00fcrfen.<\/p>\n<p>Dieses Jahr habe ich meinen Realschulabschluss erlangt. F\u00fcr mich ist das FSJ eine Chance, mich selbst weiterzuentwickeln und zu lernen, was es hei\u00dft, Verantwortung zu \u00fcbernehmen.<\/p>\n<p>Sport begleitet mich schon mein ganzes Leben. Angefangen beim Eltern-Kind-Turnen, dann Tennis, Leichtathletik und Kinderturnen \u2013 bis ich schlie\u00dflich beim Handball gelandet bin. Hier habe ich meine Leidenschaft als Torwart gefunden. Ich spiele seit der E-Jugend bei der TG und befinde mich momentan im 2. Jahr der A-Jugend.<\/p>\n<p>Zu meinen Aufgaben geh\u00f6rt es, Jugendmannschaften der HSG zu trainieren und Kinder aus Kindertagesst\u00e4tten fr\u00fchzeitig f\u00fcr den Sport zu begeistern. Dar\u00fcber hinaus werde ich in der Talentf\u00f6rderung sowie im Bereich Turnen eingesetzt. W\u00e4hrend meines FSJ m\u00f6chte ich mein Wissen und meine Erfahrungen an die Kinder weitergeben, ihnen Freude am Sport vermitteln und den Verein in verschiedenen Bereichen unterst\u00fctzen. Ich freue mich sehr auf das kommende Jahr, auf viele Erfahrungen und wertvolle Einblicke.<\/p>\n<p>Mein Ziel: Ein Jahr voller Wachstum, Verantwortung und neuer Erfahrungen. Ich m\u00f6chte lernen, selbstst\u00e4ndig zu handeln, Herausforderungen anzunehmen und am Ende stolz auf das Erreichte zur\u00fcckzublicken \u2013 und gleichzeitig Begeisterung f\u00fcr den Sport, Teamgeist und Motivation<br \/>\nweitergeben.<\/p>\n<p>Sportliche Gr\u00fc\u00dfe<br \/>\nLysander Pappas<\/p>\n<\/div><\/section><\/p><\/div>\n\n<style type=\"text\/css\" data-created_by=\"avia_inline_auto\" id=\"style-css-av-gmnuf-8d739230a75e1d09ef20b78e01ceaeb8\">\n.flex_column.av-gmnuf-8d739230a75e1d09ef20b78e01ceaeb8{\nborder-radius:0px 0px 0px 0px;\npadding:0px 0px 0px 0px;\n}\n<\/style>\n<div  class='flex_column av-gmnuf-8d739230a75e1d09ef20b78e01ceaeb8 av_one_third  avia-builder-el-5  el_after_av_one_third  el_before_av_one_third  flex_column_div av-zero-column-padding  column-top-margin'     ><style type=\"text\/css\" data-created_by=\"avia_inline_auto\" id=\"style-css-av-kp5a9b1y-971fb2f87609f95236546e81b9795eaa\">\n.av_promobox.av-kp5a9b1y-971fb2f87609f95236546e81b9795eaa{\ncolor:#494949;\nbackground:#edae44;\nborder-color:#333333;\n}\n<\/style>\n<div  class='av_promobox av-kp5a9b1y-971fb2f87609f95236546e81b9795eaa avia-button-no  avia-builder-el-6  el_before_av_image  avia-builder-el-first '><div class='avia-promocontent'><p style=\"text-align: center;\"><strong>Ab dem 01.08.2026 oder 01.09.2026 wird wieder ein neuer FSJ\u00b4ler (m\/w\/d) gesucht.<\/strong><\/p>\n<p>\n<\/div><\/div><br \/>\n\n<style type=\"text\/css\" data-created_by=\"avia_inline_auto\" id=\"style-css-av-kp5932ep-052478f6c1f1cc3a2045d2b316889075\">\n.avia-image-container.av-kp5932ep-052478f6c1f1cc3a2045d2b316889075 img.avia_image{\nbox-shadow:none;\n}\n.avia-image-container.av-kp5932ep-052478f6c1f1cc3a2045d2b316889075 .av-image-caption-overlay-center{\ncolor:#ffffff;\n}\n<\/style>\n<div  class='avia-image-container av-kp5932ep-052478f6c1f1cc3a2045d2b316889075 av-styling- avia-align-center  avia-builder-el-7  el_after_av_promobox  avia-builder-el-last  av-has-copyright av-copyright-icon-reveal'   itemprop=\"image\" itemscope=\"itemscope\" itemtype=\"https:\/\/schema.org\/ImageObject\" ><div class=\"avia-image-container-inner\"><div class=\"avia-image-overlay-wrap\"><img decoding=\"async\" fetchpriority=\"high\" class='wp-image-1189 avia-img-lazy-loading-not-1189 avia_image ' src=\"https:\/\/tg-schierstein.de\/wp-content\/uploads\/2021\/05\/FSJ-Banner-senkrecht.jpg\" alt='' title='FSJ-Banner-senkrecht'  height=\"650\" width=\"200\"  itemprop=\"thumbnailUrl\" srcset=\"https:\/\/tg-schierstein.de\/wp-content\/uploads\/2021\/05\/FSJ-Banner-senkrecht.jpg 200w, https:\/\/tg-schierstein.de\/wp-content\/uploads\/2021\/05\/FSJ-Banner-senkrecht-92x300.jpg 92w\" sizes=\"(max-width: 200px) 100vw, 200px\" \/><\/div><small class=\"avia-copyright\">@Sportjugend Hessen<span class='avia-svg-icon avia-font-svg_entypo-fontello' data-av_svg_icon='info' data-av_iconset='svg_entypo-fontello'><svg version=\"1.1\" xmlns=\"http:\/\/www.w3.org\/2000\/svg\" width=\"15\" height=\"32\" viewBox=\"0 0 15 32\" preserveAspectRatio=\"xMidYMid meet\" aria-labelledby='av-svg-title-1' aria-describedby='av-svg-desc-1' role=\"graphics-symbol\">\n<title id='av-svg-title-1'>Info<\/title>\n<desc id='av-svg-desc-1'>Info<\/desc>\n<path d=\"M11.264 0q1.536 0 2.368 0.864t0.832 2.208q0 1.6-1.248 2.816t-3.040 1.216q-1.536 0-2.368-0.832t-0.768-2.304q0-1.472 1.12-2.72t3.104-1.248zM4.672 32q-3.2 0-1.728-5.696l1.92-8.128q0.448-1.792 0-1.792-0.384 0-1.728 0.576t-2.304 1.216l-0.832-1.408q2.88-2.496 6.048-4.032t4.832-1.536q2.496 0 1.152 5.184l-2.24 8.512q-0.512 2.048 0.192 2.048 1.408 0 3.776-1.92l0.96 1.28q-2.688 2.752-5.6 4.224t-4.448 1.472z\"><\/path>\n<\/svg><\/span><\/small><\/div><\/div><\/p><\/div>\n<style type=\"text\/css\" data-created_by=\"avia_inline_auto\" id=\"style-css-av-27gr13-bed65b84d0232c1196d439952f4386db\">\n.flex_column.av-27gr13-bed65b84d0232c1196d439952f4386db{\nborder-radius:0px 0px 0px 0px;\npadding:0px 0px 0px 0px;\n}\n<\/style>\n<div  class='flex_column av-27gr13-bed65b84d0232c1196d439952f4386db av_one_third  avia-builder-el-8  el_after_av_one_third  avia-builder-el-last  flex_column_div av-zero-column-padding  column-top-margin'     ><p>\n<style type=\"text\/css\" data-created_by=\"avia_inline_auto\" id=\"style-css-av-kp59bk35-1e4f72eaf1044250adc1c8e8688c7da0\">\n#top .av-special-heading.av-kp59bk35-1e4f72eaf1044250adc1c8e8688c7da0{\npadding-bottom:10px;\n}\nbody .av-special-heading.av-kp59bk35-1e4f72eaf1044250adc1c8e8688c7da0 .av-special-heading-tag .heading-char{\nfont-size:25px;\n}\n.av-special-heading.av-kp59bk35-1e4f72eaf1044250adc1c8e8688c7da0 .av-subheading{\nfont-size:15px;\n}\n<\/style>\n<div  class='av-special-heading av-kp59bk35-1e4f72eaf1044250adc1c8e8688c7da0 av-special-heading-h4  avia-builder-el-9  el_before_av_textblock  avia-builder-el-first '><h4 class='av-special-heading-tag '  itemprop=\"headline\"  >P\u00e4dagogischer Betreuer (FSJ)<\/h4><div class=\"special-heading-border\"><div class=\"special-heading-inner-border\"><\/div><\/div><\/div><br \/>\n<section  class='av_textblock_section av-kp59uuuw-03641175096dbe7e054e32de050a3f6a '   itemscope=\"itemscope\" itemtype=\"https:\/\/schema.org\/CreativeWork\" ><div class='avia_textblock'  itemprop=\"text\" ><p style=\"text-align: center;\"><img loading=\"lazy\" decoding=\"async\" class=\"alignnone wp-image-6884 size-medium\" src=\"https:\/\/tg-schierstein.de\/wp-content\/uploads\/2023\/09\/Haeuser-Sebastian-300x296.png\" alt=\"\" width=\"300\" height=\"296\" srcset=\"https:\/\/tg-schierstein.de\/wp-content\/uploads\/2023\/09\/Haeuser-Sebastian-300x296.png 300w, https:\/\/tg-schierstein.de\/wp-content\/uploads\/2023\/09\/Haeuser-Sebastian-80x80.png 80w, https:\/\/tg-schierstein.de\/wp-content\/uploads\/2023\/09\/Haeuser-Sebastian-36x36.png 36w, https:\/\/tg-schierstein.de\/wp-content\/uploads\/2023\/09\/Haeuser-Sebastian.png 618w\" sizes=\"auto, (max-width: 300px) 100vw, 300px\" \/><\/p>\n<p>Damit unser neuer FSJ\u00b4ler nicht einfach ins kalte Wasser geworfen wird, sondern langsam und betreut an seine Aufgaben herangef\u00fchrt wird, stehe ich ihm als p\u00e4dagogische Betreuungsperson zur Seite. Ich werde ihm bei seinen Aufgaben helfen, mich eng mit ihm austauschen und seine Arbeit mit ihm gemeinsam reflektieren und organisieren.<\/p>\n<p>Des Weiteren bin ich auch f\u00fcr alle der Hauptansprechpartner, wenn es um unseren FSJ\u00b4ler im Verein geht.<\/p>\n<p>Mit sportlichen Gr\u00fc\u00dfen<br \/>\nSebastian H\u00e4user<\/p>\n<p><span style=\"text-decoration: underline;\">Mobil:<\/span> <a href=\"tel:01702808857\" target=\"_blank\" rel=\"noopener\">(<span class=\"PbnGhe oJeWuf fb0g6 eejsDc\"><span dir=\"ltr\" data-tooltip=\"Nummer w\u00e4hlen (+491702808857)\">0170) 280 88 57<\/span><\/span><\/a><\/p>\n<\/div><\/section><br \/>\n<div  class='hr av-2v1il3-5ad5a4dbda7eb072ba0acfb80fbecb4c hr-default  avia-builder-el-11  el_after_av_textblock  el_before_av_contact '><span class='hr-inner '><span class=\"hr-inner-style\"><\/span><\/span><\/div><br \/>\n<form action=\"https:\/\/tg-schierstein.de\/?page_id=1191\" method=\"post\" data-fields-with-error=\"Fehler wurden in folgenden Feld(ern) gefunden:\" class=\"avia_ajax_form av-form-labels-visible   avia-builder-el-12  el_after_av_hr  avia-builder-el-last   \" data-avia-form-id=\"1\" data-avia-redirect='' ><h3 class=''>Kontaktformular<\/h3><fieldset><p class='  first_form  form_element form_fullwidth' id='element_avia_1_1'><label for=\"avia_1_1\">Name <abbr class=\"required\" title=\"ben\u00f6tigt\">*<\/abbr><\/label> <input name=\"avia_1_1\" class=\"text_input is_empty\" type=\"text\" id=\"avia_1_1\" value=\"\" \/><\/p><p class='  first_form  form_element form_element_half' id='element_avia_2_1'><label for=\"avia_2_1\">E-Mail <abbr class=\"required\" title=\"ben\u00f6tigt\">*<\/abbr><\/label> <input name=\"avia_2_1\" class=\"text_input is_empty\" type=\"text\" id=\"avia_2_1\" value=\"\" \/><\/p><p class='  form_element form_element_half' id='element_avia_3_1'><label for=\"avia_3_1\">Telefon<\/label> <input name=\"avia_3_1\" class=\"text_input \" type=\"text\" id=\"avia_3_1\" value=\"\" \/><\/p><p class='  first_form  form_element form_fullwidth' id='element_avia_4_1'><label for=\"avia_4_1\">Betreff <abbr class=\"required\" title=\"ben\u00f6tigt\">*<\/abbr><\/label> <input name=\"avia_4_1\" class=\"text_input is_empty\" type=\"text\" id=\"avia_4_1\" value=\"\" \/><\/p><p class='  first_form  form_element form_fullwidth' id='element_avia_5_1'><label for=\"avia_5_1\" class=\"textare_label hidden textare_label_avia_5_1\">Nachricht <abbr class=\"required\" title=\"ben\u00f6tigt\">*<\/abbr><\/label><textarea  name=\"avia_5_1\" class=\"text_area is_empty\" cols=\"40\" rows=\"7\" id=\"avia_5_1\" ><\/textarea><\/p><p class=\"hidden\"><input type=\"text\" name=\"avia_6_1\" class=\"hidden \" id=\"avia_6_1\" value=\"\" \/><\/p><p class='   form_element form_fullwidth' id='element_avia_7_1'><span class='value_verifier_label'>3 + 0 = ?<\/span><input name=\"avia_7_1_verifier\" type=\"hidden\" id=\"avia_7_1_verifier\" value=\"548415376\"\/><label for=\"avia_7_1\">Bitte l\u00f6se die Gleichung. Diese Ma\u00dfnahme dient der Abwehr von Spam <abbr class=\"required\" title=\"ben\u00f6tigt\">*<\/abbr><\/label><input name=\"avia_7_1\" class=\"text_input captcha\" type=\"text\" id=\"avia_7_1\" value=\"\"\/><\/p><p class=\"form_element \"><input type=\"hidden\" value=\"1\" name=\"avia_generated_form1\" \/><input type=\"submit\" value=\"Senden\" class=\"button\"  data-sending-label=\"Sende\"\/><\/p><\/fieldset><\/form><div id=\"ajaxresponse_1\" class=\"ajaxresponse ajaxresponse_1 hidden\"><\/div><\/p><\/div><\/p>\n","protected":false},"excerpt":{"rendered":"","protected":false},"author":1,"featured_media":0,"parent":1595,"menu_order":4,"comment_status":"closed","ping_status":"closed","template":"","meta":{"_acf_changed":false,"footnotes":""},"class_list":["post-1191","page","type-page","status-publish","hentry"],"acf":[],"publishpress_future_action":{"enabled":false,"date":"2026-05-10 21:04:52","action":"change-status","newStatus":"draft","terms":[],"taxonomy":"","extraData":[]},"publishpress_future_workflow_manual_trigger":{"enabledWorkflows":[]},"_links":{"self":[{"href":"https:\/\/tg-schierstein.de\/index.php?rest_route=\/wp\/v2\/pages\/1191","targetHints":{"allow":["GET"]}}],"collection":[{"href":"https:\/\/tg-schierstein.de\/index.php?rest_route=\/wp\/v2\/pages"}],"about":[{"href":"https:\/\/tg-schierstein.de\/index.php?rest_route=\/wp\/v2\/types\/page"}],"author":[{"embeddable":true,"href":"https:\/\/tg-schierstein.de\/index.php?rest_route=\/wp\/v2\/users\/1"}],"replies":[{"embeddable":true,"href":"https:\/\/tg-schierstein.de\/index.php?rest_route=%2Fwp%2Fv2%2Fcomments&post=1191"}],"version-history":[{"count":6,"href":"https:\/\/tg-schierstein.de\/index.php?rest_route=\/wp\/v2\/pages\/1191\/revisions"}],"predecessor-version":[{"id":12392,"href":"https:\/\/tg-schierstein.de\/index.php?rest_route=\/wp\/v2\/pages\/1191\/revisions\/12392"}],"up":[{"embeddable":true,"href":"https:\/\/tg-schierstein.de\/index.php?rest_route=\/wp\/v2\/pages\/1595"}],"wp:attachment":[{"href":"https:\/\/tg-schierstein.de\/index.php?rest_route=%2Fwp%2Fv2%2Fmedia&parent=1191"}],"curies":[{"name":"wp","href":"https:\/\/api.w.org\/{rel}","templated":true}]}}